{"id":1198,"date":"2019-12-14T20:47:43","date_gmt":"2019-12-14T19:47:43","guid":{"rendered":"http:\/\/amelix.de\/?page_id=1198"},"modified":"2019-12-14T21:01:11","modified_gmt":"2019-12-14T20:01:11","slug":"fahrradtour-niederrhein-rundtouren-rheinauen","status":"publish","type":"page","link":"http:\/\/amelix.de\/?page_id=1198","title":{"rendered":"Fahrrad-Rundtouren am Niederrhein"},"content":{"rendered":"<p>&nbsp;<\/p>\n<p><span style=\"color: #ff0000;\">Startort : M\u00fcnster \u00a0 \u00a0 \u00a0Zielort : Wesel \u00a0 \u00a0bis dorthin ca. 90 km gut befahrbare Landstrasse, die aber recht verkehrsreich \u00a0war.<\/span><\/p>\n<p>Am 2. 8.2019 luden wir die R\u00e4der auf den Fahrradtr\u00e4ger unseres Autos und starteten ab M\u00fcnster in Richtung Wesel.Nach ca. 90 Auto-Kilometern erreichten wir unser Hotel in Wesel. Wir konnten schon unsere R\u00e4der abladen und unsere Koffer im Hotel deponieren. Die Zimmer waren allerdings noch nicht einzugsbereit. Deswegen erkundeten wir dann erst einmal die Stadt Wesel . Diese ist gut und fahrradfreundliche beschildert. Es gibt ausreichend Radwege \u00a0und man kann entweder auf direktem Weg in die City, oder am Auesee vorbei dorthin radeln.<\/p>\n<p><span style=\"color: #ff0000;\">1.Rundtour: Wesel-Xanten-Rees-Bislich-Wesel \u00a0 ges. 63,62 km<\/span><\/p>\n<p>Am Samstag ,dem 3.8.19 starteten wir bei bedecktem Himmel und 22 Grad \u00a0von Wesel aus Richtung \u00a0Xanten.Wir fuhren im Uhrzeigersinn . Die Strecke f\u00fchrte \u00fcber Perrich durch langgestreckte Rheinauen, bis Xanten.<\/p>\n<p><img loading=\"lazy\" class=\"alignnone size-medium wp-image-1201\" src=\"http:\/\/amelix.de\/wp-content\/uploads\/2019\/12\/0016546-600x397.jpg\" alt=\"\" width=\"600\" height=\"397\" srcset=\"http:\/\/amelix.de\/wp-content\/uploads\/2019\/12\/0016546-600x397.jpg 600w, http:\/\/amelix.de\/wp-content\/uploads\/2019\/12\/0016546-1024x678.jpg 1024w, http:\/\/amelix.de\/wp-content\/uploads\/2019\/12\/0016546-768x509.jpg 768w, http:\/\/amelix.de\/wp-content\/uploads\/2019\/12\/0016546-1536x1017.jpg 1536w, http:\/\/amelix.de\/wp-content\/uploads\/2019\/12\/0016546-2048x1356.jpg 2048w, http:\/\/amelix.de\/wp-content\/uploads\/2019\/12\/0016546-1200x795.jpg 1200w\" sizes=\"(max-width: 600px) 85vw, 600px\" \/><\/p>\n<p>Die Strecke konnte man entweder auf dem Deich fahren, oder unterhalb des Deiches. Wir fuhren auf der Deichkrone, da dort eine sehr sch\u00f6ne Sicht zum Rhein hin\u00fcber uns begleitete.<\/p>\n<p>Es gab auch einige Sehensw\u00fcrdigkeiten, wie zum Beispiel dieses gut erhaltene St\u00fcck einer ehemaligen r\u00f6mischen Wasserleitung.<\/p>\n<p><img loading=\"lazy\" class=\"alignnone size-medium wp-image-1202\" src=\"http:\/\/amelix.de\/wp-content\/uploads\/2019\/12\/0016548-600x397.jpg\" alt=\"\" width=\"600\" height=\"397\" srcset=\"http:\/\/amelix.de\/wp-content\/uploads\/2019\/12\/0016548-600x397.jpg 600w, http:\/\/amelix.de\/wp-content\/uploads\/2019\/12\/0016548-1024x678.jpg 1024w, http:\/\/amelix.de\/wp-content\/uploads\/2019\/12\/0016548-768x509.jpg 768w, http:\/\/amelix.de\/wp-content\/uploads\/2019\/12\/0016548-1536x1017.jpg 1536w, http:\/\/amelix.de\/wp-content\/uploads\/2019\/12\/0016548-2048x1356.jpg 2048w, http:\/\/amelix.de\/wp-content\/uploads\/2019\/12\/0016548-1200x795.jpg 1200w\" sizes=\"(max-width: 600px) 85vw, 600px\" \/><\/p>\n<p><img loading=\"lazy\" class=\"alignnone size-medium wp-image-1203\" src=\"http:\/\/amelix.de\/wp-content\/uploads\/2019\/12\/0016553-600x397.jpg\" alt=\"\" width=\"600\" height=\"397\" srcset=\"http:\/\/amelix.de\/wp-content\/uploads\/2019\/12\/0016553-600x397.jpg 600w, http:\/\/amelix.de\/wp-content\/uploads\/2019\/12\/0016553-1024x678.jpg 1024w, http:\/\/amelix.de\/wp-content\/uploads\/2019\/12\/0016553-768x509.jpg 768w, http:\/\/amelix.de\/wp-content\/uploads\/2019\/12\/0016553-1536x1017.jpg 1536w, http:\/\/amelix.de\/wp-content\/uploads\/2019\/12\/0016553-2048x1356.jpg 2048w, http:\/\/amelix.de\/wp-content\/uploads\/2019\/12\/0016553-1200x795.jpg 1200w\" sizes=\"(max-width: 600px) 85vw, 600px\" \/><\/p>\n<p>&nbsp;<\/p>\n<p>Und dann erreichten wir die sehr sehenswerte Stadt Xanten. Deren katholische Pfarr- und ehemalige Stiftskirche \u00a0St.Viktor wird auch Xantener Dom genannt. Dies wegen ihrer Bedeutung und Gr\u00f6\u00dfe, obwohl sie nie Bischofskirche war.<\/p>\n<p><img loading=\"lazy\" class=\"alignnone size-medium wp-image-1204\" src=\"http:\/\/amelix.de\/wp-content\/uploads\/2019\/12\/0016591-600x397.jpg\" alt=\"\" width=\"600\" height=\"397\" srcset=\"http:\/\/amelix.de\/wp-content\/uploads\/2019\/12\/0016591-600x397.jpg 600w, http:\/\/amelix.de\/wp-content\/uploads\/2019\/12\/0016591-1024x678.jpg 1024w, http:\/\/amelix.de\/wp-content\/uploads\/2019\/12\/0016591-768x509.jpg 768w, http:\/\/amelix.de\/wp-content\/uploads\/2019\/12\/0016591-1536x1017.jpg 1536w, http:\/\/amelix.de\/wp-content\/uploads\/2019\/12\/0016591-2048x1356.jpg 2048w, http:\/\/amelix.de\/wp-content\/uploads\/2019\/12\/0016591-1200x795.jpg 1200w\" sizes=\"(max-width: 600px) 85vw, 600px\" \/><\/p>\n<p>Anschliessend fuhren wir weiter Richtung Rees. Eigentlich wollten wir die F\u00e4hre von Bislich nach Xanten nehmen. \u00a0 Leider war die F\u00e4hre wegen Wartungsarbeiten \u00a0nicht im Einsatz. Also ging es per Rad weiter gen Rees. \u00a0Vorbei an der Xantener S\u00fcdsee,und der Xantener Nordsee.<\/p>\n<p><img loading=\"lazy\" class=\"alignnone size-medium wp-image-1209\" src=\"http:\/\/amelix.de\/wp-content\/uploads\/2019\/12\/0016562-600x397.jpg\" alt=\"\" width=\"600\" height=\"397\" srcset=\"http:\/\/amelix.de\/wp-content\/uploads\/2019\/12\/0016562-600x397.jpg 600w, http:\/\/amelix.de\/wp-content\/uploads\/2019\/12\/0016562-1024x678.jpg 1024w, http:\/\/amelix.de\/wp-content\/uploads\/2019\/12\/0016562-768x509.jpg 768w, http:\/\/amelix.de\/wp-content\/uploads\/2019\/12\/0016562-1536x1017.jpg 1536w, http:\/\/amelix.de\/wp-content\/uploads\/2019\/12\/0016562-2048x1356.jpg 2048w, http:\/\/amelix.de\/wp-content\/uploads\/2019\/12\/0016562-1200x795.jpg 1200w\" sizes=\"(max-width: 600px) 85vw, 600px\" \/><\/p>\n<p>Diese beiden Gew\u00e4sser kommen v\u00f6llig unspektakul\u00e4r daher. Aber der Weg um sie \u00a0herum war gut zu fahren und auch gut beschildert.Weiter ging es Richtung Norden.<\/p>\n<p>Um nicht komplett \u00fcber Rees fahren zu m\u00fcssen, nahmen wir kurz vorher eine kleine Personen- und Fahrradf\u00e4hre.<\/p>\n<p><img loading=\"lazy\" class=\"alignnone size-medium wp-image-1227\" src=\"http:\/\/amelix.de\/wp-content\/uploads\/2019\/12\/0016567-Arbeitskopie-2-600x397.jpg\" alt=\"\" width=\"600\" height=\"397\" srcset=\"http:\/\/amelix.de\/wp-content\/uploads\/2019\/12\/0016567-Arbeitskopie-2-600x397.jpg 600w, http:\/\/amelix.de\/wp-content\/uploads\/2019\/12\/0016567-Arbeitskopie-2-1024x678.jpg 1024w, http:\/\/amelix.de\/wp-content\/uploads\/2019\/12\/0016567-Arbeitskopie-2-768x509.jpg 768w, http:\/\/amelix.de\/wp-content\/uploads\/2019\/12\/0016567-Arbeitskopie-2-1536x1017.jpg 1536w, http:\/\/amelix.de\/wp-content\/uploads\/2019\/12\/0016567-Arbeitskopie-2-2048x1356.jpg 2048w, http:\/\/amelix.de\/wp-content\/uploads\/2019\/12\/0016567-Arbeitskopie-2-1200x795.jpg 1200w\" sizes=\"(max-width: 600px) 85vw, 600px\" \/><\/p>\n<p>&nbsp;<\/p>\n<p>Nach dem \u00dcbersetzen folgten wir dann wieder dem Radweg. Diesmal \u00fcber Deiche und durch Auen des Niederrheines gen Wesel.<\/p>\n<p>Als Sehensw\u00fcrdigkeit sahen wir auf diesem Abschnitt \u00a0K\u00fche, die am Kiesstrand umher liefen.<\/p>\n<p><img loading=\"lazy\" class=\"alignnone size-medium wp-image-1213\" src=\"http:\/\/amelix.de\/wp-content\/uploads\/2019\/12\/0016572-1-600x391.jpg\" alt=\"\" width=\"600\" height=\"391\" srcset=\"http:\/\/amelix.de\/wp-content\/uploads\/2019\/12\/0016572-1-600x391.jpg 600w, http:\/\/amelix.de\/wp-content\/uploads\/2019\/12\/0016572-1-1024x667.jpg 1024w, http:\/\/amelix.de\/wp-content\/uploads\/2019\/12\/0016572-1-768x500.jpg 768w, http:\/\/amelix.de\/wp-content\/uploads\/2019\/12\/0016572-1-1536x1001.jpg 1536w, http:\/\/amelix.de\/wp-content\/uploads\/2019\/12\/0016572-1-2048x1334.jpg 2048w, http:\/\/amelix.de\/wp-content\/uploads\/2019\/12\/0016572-1-1200x782.jpg 1200w\" sizes=\"(max-width: 600px) 85vw, 600px\" \/><\/p>\n<p>&nbsp;<\/p>\n<p>Am Ende der Strecke kamen wir wieder am Auesee vorbei, bevor wir \u00a0zu unserem Hotel \u00a0fuhren. \u00a0Diese Tour ist nett und problemlos zu radeln. Nicht extrem spannend oder abwechslungsreich, aber recht erholsam.<\/p>\n<p>&nbsp;<\/p>\n<p><span style=\"color: #ff0000;\">2. Rundtour : Wesel-G\u00f6tterswickerhamm-Walsum-Orsoy-Rheinberg-B\u00fcderich-Wesel<\/span><\/p>\n<p>Am Sonntag, dem 4.8.19 \u00a0fuhren wir die zweite Niederrhein-Rundtour. Diesmal bei 26 Grad \u00a0und meist sonnigem Himmel. Dieser Abschnitt war nicht sehr gut beschildert und wir mussten uns durchzufragen. Daf\u00fcr aber war die Landschaft etwas abwechslungsreicher. <img loading=\"lazy\" class=\"alignnone size-medium wp-image-1217\" src=\"http:\/\/amelix.de\/wp-content\/uploads\/2019\/12\/0016575-600x397.jpg\" alt=\"\" width=\"600\" height=\"397\" srcset=\"http:\/\/amelix.de\/wp-content\/uploads\/2019\/12\/0016575-600x397.jpg 600w, http:\/\/amelix.de\/wp-content\/uploads\/2019\/12\/0016575-1024x678.jpg 1024w, http:\/\/amelix.de\/wp-content\/uploads\/2019\/12\/0016575-768x509.jpg 768w, http:\/\/amelix.de\/wp-content\/uploads\/2019\/12\/0016575-1536x1017.jpg 1536w, http:\/\/amelix.de\/wp-content\/uploads\/2019\/12\/0016575-2048x1356.jpg 2048w, http:\/\/amelix.de\/wp-content\/uploads\/2019\/12\/0016575-1200x795.jpg 1200w\" sizes=\"(max-width: 600px) 85vw, 600px\" \/><\/p>\n<p>Direkt am Rhein entlang \u00a0f\u00fchrt die Tour \u00a0vorbei an dem Kohlekraftwerk der STEAG<\/p>\n<p><img loading=\"lazy\" class=\"alignnone size-medium wp-image-1219\" src=\"http:\/\/amelix.de\/wp-content\/uploads\/2019\/12\/0016583-600x397.jpg\" alt=\"\" width=\"600\" height=\"397\" srcset=\"http:\/\/amelix.de\/wp-content\/uploads\/2019\/12\/0016583-600x397.jpg 600w, http:\/\/amelix.de\/wp-content\/uploads\/2019\/12\/0016583-1024x678.jpg 1024w, http:\/\/amelix.de\/wp-content\/uploads\/2019\/12\/0016583-768x509.jpg 768w, http:\/\/amelix.de\/wp-content\/uploads\/2019\/12\/0016583-1536x1017.jpg 1536w, http:\/\/amelix.de\/wp-content\/uploads\/2019\/12\/0016583-2048x1356.jpg 2048w, http:\/\/amelix.de\/wp-content\/uploads\/2019\/12\/0016583-1200x795.jpg 1200w\" sizes=\"(max-width: 600px) 85vw, 600px\" \/><\/p>\n<p>Die Landschaft um Walsum und Orsoy liegt dicht am Ruhrgebiet. Sie bietet \u00a0typische niederrheinische \u00a0Landschaftsgestaltung . In Walsum musste man \u00a0auf eine Autof\u00e4hre, um nach Orsoy zu gelangen. Ab hier f\u00fchrt die Strecke deutlich windgesch\u00fctzter nach Rheinberg.<img loading=\"lazy\" class=\"alignnone size-medium wp-image-1218\" src=\"http:\/\/amelix.de\/wp-content\/uploads\/2019\/12\/0016577-600x397.jpg\" alt=\"\" width=\"600\" height=\"397\" srcset=\"http:\/\/amelix.de\/wp-content\/uploads\/2019\/12\/0016577-600x397.jpg 600w, http:\/\/amelix.de\/wp-content\/uploads\/2019\/12\/0016577-1024x678.jpg 1024w, http:\/\/amelix.de\/wp-content\/uploads\/2019\/12\/0016577-768x509.jpg 768w, http:\/\/amelix.de\/wp-content\/uploads\/2019\/12\/0016577-1536x1017.jpg 1536w, http:\/\/amelix.de\/wp-content\/uploads\/2019\/12\/0016577-2048x1356.jpg 2048w, http:\/\/amelix.de\/wp-content\/uploads\/2019\/12\/0016577-1200x795.jpg 1200w\" sizes=\"(max-width: 600px) 85vw, 600px\" \/><\/p>\n<p>Wir radelten weiter \u00fcber Ossenberg nach B\u00fcderich. Dort ist das geschichtstr\u00e4chtige Lokal &#8222;Wacht am Rhein. Ein Ausflugslokal, von dessen Balkon aus Churchill 1945 die Rhein\u00fcberquerung der alliierten Truppen beobachtete.<\/p>\n<p>&nbsp;<\/p>\n<p><img loading=\"lazy\" class=\"alignnone size-medium wp-image-1223\" src=\"http:\/\/amelix.de\/wp-content\/uploads\/2019\/12\/0016543-600x397.jpg\" alt=\"\" width=\"600\" height=\"397\" srcset=\"http:\/\/amelix.de\/wp-content\/uploads\/2019\/12\/0016543-600x397.jpg 600w, http:\/\/amelix.de\/wp-content\/uploads\/2019\/12\/0016543-1024x678.jpg 1024w, http:\/\/amelix.de\/wp-content\/uploads\/2019\/12\/0016543-768x509.jpg 768w, http:\/\/amelix.de\/wp-content\/uploads\/2019\/12\/0016543-1536x1017.jpg 1536w, http:\/\/amelix.de\/wp-content\/uploads\/2019\/12\/0016543-2048x1356.jpg 2048w, http:\/\/amelix.de\/wp-content\/uploads\/2019\/12\/0016543-1200x795.jpg 1200w\" sizes=\"(max-width: 600px) 85vw, 600px\" \/>\u00dc<\/p>\n<p>\u00dcber die Niederrheinbr\u00fccke ging es dann, nach \u00a0\u00fcber 70 km \u00a0wieder zur\u00fcck in die \u00a0&#8222;Eselstadt&#8220; Wesel.<\/p>\n<p>Diese Route fanden wir wesentlich abwechslungsreicher und vielf\u00e4ltiger.<\/p>\n<p>&nbsp;<\/p>\n","protected":false},"excerpt":{"rendered":"<p>&nbsp; Startort : M\u00fcnster \u00a0 \u00a0 \u00a0Zielort : Wesel \u00a0 \u00a0bis dorthin ca. 90 km gut befahrbare Landstrasse, die aber recht verkehrsreich \u00a0war. Am 2. 8.2019 luden wir die R\u00e4der auf den Fahrradtr\u00e4ger unseres Autos und starteten ab M\u00fcnster in Richtung Wesel.Nach ca. 90 Auto-Kilometern erreichten wir unser Hotel in Wesel. Wir konnten schon unsere &hellip; <a href=\"http:\/\/amelix.de\/?page_id=1198\" class=\"more-link\"><span class=\"screen-reader-text\">\u201eFahrrad-Rundtouren am Niederrhein\u201c<\/span> weiterlesen<\/a><\/p>\n","protected":false},"author":2,"featured_media":0,"parent":0,"menu_order":0,"comment_status":"closed","ping_status":"closed","template":"","meta":[],"yoast_head":"<!-- This site is optimized with the Yoast SEO plugin v19.10 - https:\/\/yoast.com\/wordpress\/plugins\/seo\/ -->\n<title>Fahrradtour- Niederrhein- Rundtouren- Rheinauen<\/title>\n<meta name=\"description\" content=\"Fahrradtour- Niederrhein- Rundtouren- Rheinauen-wesel-gut zu fahren-xanten-rhein- F\u00e4hre-Deiche und Auen-windgesch\u00fctzt-Dom\" \/>\n<meta name=\"robots\" content=\"index, follow, max-snippet:-1, max-image-preview:large, max-video-preview:-1\" \/>\n<link rel=\"canonical\" href=\"http:\/\/amelix.de\/?page_id=1198\" \/>\n<meta property=\"og:locale\" content=\"de_DE\" \/>\n<meta property=\"og:type\" content=\"article\" \/>\n<meta property=\"og:title\" content=\"Fahrradtour- Niederrhein- Rundtouren- Rheinauen\" \/>\n<meta property=\"og:description\" content=\"Fahrradtour- Niederrhein- Rundtouren- Rheinauen-wesel-gut zu fahren-xanten-rhein- F\u00e4hre-Deiche und Auen-windgesch\u00fctzt-Dom\" \/>\n<meta property=\"og:url\" content=\"http:\/\/amelix.de\/?page_id=1198\" \/>\n<meta property=\"og:site_name\" content=\"Amelix\" \/>\n<meta property=\"article:modified_time\" content=\"2019-12-14T20:01:11+00:00\" \/>\n<meta property=\"og:image\" content=\"http:\/\/amelix.de\/wp-content\/uploads\/2019\/12\/0016546-600x397.jpg\" \/>\n<meta name=\"twitter:label1\" content=\"Gesch\u00e4tzte Lesezeit\" \/>\n\t<meta name=\"twitter:data1\" content=\"3\u00a0Minuten\" \/>\n<script type=\"application\/ld+json\" class=\"yoast-schema-graph\">{\"@context\":\"https:\/\/schema.org\",\"@graph\":[{\"@type\":\"WebPage\",\"@id\":\"http:\/\/amelix.de\/?page_id=1198\",\"url\":\"http:\/\/amelix.de\/?page_id=1198\",\"name\":\"Fahrradtour- Niederrhein- Rundtouren- Rheinauen\",\"isPartOf\":{\"@id\":\"http:\/\/amelix.de\/#website\"},\"datePublished\":\"2019-12-14T19:47:43+00:00\",\"dateModified\":\"2019-12-14T20:01:11+00:00\",\"description\":\"Fahrradtour- Niederrhein- Rundtouren- Rheinauen-wesel-gut zu fahren-xanten-rhein- F\u00e4hre-Deiche und Auen-windgesch\u00fctzt-Dom\",\"breadcrumb\":{\"@id\":\"http:\/\/amelix.de\/?page_id=1198#breadcrumb\"},\"inLanguage\":\"de\",\"potentialAction\":[{\"@type\":\"ReadAction\",\"target\":[\"http:\/\/amelix.de\/?page_id=1198\"]}]},{\"@type\":\"BreadcrumbList\",\"@id\":\"http:\/\/amelix.de\/?page_id=1198#breadcrumb\",\"itemListElement\":[{\"@type\":\"ListItem\",\"position\":1,\"name\":\"Home\",\"item\":\"http:\/\/amelix.de\/\"},{\"@type\":\"ListItem\",\"position\":2,\"name\":\"Fahrrad-Rundtouren am Niederrhein\"}]},{\"@type\":\"WebSite\",\"@id\":\"http:\/\/amelix.de\/#website\",\"url\":\"http:\/\/amelix.de\/\",\"name\":\"Amelix\",\"description\":\"Fahrradfahr-Blog f\u00fcr Best-Ager\",\"potentialAction\":[{\"@type\":\"SearchAction\",\"target\":{\"@type\":\"EntryPoint\",\"urlTemplate\":\"http:\/\/amelix.de\/?s={search_term_string}\"},\"query-input\":\"required name=search_term_string\"}],\"inLanguage\":\"de\"}]}<\/script>\n<!-- \/ Yoast SEO plugin. -->","yoast_head_json":{"title":"Fahrradtour- Niederrhein- Rundtouren- Rheinauen","description":"Fahrradtour- Niederrhein- Rundtouren- Rheinauen-wesel-gut zu fahren-xanten-rhein- F\u00e4hre-Deiche und Auen-windgesch\u00fctzt-Dom","robots":{"index":"index","follow":"follow","max-snippet":"max-snippet:-1","max-image-preview":"max-image-preview:large","max-video-preview":"max-video-preview:-1"},"canonical":"http:\/\/amelix.de\/?page_id=1198","og_locale":"de_DE","og_type":"article","og_title":"Fahrradtour- Niederrhein- Rundtouren- Rheinauen","og_description":"Fahrradtour- Niederrhein- Rundtouren- Rheinauen-wesel-gut zu fahren-xanten-rhein- F\u00e4hre-Deiche und Auen-windgesch\u00fctzt-Dom","og_url":"http:\/\/amelix.de\/?page_id=1198","og_site_name":"Amelix","article_modified_time":"2019-12-14T20:01:11+00:00","og_image":[{"url":"http:\/\/amelix.de\/wp-content\/uploads\/2019\/12\/0016546-600x397.jpg"}],"twitter_misc":{"Gesch\u00e4tzte Lesezeit":"3\u00a0Minuten"},"schema":{"@context":"https:\/\/schema.org","@graph":[{"@type":"WebPage","@id":"http:\/\/amelix.de\/?page_id=1198","url":"http:\/\/amelix.de\/?page_id=1198","name":"Fahrradtour- Niederrhein- Rundtouren- Rheinauen","isPartOf":{"@id":"http:\/\/amelix.de\/#website"},"datePublished":"2019-12-14T19:47:43+00:00","dateModified":"2019-12-14T20:01:11+00:00","description":"Fahrradtour- Niederrhein- Rundtouren- Rheinauen-wesel-gut zu fahren-xanten-rhein- F\u00e4hre-Deiche und Auen-windgesch\u00fctzt-Dom","breadcrumb":{"@id":"http:\/\/amelix.de\/?page_id=1198#breadcrumb"},"inLanguage":"de","potentialAction":[{"@type":"ReadAction","target":["http:\/\/amelix.de\/?page_id=1198"]}]},{"@type":"BreadcrumbList","@id":"http:\/\/amelix.de\/?page_id=1198#breadcrumb","itemListElement":[{"@type":"ListItem","position":1,"name":"Home","item":"http:\/\/amelix.de\/"},{"@type":"ListItem","position":2,"name":"Fahrrad-Rundtouren am Niederrhein"}]},{"@type":"WebSite","@id":"http:\/\/amelix.de\/#website","url":"http:\/\/amelix.de\/","name":"Amelix","description":"Fahrradfahr-Blog f\u00fcr Best-Ager","potentialAction":[{"@type":"SearchAction","target":{"@type":"EntryPoint","urlTemplate":"http:\/\/amelix.de\/?s={search_term_string}"},"query-input":"required name=search_term_string"}],"inLanguage":"de"}]}},"_links":{"self":[{"href":"http:\/\/amelix.de\/index.php?rest_route=\/wp\/v2\/pages\/1198"}],"collection":[{"href":"http:\/\/amelix.de\/index.php?rest_route=\/wp\/v2\/pages"}],"about":[{"href":"http:\/\/amelix.de\/index.php?rest_route=\/wp\/v2\/types\/page"}],"author":[{"embeddable":true,"href":"http:\/\/amelix.de\/index.php?rest_route=\/wp\/v2\/users\/2"}],"replies":[{"embeddable":true,"href":"http:\/\/amelix.de\/index.php?rest_route=%2Fwp%2Fv2%2Fcomments&post=1198"}],"version-history":[{"count":14,"href":"http:\/\/amelix.de\/index.php?rest_route=\/wp\/v2\/pages\/1198\/revisions"}],"predecessor-version":[{"id":1236,"href":"http:\/\/amelix.de\/index.php?rest_route=\/wp\/v2\/pages\/1198\/revisions\/1236"}],"wp:attachment":[{"href":"http:\/\/amelix.de\/index.php?rest_route=%2Fwp%2Fv2%2Fmedia&parent=1198"}],"curies":[{"name":"wp","href":"https:\/\/api.w.org\/{rel}","templated":true}]}}