{"id":1277,"date":"2020-11-14T19:37:53","date_gmt":"2020-11-14T18:37:53","guid":{"rendered":"http:\/\/amelix.de\/?page_id=1277"},"modified":"2020-11-14T19:47:12","modified_gmt":"2020-11-14T18:47:12","slug":"wismar","status":"publish","type":"page","link":"http:\/\/amelix.de\/?page_id=1277","title":{"rendered":"Fahrradtour Wismar"},"content":{"rendered":"<p>F\u00fcr den Herbst 2020 hatten wir unseren E-Bike-Urlaub geplant.Wir wollten das erste Mal, dank der neuen Elektror\u00e4der, an die K\u00fcste und dort dem Wind trotzen. Unser Ziel war Wismar in Mecklenburg Vorpommern. Von dort aus wollten wir die Gegend per Rad erkunden.<\/p>\n<p><span style=\"color: #ba0f51;\">Zu beachten<\/span><\/p>\n<p><span style=\"color: #ba0f51;\">Extra Radwege gibt es in Wismar nicht. Dort sind die breiten B\u00fcrgersteige sowohl von Fussg\u00e4ngern, als auch von Fahrradfahrern zu benutzen. \u00a0Und in Wismar ist es auch nicht \u00fcblich, dass man an Zebrastreifen automatisch Vorrang hat, wenn man die Strasse \u00fcberqueren m\u00f6chte.Und an einigen Stellen ist es etwas schwierig, den Einstieg in den jeweiligen Wunschradweg zu finden.\u00a0<\/span><\/p>\n<p>Es ist sinnvoll eine Fahrradkarte oder ein Smartphone zur Verf\u00fcgung zu haben, um sich damit unterwegs orientieren zu k\u00f6nnen, bei Bedarf.<\/p>\n<p><span style=\"color: #3366ff;\">Zusammenfassend<\/span><\/p>\n<p><span style=\"color: #3366ff;\">Wismar ist eine tolle und interessante Stadt. Die Menschen, denen wir begegneten, waren nett und hilfsbereit. Man kann per Fahrrad \u00fcberall hinkommen. Wenn man den \u00a0Einstieg in den Ostseek\u00fcstenradweg erst einmal \u00a0 gefunden hat, kommt man gut an sein Ziel.<\/span><\/p>\n<p>*************************************<\/p>\n<p>Unsere erste Fahrt in Wismar f\u00fchrte uns zum Westhafen.Der Hafen ist ca. 2 km von der Wismarer Altstadt entfernt. Eine Beschilderung zum Hafen f\u00fcr Fahrradfahrer gab es dort nicht, aber gen\u00fcgend nette Leute, die man fragen konnte.<\/p>\n<p>Im Westhafen liegen Segelboote, Motorboote, Fischerboot, Paddelboote und ein Kreuzfahrtschiff a.D.<\/p>\n<div class=\"mceTemp\"><\/div>\n<figure id=\"attachment_1279\" aria-describedby=\"caption-attachment-1279\" style=\"width: 840px\" class=\"wp-caption alignnone\"><img loading=\"lazy\" class=\"wp-image-1279 size-large\" src=\"http:\/\/amelix.de\/wp-content\/uploads\/2020\/11\/WestHafen-von-Wismar-Kopie-1024x678.jpeg\" alt=\"\" width=\"840\" height=\"556\" srcset=\"http:\/\/amelix.de\/wp-content\/uploads\/2020\/11\/WestHafen-von-Wismar-Kopie-1024x678.jpeg 1024w, http:\/\/amelix.de\/wp-content\/uploads\/2020\/11\/WestHafen-von-Wismar-Kopie-600x397.jpeg 600w, http:\/\/amelix.de\/wp-content\/uploads\/2020\/11\/WestHafen-von-Wismar-Kopie-768x509.jpeg 768w, http:\/\/amelix.de\/wp-content\/uploads\/2020\/11\/WestHafen-von-Wismar-Kopie-1536x1017.jpeg 1536w, http:\/\/amelix.de\/wp-content\/uploads\/2020\/11\/WestHafen-von-Wismar-Kopie-2048x1356.jpeg 2048w, http:\/\/amelix.de\/wp-content\/uploads\/2020\/11\/WestHafen-von-Wismar-Kopie-1200x795.jpeg 1200w\" sizes=\"(max-width: 709px) 85vw, (max-width: 909px) 67vw, (max-width: 1362px) 62vw, 840px\" \/><figcaption id=\"caption-attachment-1279\" class=\"wp-caption-text\">Wismarer Westhafen<\/figcaption><\/figure>\n<p>Das ehemalige Kreuzfahrtschiff &#8222;Superstar Libra&#8220;, der Hongkonger Genting Reederei, sollte nun, nach mehr als 30 Jahren im Einsatz auf den Weltmeeren, als Wohnschiff f\u00fcr Mitarbeiter der Werft dienen. \u00a0Das alles vor dem Hintergrund des immer knapper werdenden Wohnraumes .<\/p>\n<figure id=\"attachment_1314\" aria-describedby=\"caption-attachment-1314\" style=\"width: 840px\" class=\"wp-caption alignnone\"><img loading=\"lazy\" class=\"wp-image-1314 size-large\" src=\"http:\/\/amelix.de\/wp-content\/uploads\/2020\/11\/Kreuzfahrtschiff-LIBRA-Kopie-1-1024x678.jpeg\" alt=\"\" width=\"840\" height=\"556\" srcset=\"http:\/\/amelix.de\/wp-content\/uploads\/2020\/11\/Kreuzfahrtschiff-LIBRA-Kopie-1-1024x678.jpeg 1024w, http:\/\/amelix.de\/wp-content\/uploads\/2020\/11\/Kreuzfahrtschiff-LIBRA-Kopie-1-600x397.jpeg 600w, http:\/\/amelix.de\/wp-content\/uploads\/2020\/11\/Kreuzfahrtschiff-LIBRA-Kopie-1-768x509.jpeg 768w, http:\/\/amelix.de\/wp-content\/uploads\/2020\/11\/Kreuzfahrtschiff-LIBRA-Kopie-1-1536x1017.jpeg 1536w, http:\/\/amelix.de\/wp-content\/uploads\/2020\/11\/Kreuzfahrtschiff-LIBRA-Kopie-1-2048x1356.jpeg 2048w, http:\/\/amelix.de\/wp-content\/uploads\/2020\/11\/Kreuzfahrtschiff-LIBRA-Kopie-1-1200x795.jpeg 1200w\" sizes=\"(max-width: 709px) 85vw, (max-width: 909px) 67vw, (max-width: 1362px) 62vw, 840px\" \/><figcaption id=\"caption-attachment-1314\" class=\"wp-caption-text\">Kreuzfahrtschiff &#8222;Libra&#8220;<\/figcaption><\/figure>\n<p>Der \u00a0touristisch voll erschlossenen Haupthafen ist der eigentliche Dreh- und Angelpunkt f\u00fcr Besucher . Dort kann man shoppen, essen, trinken, bummeln und auch Fahrrad fahren. Zu sehen gab es auf dem Wasser und an Land genug.<\/p>\n<figure id=\"attachment_1284\" aria-describedby=\"caption-attachment-1284\" style=\"width: 840px\" class=\"wp-caption alignnone\"><img loading=\"lazy\" class=\"wp-image-1284 size-large\" src=\"http:\/\/amelix.de\/wp-content\/uploads\/2020\/11\/Hafen-Wismar-1024x683.jpeg\" alt=\"\" width=\"840\" height=\"560\" srcset=\"http:\/\/amelix.de\/wp-content\/uploads\/2020\/11\/Hafen-Wismar-1024x683.jpeg 1024w, http:\/\/amelix.de\/wp-content\/uploads\/2020\/11\/Hafen-Wismar-600x400.jpeg 600w, http:\/\/amelix.de\/wp-content\/uploads\/2020\/11\/Hafen-Wismar-768x512.jpeg 768w, http:\/\/amelix.de\/wp-content\/uploads\/2020\/11\/Hafen-Wismar-1536x1024.jpeg 1536w, http:\/\/amelix.de\/wp-content\/uploads\/2020\/11\/Hafen-Wismar-2048x1365.jpeg 2048w, http:\/\/amelix.de\/wp-content\/uploads\/2020\/11\/Hafen-Wismar-1200x800.jpeg 1200w\" sizes=\"(max-width: 709px) 85vw, (max-width: 909px) 67vw, (max-width: 1362px) 62vw, 840px\" \/><figcaption id=\"caption-attachment-1284\" class=\"wp-caption-text\">Blick von der Stadt aus in den Hafen<\/figcaption><\/figure>\n<p>&nbsp;<\/p>\n<figure id=\"attachment_1291\" aria-describedby=\"caption-attachment-1291\" style=\"width: 840px\" class=\"wp-caption alignnone\"><img loading=\"lazy\" class=\"wp-image-1291 size-large\" src=\"http:\/\/amelix.de\/wp-content\/uploads\/2020\/11\/Speicherhaus-Wismar-Hafen-1-1024x558.jpeg\" alt=\"\" width=\"840\" height=\"458\" srcset=\"http:\/\/amelix.de\/wp-content\/uploads\/2020\/11\/Speicherhaus-Wismar-Hafen-1-1024x558.jpeg 1024w, http:\/\/amelix.de\/wp-content\/uploads\/2020\/11\/Speicherhaus-Wismar-Hafen-1-600x327.jpeg 600w, http:\/\/amelix.de\/wp-content\/uploads\/2020\/11\/Speicherhaus-Wismar-Hafen-1-768x418.jpeg 768w, http:\/\/amelix.de\/wp-content\/uploads\/2020\/11\/Speicherhaus-Wismar-Hafen-1-1536x836.jpeg 1536w, http:\/\/amelix.de\/wp-content\/uploads\/2020\/11\/Speicherhaus-Wismar-Hafen-1-2048x1115.jpeg 2048w, http:\/\/amelix.de\/wp-content\/uploads\/2020\/11\/Speicherhaus-Wismar-Hafen-1-1200x653.jpeg 1200w\" sizes=\"(max-width: 709px) 85vw, (max-width: 909px) 67vw, (max-width: 1362px) 62vw, 840px\" \/><figcaption id=\"caption-attachment-1291\" class=\"wp-caption-text\">Speicherstadt Wismar<\/figcaption><\/figure>\n<p>Das Museumsschiff &#8222;Wismar&#8220; wird vom\u00a0 F\u00f6rderverein \u201ePoeler Kogge\u201c betrieben und erhalten.Der F\u00f6rderverein \u201ePoeler Kogge\u201c sieht es als seine Aufgabe an, den Nachbau einer hanseatischen Kogge aus dem 14. Jahrhundert, als das bisher gr\u00f6\u00dfte Schiffswrack der Hansezeit, allen Interessierten vorzustellen.( Quelle: www. poeler-kogge.de )<\/p>\n<figure id=\"attachment_1288\" aria-describedby=\"caption-attachment-1288\" style=\"width: 840px\" class=\"wp-caption alignnone\"><img loading=\"lazy\" class=\"wp-image-1288 size-large\" src=\"http:\/\/amelix.de\/wp-content\/uploads\/2020\/11\/Alte-Kogge-1024x675.jpeg\" alt=\"\" width=\"840\" height=\"554\" srcset=\"http:\/\/amelix.de\/wp-content\/uploads\/2020\/11\/Alte-Kogge-1024x675.jpeg 1024w, http:\/\/amelix.de\/wp-content\/uploads\/2020\/11\/Alte-Kogge-600x396.jpeg 600w, http:\/\/amelix.de\/wp-content\/uploads\/2020\/11\/Alte-Kogge-768x506.jpeg 768w, http:\/\/amelix.de\/wp-content\/uploads\/2020\/11\/Alte-Kogge-1536x1013.jpeg 1536w, http:\/\/amelix.de\/wp-content\/uploads\/2020\/11\/Alte-Kogge-2048x1350.jpeg 2048w, http:\/\/amelix.de\/wp-content\/uploads\/2020\/11\/Alte-Kogge-1200x791.jpeg 1200w\" sizes=\"(max-width: 709px) 85vw, (max-width: 909px) 67vw, (max-width: 1362px) 62vw, 840px\" \/><figcaption id=\"caption-attachment-1288\" class=\"wp-caption-text\">Kogge &#8222;Wismar<\/figcaption><\/figure>\n<p>Im \u00dcberseehafen hatten wir Gl\u00fcck ,das Kreuzfahrtschiff &#8220; MS Europa &#8222;zu sehen. \u00a0Es war nach langer Coronapause zum ersten Mal wieder f\u00fcr kurze Zeit in Wismar .<\/p>\n<p><img loading=\"lazy\" class=\"alignnone wp-image-1292 size-large\" src=\"http:\/\/amelix.de\/wp-content\/uploads\/2020\/11\/MS-Europa-1024x683.jpeg\" alt=\"\" width=\"840\" height=\"560\" srcset=\"http:\/\/amelix.de\/wp-content\/uploads\/2020\/11\/MS-Europa-1024x683.jpeg 1024w, http:\/\/amelix.de\/wp-content\/uploads\/2020\/11\/MS-Europa-600x400.jpeg 600w, http:\/\/amelix.de\/wp-content\/uploads\/2020\/11\/MS-Europa-768x512.jpeg 768w, http:\/\/amelix.de\/wp-content\/uploads\/2020\/11\/MS-Europa-1536x1024.jpeg 1536w, http:\/\/amelix.de\/wp-content\/uploads\/2020\/11\/MS-Europa-2048x1365.jpeg 2048w, http:\/\/amelix.de\/wp-content\/uploads\/2020\/11\/MS-Europa-1200x800.jpeg 1200w\" sizes=\"(max-width: 709px) 85vw, (max-width: 909px) 67vw, (max-width: 1362px) 62vw, 840px\" \/><\/p>\n<p>Und ebenfalls sahen wir die &#8222;Europa 2 &#8222;. Dieses Kreuzfahrtschiff \u00a0lag f\u00fcr eine Nacht im \u00dcberseehafen.Sie wurde bereits am n\u00e4chsten Morgen per Schlepper wieder auf See gezogen.<\/p>\n<figure id=\"attachment_1319\" aria-describedby=\"caption-attachment-1319\" style=\"width: 840px\" class=\"wp-caption alignnone\"><img loading=\"lazy\" class=\"wp-image-1319 size-large\" src=\"http:\/\/amelix.de\/wp-content\/uploads\/2020\/11\/0019198-1024x678.jpeg\" alt=\"\" width=\"840\" height=\"556\" srcset=\"http:\/\/amelix.de\/wp-content\/uploads\/2020\/11\/0019198-1024x678.jpeg 1024w, http:\/\/amelix.de\/wp-content\/uploads\/2020\/11\/0019198-600x397.jpeg 600w, http:\/\/amelix.de\/wp-content\/uploads\/2020\/11\/0019198-768x509.jpeg 768w, http:\/\/amelix.de\/wp-content\/uploads\/2020\/11\/0019198-1536x1017.jpeg 1536w, http:\/\/amelix.de\/wp-content\/uploads\/2020\/11\/0019198-2048x1356.jpeg 2048w, http:\/\/amelix.de\/wp-content\/uploads\/2020\/11\/0019198-1200x795.jpeg 1200w\" sizes=\"(max-width: 709px) 85vw, (max-width: 909px) 67vw, (max-width: 1362px) 62vw, 840px\" \/><figcaption id=\"caption-attachment-1319\" class=\"wp-caption-text\">MS Europa 2<\/figcaption><\/figure>\n<figure id=\"attachment_1321\" aria-describedby=\"caption-attachment-1321\" style=\"width: 840px\" class=\"wp-caption alignnone\"><img loading=\"lazy\" class=\"wp-image-1321 size-large\" src=\"http:\/\/amelix.de\/wp-content\/uploads\/2020\/11\/0019218-1024x678.jpeg\" alt=\"\" width=\"840\" height=\"556\" srcset=\"http:\/\/amelix.de\/wp-content\/uploads\/2020\/11\/0019218-1024x678.jpeg 1024w, http:\/\/amelix.de\/wp-content\/uploads\/2020\/11\/0019218-600x397.jpeg 600w, http:\/\/amelix.de\/wp-content\/uploads\/2020\/11\/0019218-768x509.jpeg 768w, http:\/\/amelix.de\/wp-content\/uploads\/2020\/11\/0019218-1536x1017.jpeg 1536w, http:\/\/amelix.de\/wp-content\/uploads\/2020\/11\/0019218-2048x1356.jpeg 2048w, http:\/\/amelix.de\/wp-content\/uploads\/2020\/11\/0019218-1200x795.jpeg 1200w\" sizes=\"(max-width: 709px) 85vw, (max-width: 909px) 67vw, (max-width: 1362px) 62vw, 840px\" \/><figcaption id=\"caption-attachment-1321\" class=\"wp-caption-text\">Schlepper &#8222;Bugsier&#8220; der die MS Europa 2 in und aus dem Hafen brachte.<\/figcaption><\/figure>\n<figure id=\"attachment_1328\" aria-describedby=\"caption-attachment-1328\" style=\"width: 840px\" class=\"wp-caption alignnone\"><img loading=\"lazy\" class=\"wp-image-1328 size-large\" src=\"http:\/\/amelix.de\/wp-content\/uploads\/2020\/11\/0019059-1024x678.jpeg\" alt=\"\" width=\"840\" height=\"556\" srcset=\"http:\/\/amelix.de\/wp-content\/uploads\/2020\/11\/0019059-1024x678.jpeg 1024w, http:\/\/amelix.de\/wp-content\/uploads\/2020\/11\/0019059-600x397.jpeg 600w, http:\/\/amelix.de\/wp-content\/uploads\/2020\/11\/0019059-768x509.jpeg 768w, http:\/\/amelix.de\/wp-content\/uploads\/2020\/11\/0019059-1536x1017.jpeg 1536w, http:\/\/amelix.de\/wp-content\/uploads\/2020\/11\/0019059-2048x1356.jpeg 2048w, http:\/\/amelix.de\/wp-content\/uploads\/2020\/11\/0019059-1200x795.jpeg 1200w\" sizes=\"(max-width: 709px) 85vw, (max-width: 909px) 67vw, (max-width: 1362px) 62vw, 840px\" \/><figcaption id=\"caption-attachment-1328\" class=\"wp-caption-text\">L\u00f6schen der Ladung im \u00dcberseehafen<\/figcaption><\/figure>\n<p>&nbsp;<\/p>\n","protected":false},"excerpt":{"rendered":"<p>F\u00fcr den Herbst 2020 hatten wir unseren E-Bike-Urlaub geplant.Wir wollten das erste Mal, dank der neuen Elektror\u00e4der, an die K\u00fcste und dort dem Wind trotzen. Unser Ziel war Wismar in Mecklenburg Vorpommern. Von dort aus wollten wir die Gegend per Rad erkunden. Zu beachten Extra Radwege gibt es in Wismar nicht. Dort sind die breiten &hellip; <a href=\"http:\/\/amelix.de\/?page_id=1277\" class=\"more-link\"><span class=\"screen-reader-text\">\u201eFahrradtour Wismar\u201c<\/span> weiterlesen<\/a><\/p>\n","protected":false},"author":2,"featured_media":0,"parent":0,"menu_order":0,"comment_status":"closed","ping_status":"closed","template":"","meta":[],"yoast_head":"<!-- This site is optimized with the Yoast SEO plugin v19.10 - https:\/\/yoast.com\/wordpress\/plugins\/seo\/ -->\n<title>Fahrradtour Wismar - Amelix<\/title>\n<meta name=\"robots\" content=\"index, follow, max-snippet:-1, max-image-preview:large, max-video-preview:-1\" \/>\n<link rel=\"canonical\" href=\"http:\/\/amelix.de\/?page_id=1277\" \/>\n<meta property=\"og:locale\" content=\"de_DE\" \/>\n<meta property=\"og:type\" content=\"article\" \/>\n<meta property=\"og:title\" content=\"Fahrradtour Wismar - Amelix\" \/>\n<meta property=\"og:description\" content=\"F\u00fcr den Herbst 2020 hatten wir unseren E-Bike-Urlaub geplant.Wir wollten das erste Mal, dank der neuen Elektror\u00e4der, an die K\u00fcste und dort dem Wind trotzen. Unser Ziel war Wismar in Mecklenburg Vorpommern. Von dort aus wollten wir die Gegend per Rad erkunden. Zu beachten Extra Radwege gibt es in Wismar nicht. Dort sind die breiten &hellip; \u201eFahrradtour Wismar\u201c weiterlesen\" \/>\n<meta property=\"og:url\" content=\"http:\/\/amelix.de\/?page_id=1277\" \/>\n<meta property=\"og:site_name\" content=\"Amelix\" \/>\n<meta property=\"article:modified_time\" content=\"2020-11-14T18:47:12+00:00\" \/>\n<meta property=\"og:image\" content=\"http:\/\/amelix.de\/wp-content\/uploads\/2020\/11\/WestHafen-von-Wismar-Kopie-1024x678.jpeg\" \/>\n<meta name=\"twitter:label1\" content=\"Gesch\u00e4tzte Lesezeit\" \/>\n\t<meta name=\"twitter:data1\" content=\"2\u00a0Minuten\" \/>\n<script type=\"application\/ld+json\" class=\"yoast-schema-graph\">{\"@context\":\"https:\/\/schema.org\",\"@graph\":[{\"@type\":\"WebPage\",\"@id\":\"http:\/\/amelix.de\/?page_id=1277\",\"url\":\"http:\/\/amelix.de\/?page_id=1277\",\"name\":\"Fahrradtour Wismar - Amelix\",\"isPartOf\":{\"@id\":\"http:\/\/amelix.de\/#website\"},\"datePublished\":\"2020-11-14T18:37:53+00:00\",\"dateModified\":\"2020-11-14T18:47:12+00:00\",\"breadcrumb\":{\"@id\":\"http:\/\/amelix.de\/?page_id=1277#breadcrumb\"},\"inLanguage\":\"de\",\"potentialAction\":[{\"@type\":\"ReadAction\",\"target\":[\"http:\/\/amelix.de\/?page_id=1277\"]}]},{\"@type\":\"BreadcrumbList\",\"@id\":\"http:\/\/amelix.de\/?page_id=1277#breadcrumb\",\"itemListElement\":[{\"@type\":\"ListItem\",\"position\":1,\"name\":\"Home\",\"item\":\"http:\/\/amelix.de\/\"},{\"@type\":\"ListItem\",\"position\":2,\"name\":\"Fahrradtour Wismar\"}]},{\"@type\":\"WebSite\",\"@id\":\"http:\/\/amelix.de\/#website\",\"url\":\"http:\/\/amelix.de\/\",\"name\":\"Amelix\",\"description\":\"Fahrradfahr-Blog f\u00fcr Best-Ager\",\"potentialAction\":[{\"@type\":\"SearchAction\",\"target\":{\"@type\":\"EntryPoint\",\"urlTemplate\":\"http:\/\/amelix.de\/?s={search_term_string}\"},\"query-input\":\"required name=search_term_string\"}],\"inLanguage\":\"de\"}]}<\/script>\n<!-- \/ Yoast SEO plugin. -->","yoast_head_json":{"title":"Fahrradtour Wismar - Amelix","robots":{"index":"index","follow":"follow","max-snippet":"max-snippet:-1","max-image-preview":"max-image-preview:large","max-video-preview":"max-video-preview:-1"},"canonical":"http:\/\/amelix.de\/?page_id=1277","og_locale":"de_DE","og_type":"article","og_title":"Fahrradtour Wismar - Amelix","og_description":"F\u00fcr den Herbst 2020 hatten wir unseren E-Bike-Urlaub geplant.Wir wollten das erste Mal, dank der neuen Elektror\u00e4der, an die K\u00fcste und dort dem Wind trotzen. Unser Ziel war Wismar in Mecklenburg Vorpommern. Von dort aus wollten wir die Gegend per Rad erkunden. Zu beachten Extra Radwege gibt es in Wismar nicht. Dort sind die breiten &hellip; \u201eFahrradtour Wismar\u201c weiterlesen","og_url":"http:\/\/amelix.de\/?page_id=1277","og_site_name":"Amelix","article_modified_time":"2020-11-14T18:47:12+00:00","og_image":[{"url":"http:\/\/amelix.de\/wp-content\/uploads\/2020\/11\/WestHafen-von-Wismar-Kopie-1024x678.jpeg"}],"twitter_misc":{"Gesch\u00e4tzte Lesezeit":"2\u00a0Minuten"},"schema":{"@context":"https:\/\/schema.org","@graph":[{"@type":"WebPage","@id":"http:\/\/amelix.de\/?page_id=1277","url":"http:\/\/amelix.de\/?page_id=1277","name":"Fahrradtour Wismar - Amelix","isPartOf":{"@id":"http:\/\/amelix.de\/#website"},"datePublished":"2020-11-14T18:37:53+00:00","dateModified":"2020-11-14T18:47:12+00:00","breadcrumb":{"@id":"http:\/\/amelix.de\/?page_id=1277#breadcrumb"},"inLanguage":"de","potentialAction":[{"@type":"ReadAction","target":["http:\/\/amelix.de\/?page_id=1277"]}]},{"@type":"BreadcrumbList","@id":"http:\/\/amelix.de\/?page_id=1277#breadcrumb","itemListElement":[{"@type":"ListItem","position":1,"name":"Home","item":"http:\/\/amelix.de\/"},{"@type":"ListItem","position":2,"name":"Fahrradtour Wismar"}]},{"@type":"WebSite","@id":"http:\/\/amelix.de\/#website","url":"http:\/\/amelix.de\/","name":"Amelix","description":"Fahrradfahr-Blog f\u00fcr Best-Ager","potentialAction":[{"@type":"SearchAction","target":{"@type":"EntryPoint","urlTemplate":"http:\/\/amelix.de\/?s={search_term_string}"},"query-input":"required name=search_term_string"}],"inLanguage":"de"}]}},"_links":{"self":[{"href":"http:\/\/amelix.de\/index.php?rest_route=\/wp\/v2\/pages\/1277"}],"collection":[{"href":"http:\/\/amelix.de\/index.php?rest_route=\/wp\/v2\/pages"}],"about":[{"href":"http:\/\/amelix.de\/index.php?rest_route=\/wp\/v2\/types\/page"}],"author":[{"embeddable":true,"href":"http:\/\/amelix.de\/index.php?rest_route=\/wp\/v2\/users\/2"}],"replies":[{"embeddable":true,"href":"http:\/\/amelix.de\/index.php?rest_route=%2Fwp%2Fv2%2Fcomments&post=1277"}],"version-history":[{"count":26,"href":"http:\/\/amelix.de\/index.php?rest_route=\/wp\/v2\/pages\/1277\/revisions"}],"predecessor-version":[{"id":1340,"href":"http:\/\/amelix.de\/index.php?rest_route=\/wp\/v2\/pages\/1277\/revisions\/1340"}],"wp:attachment":[{"href":"http:\/\/amelix.de\/index.php?rest_route=%2Fwp%2Fv2%2Fmedia&parent=1277"}],"curies":[{"name":"wp","href":"https:\/\/api.w.org\/{rel}","templated":true}]}}