{"id":1341,"date":"2020-11-15T21:40:55","date_gmt":"2020-11-15T20:40:55","guid":{"rendered":"http:\/\/amelix.de\/?page_id=1341"},"modified":"2020-11-15T22:10:34","modified_gmt":"2020-11-15T21:10:34","slug":"fahrradtour-wismar-poel","status":"publish","type":"page","link":"http:\/\/amelix.de\/?page_id=1341","title":{"rendered":"Fahrradtour Wismar-Poel"},"content":{"rendered":"<p>&nbsp;<\/p>\n<p>An diesem Tag war unser Ziel die Insel Poel. Diese Rundtour ist ca. 50 km lang und beinhaltet dabei quasi eine &#8222;Inselumrundung \u00a0per Fahrrad&#8220;.<\/p>\n<p>&nbsp;<\/p>\n<p><img loading=\"lazy\" class=\"alignnone wp-image-1362 size-large\" src=\"http:\/\/amelix.de\/wp-content\/uploads\/2020\/11\/IMG_3030-1024x853.jpeg\" alt=\"\" width=\"840\" height=\"700\" srcset=\"http:\/\/amelix.de\/wp-content\/uploads\/2020\/11\/IMG_3030-1024x853.jpeg 1024w, http:\/\/amelix.de\/wp-content\/uploads\/2020\/11\/IMG_3030-600x500.jpeg 600w, http:\/\/amelix.de\/wp-content\/uploads\/2020\/11\/IMG_3030-768x640.jpeg 768w, http:\/\/amelix.de\/wp-content\/uploads\/2020\/11\/IMG_3030-1536x1279.jpeg 1536w, http:\/\/amelix.de\/wp-content\/uploads\/2020\/11\/IMG_3030-2048x1706.jpeg 2048w, http:\/\/amelix.de\/wp-content\/uploads\/2020\/11\/IMG_3030-1200x999.jpeg 1200w\" sizes=\"(max-width: 709px) 85vw, (max-width: 909px) 67vw, (max-width: 1362px) 62vw, 840px\" \/><\/p>\n<p>Am Anfang der Tour war die Radweg-Beschilderung einigerma\u00dfen ausreichend, allerdings ist es schwierig, den Einstieg in den Ostseek\u00fcstenradweg zu finden.<\/p>\n<p><img loading=\"lazy\" class=\"alignnone size-medium wp-image-1346\" src=\"http:\/\/amelix.de\/wp-content\/uploads\/2020\/11\/P1003590-600x400.jpeg\" alt=\"\" width=\"600\" height=\"400\" srcset=\"http:\/\/amelix.de\/wp-content\/uploads\/2020\/11\/P1003590-600x400.jpeg 600w, http:\/\/amelix.de\/wp-content\/uploads\/2020\/11\/P1003590-1024x683.jpeg 1024w, http:\/\/amelix.de\/wp-content\/uploads\/2020\/11\/P1003590-768x512.jpeg 768w, http:\/\/amelix.de\/wp-content\/uploads\/2020\/11\/P1003590-1536x1024.jpeg 1536w, http:\/\/amelix.de\/wp-content\/uploads\/2020\/11\/P1003590-2048x1365.jpeg 2048w, http:\/\/amelix.de\/wp-content\/uploads\/2020\/11\/P1003590-1200x800.jpeg 1200w\" sizes=\"(max-width: 600px) 85vw, 600px\" \/><\/p>\n<p>Nach \u00fcberqueren dieser Strasse, der Palettenwerkstrasse, erkennbar am gelben Schild, geht es ca. 50 m weiter geradeaus. Dann ist auf der linken Seite ein kleines Fahrradhinweisschild. Wer dort abbiegt, ist auf dem Fahrradweg zur Insel Poel.<\/p>\n<p>Nach einigen Kilometern kann man dann auf der linken Seite , in der Ostsee, das &#8222;Betonschiff von Redentin&#8220; liegen sehen. Es mutet an, wie ein LostPlace-Motiv f\u00fcr Fotografen.<\/p>\n<figure id=\"attachment_1347\" aria-describedby=\"caption-attachment-1347\" style=\"width: 840px\" class=\"wp-caption alignnone\"><img loading=\"lazy\" class=\"wp-image-1347 size-large\" src=\"http:\/\/amelix.de\/wp-content\/uploads\/2020\/11\/P1003594-1024x683.jpeg\" alt=\"\" width=\"840\" height=\"560\" srcset=\"http:\/\/amelix.de\/wp-content\/uploads\/2020\/11\/P1003594-1024x683.jpeg 1024w, http:\/\/amelix.de\/wp-content\/uploads\/2020\/11\/P1003594-600x400.jpeg 600w, http:\/\/amelix.de\/wp-content\/uploads\/2020\/11\/P1003594-768x512.jpeg 768w, http:\/\/amelix.de\/wp-content\/uploads\/2020\/11\/P1003594-1536x1024.jpeg 1536w, http:\/\/amelix.de\/wp-content\/uploads\/2020\/11\/P1003594-2048x1365.jpeg 2048w, http:\/\/amelix.de\/wp-content\/uploads\/2020\/11\/P1003594-1200x800.jpeg 1200w\" sizes=\"(max-width: 709px) 85vw, (max-width: 909px) 67vw, (max-width: 1362px) 62vw, 840px\" \/><figcaption id=\"caption-attachment-1347\" class=\"wp-caption-text\">Betonschiff von Redentin<\/figcaption><\/figure>\n<p>Zur Geschichte des Betonschiffes von Redentin: <strong><em>Quelle Wikipedia<\/em><\/strong><\/p>\n<p>&#8222;Da w\u00e4hrend des Zweiten Weltkrieges Stahl knapp wurde, griff man die Idee wieder auf, Schiffe aus Leichtbeton zu bauen.\u00a0Der Rumpf des Schiffes wurde in <a title=\"Monocoque\" href=\"https:\/\/de.wikipedia.org\/wiki\/Monocoque\">Schalenbauweise<\/a> in einer Baugrube hergestellt. Die Fertigung erfolgte mit Kiel nach oben, und nach Fertigstellung wurde der Schiffsrumpf nach Fluten der Grube gedreht und aufgerichtet. Das Betonschiff von Redentin wurde zwischen 1943 und 1944 in <a title=\"\u015awinouj\u015bcie\" href=\"https:\/\/de.wikipedia.org\/wiki\/%C5%9Awinouj%C5%9Bcie\">Ostswine<\/a> gebaut und sollte in Wismar ausger\u00fcstet werden. Es strandete w\u00e4hrend der \u00dcberf\u00fchrung in der <a title=\"Wismarer Bucht\" href=\"https:\/\/de.wikipedia.org\/wiki\/Wismarer_Bucht\">Wismarer Bucht<\/a> vor dem ehemaligen Fischerdorf Redentin, heute Teil der Stadt <a title=\"Wismar\" href=\"https:\/\/de.wikipedia.org\/wiki\/Wismar\">Wismar<\/a> (Stadtteil Wismar Nord), in der N\u00e4he seines jetzigen Standorts. Vermutlich wurde es danach nie als Schiff, sondern nur als Lager genutzt. Bei dem Versuch, das Schiff in den 1960er Jahren in den Hafen von Redentin zu schleppen, lief es an seinem jetzigen Standort auf eine Sandbank auf.<span id=\"coordinates\" class=\"coordinates noprint\"><\/span><\/p>\n<figure id=\"attachment_1348\" aria-describedby=\"caption-attachment-1348\" style=\"width: 840px\" class=\"wp-caption alignnone\"><img loading=\"lazy\" class=\"wp-image-1348 size-large\" src=\"http:\/\/amelix.de\/wp-content\/uploads\/2020\/11\/P1003593-2-1024x683.jpeg\" alt=\"\" width=\"840\" height=\"560\" srcset=\"http:\/\/amelix.de\/wp-content\/uploads\/2020\/11\/P1003593-2-1024x683.jpeg 1024w, http:\/\/amelix.de\/wp-content\/uploads\/2020\/11\/P1003593-2-600x400.jpeg 600w, http:\/\/amelix.de\/wp-content\/uploads\/2020\/11\/P1003593-2-768x512.jpeg 768w, http:\/\/amelix.de\/wp-content\/uploads\/2020\/11\/P1003593-2-1536x1024.jpeg 1536w, http:\/\/amelix.de\/wp-content\/uploads\/2020\/11\/P1003593-2-2048x1365.jpeg 2048w, http:\/\/amelix.de\/wp-content\/uploads\/2020\/11\/P1003593-2-1200x800.jpeg 1200w\" sizes=\"(max-width: 709px) 85vw, (max-width: 909px) 67vw, (max-width: 1362px) 62vw, 840px\" \/><figcaption id=\"caption-attachment-1348\" class=\"wp-caption-text\">Lost Place Motiv Betonschiff<\/figcaption><\/figure>\n<p>Dann f\u00fchrt der Radweg weiter in Richtung \u00a0F\u00e4hrdorf, entlang der Bundesstrasse. Und rechts und links sehen wir nur Wasser, Landschaft und Tiere.<\/p>\n<figure id=\"attachment_1352\" aria-describedby=\"caption-attachment-1352\" style=\"width: 840px\" class=\"wp-caption alignnone\"><img loading=\"lazy\" class=\"wp-image-1352 size-large\" src=\"http:\/\/amelix.de\/wp-content\/uploads\/2020\/11\/Anfahrt-Poel-1024x479.jpeg\" alt=\"\" width=\"840\" height=\"393\" srcset=\"http:\/\/amelix.de\/wp-content\/uploads\/2020\/11\/Anfahrt-Poel-1024x479.jpeg 1024w, http:\/\/amelix.de\/wp-content\/uploads\/2020\/11\/Anfahrt-Poel-600x281.jpeg 600w, http:\/\/amelix.de\/wp-content\/uploads\/2020\/11\/Anfahrt-Poel-768x360.jpeg 768w, http:\/\/amelix.de\/wp-content\/uploads\/2020\/11\/Anfahrt-Poel-1536x719.jpeg 1536w, http:\/\/amelix.de\/wp-content\/uploads\/2020\/11\/Anfahrt-Poel-2048x959.jpeg 2048w, http:\/\/amelix.de\/wp-content\/uploads\/2020\/11\/Anfahrt-Poel-1200x562.jpeg 1200w\" sizes=\"(max-width: 709px) 85vw, (max-width: 909px) 67vw, (max-width: 1362px) 62vw, 840px\" \/><figcaption id=\"caption-attachment-1352\" class=\"wp-caption-text\">Erster Blick auf F\u00e4hrdorf<\/figcaption><\/figure>\n<p>&nbsp;<\/p>\n<p>Beim Ortsteil F\u00e4hrdorf beginnt die Insel Poel. Im Uhrzeigersinn radelten wir die Rundtour um die Insel. \u00a0Der n\u00e4chste Ort war Kirchdorf mit einem lebhaften Hafen.Von dort aus kann man f\u00fcr den R\u00fcckweg auch ein Fahrgastschiff nutzen, wenn die Kondition nicht reichen sollte. Kirchdorf ist das Zentrum der Insel mit Gastronomie und Einkaufsm\u00f6glichkeiten.<\/p>\n<figure id=\"attachment_1350\" aria-describedby=\"caption-attachment-1350\" style=\"width: 840px\" class=\"wp-caption alignnone\"><img loading=\"lazy\" class=\"wp-image-1350 size-large\" src=\"http:\/\/amelix.de\/wp-content\/uploads\/2020\/11\/Hafen-KirchdorfPoel-Kopie-1024x768.jpeg\" alt=\"\" width=\"840\" height=\"630\" srcset=\"http:\/\/amelix.de\/wp-content\/uploads\/2020\/11\/Hafen-KirchdorfPoel-Kopie-1024x768.jpeg 1024w, http:\/\/amelix.de\/wp-content\/uploads\/2020\/11\/Hafen-KirchdorfPoel-Kopie-600x450.jpeg 600w, http:\/\/amelix.de\/wp-content\/uploads\/2020\/11\/Hafen-KirchdorfPoel-Kopie-768x576.jpeg 768w, http:\/\/amelix.de\/wp-content\/uploads\/2020\/11\/Hafen-KirchdorfPoel-Kopie-1536x1152.jpeg 1536w, http:\/\/amelix.de\/wp-content\/uploads\/2020\/11\/Hafen-KirchdorfPoel-Kopie-2048x1536.jpeg 2048w, http:\/\/amelix.de\/wp-content\/uploads\/2020\/11\/Hafen-KirchdorfPoel-Kopie-1200x900.jpeg 1200w\" sizes=\"(max-width: 709px) 85vw, (max-width: 909px) 67vw, (max-width: 1362px) 62vw, 840px\" \/><figcaption id=\"caption-attachment-1350\" class=\"wp-caption-text\">Hafen von Kirchdorf<\/figcaption><\/figure>\n<p>Dann fuhren wir \u00a0weiter nach Timmendorf Strand ( es heisst wirklich so und hat mit Timmendorfer Strand nichts zu tun ) . Dieser Ortsteil hat einen Leuchtturm, der besichtigt werden kann und einen wundersch\u00f6nen Hafen. Der Hafen kann, dank der gemauerten Kaianlage, zu einem gro\u00dfe Teil zu Fuss erlaufen werden.<\/p>\n<figure id=\"attachment_1354\" aria-describedby=\"caption-attachment-1354\" style=\"width: 840px\" class=\"wp-caption alignnone\"><img loading=\"lazy\" class=\"wp-image-1354 size-large\" src=\"http:\/\/amelix.de\/wp-content\/uploads\/2020\/11\/P1003548-1024x683.jpeg\" alt=\"\" width=\"840\" height=\"560\" srcset=\"http:\/\/amelix.de\/wp-content\/uploads\/2020\/11\/P1003548-1024x683.jpeg 1024w, http:\/\/amelix.de\/wp-content\/uploads\/2020\/11\/P1003548-600x400.jpeg 600w, http:\/\/amelix.de\/wp-content\/uploads\/2020\/11\/P1003548-768x512.jpeg 768w, http:\/\/amelix.de\/wp-content\/uploads\/2020\/11\/P1003548-1536x1024.jpeg 1536w, http:\/\/amelix.de\/wp-content\/uploads\/2020\/11\/P1003548-2048x1365.jpeg 2048w, http:\/\/amelix.de\/wp-content\/uploads\/2020\/11\/P1003548-1200x800.jpeg 1200w\" sizes=\"(max-width: 709px) 85vw, (max-width: 909px) 67vw, (max-width: 1362px) 62vw, 840px\" \/><figcaption id=\"caption-attachment-1354\" class=\"wp-caption-text\">Badestrand<\/figcaption><\/figure>\n<figure id=\"attachment_1351\" aria-describedby=\"caption-attachment-1351\" style=\"width: 840px\" class=\"wp-caption alignnone\"><img loading=\"lazy\" class=\"wp-image-1351 size-large\" src=\"http:\/\/amelix.de\/wp-content\/uploads\/2020\/11\/Hafen-Timmendorf-StarndPoel-1024x678.jpeg\" alt=\"\" width=\"840\" height=\"556\" srcset=\"http:\/\/amelix.de\/wp-content\/uploads\/2020\/11\/Hafen-Timmendorf-StarndPoel-1024x678.jpeg 1024w, http:\/\/amelix.de\/wp-content\/uploads\/2020\/11\/Hafen-Timmendorf-StarndPoel-600x397.jpeg 600w, http:\/\/amelix.de\/wp-content\/uploads\/2020\/11\/Hafen-Timmendorf-StarndPoel-768x509.jpeg 768w, http:\/\/amelix.de\/wp-content\/uploads\/2020\/11\/Hafen-Timmendorf-StarndPoel-1536x1017.jpeg 1536w, http:\/\/amelix.de\/wp-content\/uploads\/2020\/11\/Hafen-Timmendorf-StarndPoel-2048x1356.jpeg 2048w, http:\/\/amelix.de\/wp-content\/uploads\/2020\/11\/Hafen-Timmendorf-StarndPoel-1200x795.jpeg 1200w\" sizes=\"(max-width: 709px) 85vw, (max-width: 909px) 67vw, (max-width: 1362px) 62vw, 840px\" \/><figcaption id=\"caption-attachment-1351\" class=\"wp-caption-text\">Leuchtturm Timmendorf Strand<\/figcaption><\/figure>\n<figure id=\"attachment_1355\" aria-describedby=\"caption-attachment-1355\" style=\"width: 840px\" class=\"wp-caption alignnone\"><img loading=\"lazy\" class=\"wp-image-1355 size-large\" src=\"http:\/\/amelix.de\/wp-content\/uploads\/2020\/11\/0019103-3-1024x678.jpeg\" alt=\"\" width=\"840\" height=\"556\" srcset=\"http:\/\/amelix.de\/wp-content\/uploads\/2020\/11\/0019103-3-1024x678.jpeg 1024w, http:\/\/amelix.de\/wp-content\/uploads\/2020\/11\/0019103-3-600x397.jpeg 600w, http:\/\/amelix.de\/wp-content\/uploads\/2020\/11\/0019103-3-768x509.jpeg 768w, http:\/\/amelix.de\/wp-content\/uploads\/2020\/11\/0019103-3-1536x1017.jpeg 1536w, http:\/\/amelix.de\/wp-content\/uploads\/2020\/11\/0019103-3-2048x1356.jpeg 2048w, http:\/\/amelix.de\/wp-content\/uploads\/2020\/11\/0019103-3-1200x795.jpeg 1200w\" sizes=\"(max-width: 709px) 85vw, (max-width: 909px) 67vw, (max-width: 1362px) 62vw, 840px\" \/><figcaption id=\"caption-attachment-1355\" class=\"wp-caption-text\">Hafen Timmendorf Strand<\/figcaption><\/figure>\n<p>Dann radelten wir parallel zur Ostsee \u00fcber Gallwitz \u00a0nach F\u00e4hrdorf zur\u00fcck.Es ist eine angenehm abwechslungsreiche Strecke mit viel Ausblick auf die Ostsee. Von F\u00e4hrdorf aus dann wieder \u00fcber den Radweg nach Wismar zur\u00fcck<\/p>\n<p><span style=\"color: #3366ff;\">Zusammenfassend<\/span><\/p>\n<p><span style=\"color: #3366ff;\">Die erste Bew\u00e4hrungsprobe f\u00fcr unsere E-Bikes hatten wir am F\u00e4hrendorfer Berg. Es geht dort ein ganzes St\u00fcck stetig bergauf. Aber es war mit geringer Unterst\u00fctzung zu schaffen. Die Radwege auf der Insel sind eine gute Mischung aus Pflaster, Sand, Platten, Kies und Waldboden. \u00a0Diese h\u00fcbsche Insel ist \u00a0auf jeden Fall einen Besuch wert!<\/span><\/p>\n<p>&nbsp;<\/p>\n","protected":false},"excerpt":{"rendered":"<p>&nbsp; An diesem Tag war unser Ziel die Insel Poel. Diese Rundtour ist ca. 50 km lang und beinhaltet dabei quasi eine &#8222;Inselumrundung \u00a0per Fahrrad&#8220;. &nbsp; Am Anfang der Tour war die Radweg-Beschilderung einigerma\u00dfen ausreichend, allerdings ist es schwierig, den Einstieg in den Ostseek\u00fcstenradweg zu finden. Nach \u00fcberqueren dieser Strasse, der Palettenwerkstrasse, erkennbar am gelben &hellip; <a href=\"http:\/\/amelix.de\/?page_id=1341\" class=\"more-link\"><span class=\"screen-reader-text\">\u201eFahrradtour Wismar-Poel\u201c<\/span> weiterlesen<\/a><\/p>\n","protected":false},"author":2,"featured_media":0,"parent":0,"menu_order":0,"comment_status":"closed","ping_status":"closed","template":"","meta":[],"yoast_head":"<!-- This site is optimized with the Yoast SEO plugin v19.10 - https:\/\/yoast.com\/wordpress\/plugins\/seo\/ -->\n<title>Fahrradtour Wismar-Poel - Amelix<\/title>\n<meta name=\"robots\" content=\"index, follow, max-snippet:-1, max-image-preview:large, max-video-preview:-1\" \/>\n<link rel=\"canonical\" href=\"http:\/\/amelix.de\/?page_id=1341\" \/>\n<meta property=\"og:locale\" content=\"de_DE\" \/>\n<meta property=\"og:type\" content=\"article\" \/>\n<meta property=\"og:title\" content=\"Fahrradtour Wismar-Poel - Amelix\" \/>\n<meta property=\"og:description\" content=\"&nbsp; An diesem Tag war unser Ziel die Insel Poel. Diese Rundtour ist ca. 50 km lang und beinhaltet dabei quasi eine &#8222;Inselumrundung \u00a0per Fahrrad&#8220;. &nbsp; Am Anfang der Tour war die Radweg-Beschilderung einigerma\u00dfen ausreichend, allerdings ist es schwierig, den Einstieg in den Ostseek\u00fcstenradweg zu finden. Nach \u00fcberqueren dieser Strasse, der Palettenwerkstrasse, erkennbar am gelben &hellip; \u201eFahrradtour Wismar-Poel\u201c weiterlesen\" \/>\n<meta property=\"og:url\" content=\"http:\/\/amelix.de\/?page_id=1341\" \/>\n<meta property=\"og:site_name\" content=\"Amelix\" \/>\n<meta property=\"article:modified_time\" content=\"2020-11-15T21:10:34+00:00\" \/>\n<meta property=\"og:image\" content=\"http:\/\/amelix.de\/wp-content\/uploads\/2020\/11\/IMG_3030-1024x853.jpeg\" \/>\n<meta name=\"twitter:label1\" content=\"Gesch\u00e4tzte Lesezeit\" \/>\n\t<meta name=\"twitter:data1\" content=\"3\u00a0Minuten\" \/>\n<script type=\"application\/ld+json\" class=\"yoast-schema-graph\">{\"@context\":\"https:\/\/schema.org\",\"@graph\":[{\"@type\":\"WebPage\",\"@id\":\"http:\/\/amelix.de\/?page_id=1341\",\"url\":\"http:\/\/amelix.de\/?page_id=1341\",\"name\":\"Fahrradtour Wismar-Poel - Amelix\",\"isPartOf\":{\"@id\":\"http:\/\/amelix.de\/#website\"},\"datePublished\":\"2020-11-15T20:40:55+00:00\",\"dateModified\":\"2020-11-15T21:10:34+00:00\",\"breadcrumb\":{\"@id\":\"http:\/\/amelix.de\/?page_id=1341#breadcrumb\"},\"inLanguage\":\"de\",\"potentialAction\":[{\"@type\":\"ReadAction\",\"target\":[\"http:\/\/amelix.de\/?page_id=1341\"]}]},{\"@type\":\"BreadcrumbList\",\"@id\":\"http:\/\/amelix.de\/?page_id=1341#breadcrumb\",\"itemListElement\":[{\"@type\":\"ListItem\",\"position\":1,\"name\":\"Home\",\"item\":\"http:\/\/amelix.de\/\"},{\"@type\":\"ListItem\",\"position\":2,\"name\":\"Fahrradtour Wismar-Poel\"}]},{\"@type\":\"WebSite\",\"@id\":\"http:\/\/amelix.de\/#website\",\"url\":\"http:\/\/amelix.de\/\",\"name\":\"Amelix\",\"description\":\"Fahrradfahr-Blog f\u00fcr Best-Ager\",\"potentialAction\":[{\"@type\":\"SearchAction\",\"target\":{\"@type\":\"EntryPoint\",\"urlTemplate\":\"http:\/\/amelix.de\/?s={search_term_string}\"},\"query-input\":\"required name=search_term_string\"}],\"inLanguage\":\"de\"}]}<\/script>\n<!-- \/ Yoast SEO plugin. -->","yoast_head_json":{"title":"Fahrradtour Wismar-Poel - Amelix","robots":{"index":"index","follow":"follow","max-snippet":"max-snippet:-1","max-image-preview":"max-image-preview:large","max-video-preview":"max-video-preview:-1"},"canonical":"http:\/\/amelix.de\/?page_id=1341","og_locale":"de_DE","og_type":"article","og_title":"Fahrradtour Wismar-Poel - Amelix","og_description":"&nbsp; An diesem Tag war unser Ziel die Insel Poel. Diese Rundtour ist ca. 50 km lang und beinhaltet dabei quasi eine &#8222;Inselumrundung \u00a0per Fahrrad&#8220;. &nbsp; Am Anfang der Tour war die Radweg-Beschilderung einigerma\u00dfen ausreichend, allerdings ist es schwierig, den Einstieg in den Ostseek\u00fcstenradweg zu finden. Nach \u00fcberqueren dieser Strasse, der Palettenwerkstrasse, erkennbar am gelben &hellip; \u201eFahrradtour Wismar-Poel\u201c weiterlesen","og_url":"http:\/\/amelix.de\/?page_id=1341","og_site_name":"Amelix","article_modified_time":"2020-11-15T21:10:34+00:00","og_image":[{"url":"http:\/\/amelix.de\/wp-content\/uploads\/2020\/11\/IMG_3030-1024x853.jpeg"}],"twitter_misc":{"Gesch\u00e4tzte Lesezeit":"3\u00a0Minuten"},"schema":{"@context":"https:\/\/schema.org","@graph":[{"@type":"WebPage","@id":"http:\/\/amelix.de\/?page_id=1341","url":"http:\/\/amelix.de\/?page_id=1341","name":"Fahrradtour Wismar-Poel - Amelix","isPartOf":{"@id":"http:\/\/amelix.de\/#website"},"datePublished":"2020-11-15T20:40:55+00:00","dateModified":"2020-11-15T21:10:34+00:00","breadcrumb":{"@id":"http:\/\/amelix.de\/?page_id=1341#breadcrumb"},"inLanguage":"de","potentialAction":[{"@type":"ReadAction","target":["http:\/\/amelix.de\/?page_id=1341"]}]},{"@type":"BreadcrumbList","@id":"http:\/\/amelix.de\/?page_id=1341#breadcrumb","itemListElement":[{"@type":"ListItem","position":1,"name":"Home","item":"http:\/\/amelix.de\/"},{"@type":"ListItem","position":2,"name":"Fahrradtour Wismar-Poel"}]},{"@type":"WebSite","@id":"http:\/\/amelix.de\/#website","url":"http:\/\/amelix.de\/","name":"Amelix","description":"Fahrradfahr-Blog f\u00fcr Best-Ager","potentialAction":[{"@type":"SearchAction","target":{"@type":"EntryPoint","urlTemplate":"http:\/\/amelix.de\/?s={search_term_string}"},"query-input":"required name=search_term_string"}],"inLanguage":"de"}]}},"_links":{"self":[{"href":"http:\/\/amelix.de\/index.php?rest_route=\/wp\/v2\/pages\/1341"}],"collection":[{"href":"http:\/\/amelix.de\/index.php?rest_route=\/wp\/v2\/pages"}],"about":[{"href":"http:\/\/amelix.de\/index.php?rest_route=\/wp\/v2\/types\/page"}],"author":[{"embeddable":true,"href":"http:\/\/amelix.de\/index.php?rest_route=\/wp\/v2\/users\/2"}],"replies":[{"embeddable":true,"href":"http:\/\/amelix.de\/index.php?rest_route=%2Fwp%2Fv2%2Fcomments&post=1341"}],"version-history":[{"count":15,"href":"http:\/\/amelix.de\/index.php?rest_route=\/wp\/v2\/pages\/1341\/revisions"}],"predecessor-version":[{"id":1374,"href":"http:\/\/amelix.de\/index.php?rest_route=\/wp\/v2\/pages\/1341\/revisions\/1374"}],"wp:attachment":[{"href":"http:\/\/amelix.de\/index.php?rest_route=%2Fwp%2Fv2%2Fmedia&parent=1341"}],"curies":[{"name":"wp","href":"https:\/\/api.w.org\/{rel}","templated":true}]}}