{"id":1392,"date":"2020-11-25T19:37:38","date_gmt":"2020-11-25T18:37:38","guid":{"rendered":"http:\/\/amelix.de\/?page_id=1392"},"modified":"2020-11-25T20:32:31","modified_gmt":"2020-11-25T19:32:31","slug":"von-muenster-amelsbueren-nach-senden","status":"publish","type":"page","link":"http:\/\/amelix.de\/?page_id=1392","title":{"rendered":"Von M\u00fcnster-Amelsb\u00fcren nach Senden\/ Westfalen"},"content":{"rendered":"<p>Wir fahren bei fast jedem Wetter mit unseren Fahrr\u00e4dern los. Da bleibt es nicht aus, dass man h\u00e4ufiger Mal das gleiche Ziel ansteuert. Aber es muss ja nicht immer \u00fcber den gleichen Weg erreicht werden.<\/p>\n<p>So \u00a0gibt es z. B. eine landschaftlich abwechslungsreiche Strecke um von M\u00fcnster-Amelsb\u00fcren nach Senden zu kommen.<\/p>\n<p style=\"padding-left: 200px;\"><iframe loading=\"lazy\" src=\"https:\/\/www.komoot.de\/tour\/286328313\/embed?profile=1\" width=\"100%\" height=\"680\" frameborder=\"0\" scrolling=\"no\"><\/iframe><\/p>\n<p>&nbsp;<\/p>\n<p><img loading=\"lazy\" class=\"alignnone size-medium wp-image-1399\" src=\"http:\/\/amelix.de\/wp-content\/uploads\/2020\/11\/IMG_3069-600x555.jpeg\" alt=\"\" width=\"600\" height=\"555\" srcset=\"http:\/\/amelix.de\/wp-content\/uploads\/2020\/11\/IMG_3069-600x555.jpeg 600w, http:\/\/amelix.de\/wp-content\/uploads\/2020\/11\/IMG_3069-1024x947.jpeg 1024w, http:\/\/amelix.de\/wp-content\/uploads\/2020\/11\/IMG_3069-768x711.jpeg 768w, http:\/\/amelix.de\/wp-content\/uploads\/2020\/11\/IMG_3069-1536x1421.jpeg 1536w, http:\/\/amelix.de\/wp-content\/uploads\/2020\/11\/IMG_3069-2048x1895.jpeg 2048w, http:\/\/amelix.de\/wp-content\/uploads\/2020\/11\/IMG_3069-1200x1110.jpeg 1200w\" sizes=\"(max-width: 600px) 85vw, 600px\" \/><\/p>\n<p>&nbsp;<\/p>\n<figure id=\"attachment_1380\" aria-describedby=\"caption-attachment-1380\" style=\"width: 840px\" class=\"wp-caption alignnone\"><img loading=\"lazy\" class=\"wp-image-1380 size-large\" src=\"http:\/\/amelix.de\/wp-content\/uploads\/2020\/11\/image-2-1024x703.jpeg\" alt=\"\" width=\"840\" height=\"577\" srcset=\"http:\/\/amelix.de\/wp-content\/uploads\/2020\/11\/image-2-1024x703.jpeg 1024w, http:\/\/amelix.de\/wp-content\/uploads\/2020\/11\/image-2-600x412.jpeg 600w, http:\/\/amelix.de\/wp-content\/uploads\/2020\/11\/image-2-768x527.jpeg 768w, http:\/\/amelix.de\/wp-content\/uploads\/2020\/11\/image-2-1200x823.jpeg 1200w, http:\/\/amelix.de\/wp-content\/uploads\/2020\/11\/image-2.jpeg 1488w\" sizes=\"(max-width: 709px) 85vw, (max-width: 909px) 67vw, (max-width: 1362px) 62vw, 840px\" \/><figcaption id=\"caption-attachment-1380\" class=\"wp-caption-text\">hinter der Br\u00fccke rechts abiegen in den &#8222;Hartmannsbrook&#8220;<\/figcaption><\/figure>\n<p>Wir starten auf der Otmarsbocholterstrasse und biegen, direkt nach der Eisenbahnbr\u00fccke, rechts ab in den&#8220; Hartmannsbrook &#8222;. Dieser Strasse, die zwischen Wiesen entlang f\u00fchrt, folgen wir, bis wir unter der Autobahnbr\u00fccke durchgefahren sind.<\/p>\n<p>&nbsp;<\/p>\n<figure id=\"attachment_1391\" aria-describedby=\"caption-attachment-1391\" style=\"width: 840px\" class=\"wp-caption alignnone\"><img loading=\"lazy\" class=\"wp-image-1391 size-large\" src=\"http:\/\/amelix.de\/wp-content\/uploads\/2020\/11\/image-3-2-1024x768.png\" alt=\"\" width=\"840\" height=\"630\" srcset=\"http:\/\/amelix.de\/wp-content\/uploads\/2020\/11\/image-3-2-1024x768.png 1024w, http:\/\/amelix.de\/wp-content\/uploads\/2020\/11\/image-3-2-600x450.png 600w, http:\/\/amelix.de\/wp-content\/uploads\/2020\/11\/image-3-2-768x576.png 768w, http:\/\/amelix.de\/wp-content\/uploads\/2020\/11\/image-3-2-1536x1152.png 1536w, http:\/\/amelix.de\/wp-content\/uploads\/2020\/11\/image-3-2-1200x900.png 1200w, http:\/\/amelix.de\/wp-content\/uploads\/2020\/11\/image-3-2.png 2048w\" sizes=\"(max-width: 709px) 85vw, (max-width: 909px) 67vw, (max-width: 1362px) 62vw, 840px\" \/><figcaption id=\"caption-attachment-1391\" class=\"wp-caption-text\">Links abbiegen, wo der Fussg\u00e4nger zu sehen ist.<\/figcaption><\/figure>\n<p>Wenige Meter weiter biegen wir links ab in den Weg \u00a0&#8222;D\u00e4ngsel&#8220;. Am rechten Strassenrand ist ein wegweisendes Radweg-Schild angebracht. Jetzt kommt ein, wie wir finden, sch\u00f6nes Wegst\u00fcck mit weitem Blick rechterhand auf Wiesen. Auf der linken Seite sind Waldst\u00fccke und ab und an an ist ein \u00a0Teil der dort parallelf\u00fchrenden Autobahn zu sehen. \u00a0Auf beiden Seiten kann man mit etwas Gl\u00fcck Wildtiere sehen.<\/p>\n<figure id=\"attachment_1381\" aria-describedby=\"caption-attachment-1381\" style=\"width: 840px\" class=\"wp-caption alignnone\"><img loading=\"lazy\" class=\"wp-image-1381 size-large\" src=\"http:\/\/amelix.de\/wp-content\/uploads\/2020\/11\/image-5-1024x912.jpeg\" alt=\"\" width=\"840\" height=\"748\" srcset=\"http:\/\/amelix.de\/wp-content\/uploads\/2020\/11\/image-5-1024x912.jpeg 1024w, http:\/\/amelix.de\/wp-content\/uploads\/2020\/11\/image-5-600x534.jpeg 600w, http:\/\/amelix.de\/wp-content\/uploads\/2020\/11\/image-5-768x684.jpeg 768w, http:\/\/amelix.de\/wp-content\/uploads\/2020\/11\/image-5-1200x1068.jpeg 1200w, http:\/\/amelix.de\/wp-content\/uploads\/2020\/11\/image-5.jpeg 1432w\" sizes=\"(max-width: 709px) 85vw, (max-width: 909px) 67vw, (max-width: 1362px) 62vw, 840px\" \/><figcaption id=\"caption-attachment-1381\" class=\"wp-caption-text\">Hier rechts abbiegen<\/figcaption><\/figure>\n<p>Nach ca. 3,5 km , die wir dem Weg folgen, fahren wir rechts ab und folgen weiterhin dem Weg ungef\u00e4hr noch 500 m, bis wir an der Bundesstrasse sind.<\/p>\n<figure id=\"attachment_1384\" aria-describedby=\"caption-attachment-1384\" style=\"width: 840px\" class=\"wp-caption alignnone\"><img loading=\"lazy\" class=\"wp-image-1384 size-large\" src=\"http:\/\/amelix.de\/wp-content\/uploads\/2020\/11\/image-3-1024x768.png\" alt=\"\" width=\"840\" height=\"630\" srcset=\"http:\/\/amelix.de\/wp-content\/uploads\/2020\/11\/image-3-1024x768.png 1024w, http:\/\/amelix.de\/wp-content\/uploads\/2020\/11\/image-3-600x450.png 600w, http:\/\/amelix.de\/wp-content\/uploads\/2020\/11\/image-3-768x576.png 768w, http:\/\/amelix.de\/wp-content\/uploads\/2020\/11\/image-3-1536x1152.png 1536w, http:\/\/amelix.de\/wp-content\/uploads\/2020\/11\/image-3-1200x900.png 1200w, http:\/\/amelix.de\/wp-content\/uploads\/2020\/11\/image-3.png 2048w\" sizes=\"(max-width: 709px) 85vw, (max-width: 909px) 67vw, (max-width: 1362px) 62vw, 840px\" \/><figcaption id=\"caption-attachment-1384\" class=\"wp-caption-text\">hier NICHT dem Fahrradwegschild nach rechts folgen&#8230;..<\/figcaption><\/figure>\n<figure id=\"attachment_1385\" aria-describedby=\"caption-attachment-1385\" style=\"width: 840px\" class=\"wp-caption alignnone\"><img loading=\"lazy\" class=\"wp-image-1385 size-large\" src=\"http:\/\/amelix.de\/wp-content\/uploads\/2020\/11\/image-2-1024x768.png\" alt=\"\" width=\"840\" height=\"630\" srcset=\"http:\/\/amelix.de\/wp-content\/uploads\/2020\/11\/image-2-1024x768.png 1024w, http:\/\/amelix.de\/wp-content\/uploads\/2020\/11\/image-2-600x450.png 600w, http:\/\/amelix.de\/wp-content\/uploads\/2020\/11\/image-2-768x576.png 768w, http:\/\/amelix.de\/wp-content\/uploads\/2020\/11\/image-2-1536x1152.png 1536w, http:\/\/amelix.de\/wp-content\/uploads\/2020\/11\/image-2-1200x900.png 1200w, http:\/\/amelix.de\/wp-content\/uploads\/2020\/11\/image-2.png 2048w\" sizes=\"(max-width: 709px) 85vw, (max-width: 909px) 67vw, (max-width: 1362px) 62vw, 840px\" \/><figcaption id=\"caption-attachment-1385\" class=\"wp-caption-text\">&#8230;.sondern links abbiegen<\/figcaption><\/figure>\n<p>Jetzt f\u00e4hrt man ein kurzes St\u00fcck nach links auf dem \u00a0neuen Radweg, um&#8230;.<\/p>\n<p><img loading=\"lazy\" class=\"alignnone wp-image-1389 size-large\" src=\"http:\/\/amelix.de\/wp-content\/uploads\/2020\/11\/image-1024x738.jpeg\" alt=\"\" width=\"840\" height=\"605\" srcset=\"http:\/\/amelix.de\/wp-content\/uploads\/2020\/11\/image-1024x738.jpeg 1024w, http:\/\/amelix.de\/wp-content\/uploads\/2020\/11\/image-600x433.jpeg 600w, http:\/\/amelix.de\/wp-content\/uploads\/2020\/11\/image-768x554.jpeg 768w, http:\/\/amelix.de\/wp-content\/uploads\/2020\/11\/image-1200x865.jpeg 1200w, http:\/\/amelix.de\/wp-content\/uploads\/2020\/11\/image.jpeg 1340w\" sizes=\"(max-width: 709px) 85vw, (max-width: 909px) 67vw, (max-width: 1362px) 62vw, 840px\" \/><\/p>\n<p>&#8230; wieder rechts abzubiegen.Hier ist auch wieder ein Fahrradweg-Schild zu sehen, dem man folgen sollte. Jetzt geht es auf einer relativ wenig befahrenen Strasse weiter.<\/p>\n<figure id=\"attachment_1382\" aria-describedby=\"caption-attachment-1382\" style=\"width: 768px\" class=\"wp-caption alignnone\"><img loading=\"lazy\" class=\"wp-image-1382 size-large\" src=\"http:\/\/amelix.de\/wp-content\/uploads\/2020\/11\/image-4-768x1024.png\" alt=\"\" width=\"768\" height=\"1024\" srcset=\"http:\/\/amelix.de\/wp-content\/uploads\/2020\/11\/image-4-768x1024.png 768w, http:\/\/amelix.de\/wp-content\/uploads\/2020\/11\/image-4-450x600.png 450w, http:\/\/amelix.de\/wp-content\/uploads\/2020\/11\/image-4-1152x1536.png 1152w, http:\/\/amelix.de\/wp-content\/uploads\/2020\/11\/image-4-1200x1600.png 1200w, http:\/\/amelix.de\/wp-content\/uploads\/2020\/11\/image-4.png 1536w\" sizes=\"(max-width: 768px) 85vw, 768px\" \/><figcaption id=\"caption-attachment-1382\" class=\"wp-caption-text\">auch hier dem Rad-Schild folgen<\/figcaption><\/figure>\n<p>Der n\u00e4chste Abzweig ist am Radwegeschild gut zu erkennen. Jetzt fahren wir zwischen den Waldst\u00fccken der Venne entlang. Weiterfahrend h\u00e4lt man sich hinter dem grossen Bauernhof auf der rechten Seite ebenfalls rechts. Dem Weg folgend, gelangt man zum Dortmund-Ems-Kanal.<\/p>\n<figure id=\"attachment_1388\" aria-describedby=\"caption-attachment-1388\" style=\"width: 818px\" class=\"wp-caption alignnone\"><img loading=\"lazy\" class=\"wp-image-1388 size-large\" src=\"http:\/\/amelix.de\/wp-content\/uploads\/2020\/11\/Snapseed-8-818x1024.jpg\" alt=\"\" width=\"818\" height=\"1024\" srcset=\"http:\/\/amelix.de\/wp-content\/uploads\/2020\/11\/Snapseed-8-818x1024.jpg 818w, http:\/\/amelix.de\/wp-content\/uploads\/2020\/11\/Snapseed-8-479x600.jpg 479w, http:\/\/amelix.de\/wp-content\/uploads\/2020\/11\/Snapseed-8-768x962.jpg 768w, http:\/\/amelix.de\/wp-content\/uploads\/2020\/11\/Snapseed-8-1227x1536.jpg 1227w, http:\/\/amelix.de\/wp-content\/uploads\/2020\/11\/Snapseed-8-1200x1502.jpg 1200w, http:\/\/amelix.de\/wp-content\/uploads\/2020\/11\/Snapseed-8.jpg 1536w\" sizes=\"(max-width: 818px) 85vw, 818px\" \/><figcaption id=\"caption-attachment-1388\" class=\"wp-caption-text\">Dortmund-Ems-Kanal<\/figcaption><\/figure>\n<figure id=\"attachment_1395\" aria-describedby=\"caption-attachment-1395\" style=\"width: 757px\" class=\"wp-caption alignnone\"><img loading=\"lazy\" class=\"wp-image-1395 size-large\" src=\"http:\/\/amelix.de\/wp-content\/uploads\/2020\/11\/image-5-2-757x1024.jpeg\" alt=\"\" width=\"757\" height=\"1024\" srcset=\"http:\/\/amelix.de\/wp-content\/uploads\/2020\/11\/image-5-2-757x1024.jpeg 757w, http:\/\/amelix.de\/wp-content\/uploads\/2020\/11\/image-5-2-444x600.jpeg 444w, http:\/\/amelix.de\/wp-content\/uploads\/2020\/11\/image-5-2-768x1039.jpeg 768w, http:\/\/amelix.de\/wp-content\/uploads\/2020\/11\/image-5-2.jpeg 1126w\" sizes=\"(max-width: 757px) 85vw, 757px\" \/><figcaption id=\"caption-attachment-1395\" class=\"wp-caption-text\">Dieser Weg f\u00fchrt am Kanal entlang Richtung Senden<\/figcaption><\/figure>\n<p>Ziemlich kurz nach dem \u00dcberqueren des Kanals \u00a0biegt man schon links ab auf den \u00a0Radweg Richtung Senden. Diesem sch\u00f6nen Weg unter B\u00e4umen \u00a0folgt man, bis der Weg unter der Bundesstrasse \u00a0entlang f\u00fchrt.<\/p>\n<figure id=\"attachment_1397\" aria-describedby=\"caption-attachment-1397\" style=\"width: 768px\" class=\"wp-caption alignnone\"><img loading=\"lazy\" class=\"wp-image-1397 size-large\" src=\"http:\/\/amelix.de\/wp-content\/uploads\/2020\/11\/image-6-768x1024.png\" alt=\"\" width=\"768\" height=\"1024\" srcset=\"http:\/\/amelix.de\/wp-content\/uploads\/2020\/11\/image-6-768x1024.png 768w, http:\/\/amelix.de\/wp-content\/uploads\/2020\/11\/image-6-450x600.png 450w, http:\/\/amelix.de\/wp-content\/uploads\/2020\/11\/image-6-1152x1536.png 1152w, http:\/\/amelix.de\/wp-content\/uploads\/2020\/11\/image-6-1200x1600.png 1200w, http:\/\/amelix.de\/wp-content\/uploads\/2020\/11\/image-6.png 1536w\" sizes=\"(max-width: 768px) 85vw, 768px\" \/><figcaption id=\"caption-attachment-1397\" class=\"wp-caption-text\">Neue Kaianlage in Senden am Dortmund-Ems-Kanal<\/figcaption><\/figure>\n<p>Dann hat man auch schon die Stadt Senden \/ Westfalen erreicht. Um in die City zu kommen kann man nun eigentlich jedem \u00a0Weg folgen, der rechts ab geht.<\/p>\n","protected":false},"excerpt":{"rendered":"<p>Wir fahren bei fast jedem Wetter mit unseren Fahrr\u00e4dern los. Da bleibt es nicht aus, dass man h\u00e4ufiger Mal das gleiche Ziel ansteuert. Aber es muss ja nicht immer \u00fcber den gleichen Weg erreicht werden. So \u00a0gibt es z. B. eine landschaftlich abwechslungsreiche Strecke um von M\u00fcnster-Amelsb\u00fcren nach Senden zu kommen. &nbsp; &nbsp; Wir starten &hellip; <a href=\"http:\/\/amelix.de\/?page_id=1392\" class=\"more-link\"><span class=\"screen-reader-text\">\u201eVon M\u00fcnster-Amelsb\u00fcren nach Senden\/ Westfalen\u201c<\/span> weiterlesen<\/a><\/p>\n","protected":false},"author":2,"featured_media":0,"parent":0,"menu_order":0,"comment_status":"closed","ping_status":"closed","template":"","meta":[],"yoast_head":"<!-- This site is optimized with the Yoast SEO plugin v19.10 - https:\/\/yoast.com\/wordpress\/plugins\/seo\/ -->\n<title>Von M\u00fcnster-Amelsb\u00fcren nach Senden\/ Westfalen - Amelix<\/title>\n<meta name=\"robots\" content=\"index, follow, max-snippet:-1, max-image-preview:large, max-video-preview:-1\" \/>\n<link rel=\"canonical\" href=\"http:\/\/amelix.de\/?page_id=1392\" \/>\n<meta property=\"og:locale\" content=\"de_DE\" \/>\n<meta property=\"og:type\" content=\"article\" \/>\n<meta property=\"og:title\" content=\"Von M\u00fcnster-Amelsb\u00fcren nach Senden\/ Westfalen - Amelix\" \/>\n<meta property=\"og:description\" content=\"Wir fahren bei fast jedem Wetter mit unseren Fahrr\u00e4dern los. Da bleibt es nicht aus, dass man h\u00e4ufiger Mal das gleiche Ziel ansteuert. Aber es muss ja nicht immer \u00fcber den gleichen Weg erreicht werden. So \u00a0gibt es z. B. eine landschaftlich abwechslungsreiche Strecke um von M\u00fcnster-Amelsb\u00fcren nach Senden zu kommen. &nbsp; &nbsp; Wir starten &hellip; \u201eVon M\u00fcnster-Amelsb\u00fcren nach Senden\/ Westfalen\u201c weiterlesen\" \/>\n<meta property=\"og:url\" content=\"http:\/\/amelix.de\/?page_id=1392\" \/>\n<meta property=\"og:site_name\" content=\"Amelix\" \/>\n<meta property=\"article:modified_time\" content=\"2020-11-25T19:32:31+00:00\" \/>\n<meta property=\"og:image\" content=\"http:\/\/amelix.de\/wp-content\/uploads\/2020\/11\/IMG_3069-600x555.jpeg\" \/>\n<meta name=\"twitter:label1\" content=\"Gesch\u00e4tzte Lesezeit\" \/>\n\t<meta name=\"twitter:data1\" content=\"2\u00a0Minuten\" \/>\n<script type=\"application\/ld+json\" class=\"yoast-schema-graph\">{\"@context\":\"https:\/\/schema.org\",\"@graph\":[{\"@type\":\"WebPage\",\"@id\":\"http:\/\/amelix.de\/?page_id=1392\",\"url\":\"http:\/\/amelix.de\/?page_id=1392\",\"name\":\"Von M\u00fcnster-Amelsb\u00fcren nach Senden\/ Westfalen - Amelix\",\"isPartOf\":{\"@id\":\"http:\/\/amelix.de\/#website\"},\"datePublished\":\"2020-11-25T18:37:38+00:00\",\"dateModified\":\"2020-11-25T19:32:31+00:00\",\"breadcrumb\":{\"@id\":\"http:\/\/amelix.de\/?page_id=1392#breadcrumb\"},\"inLanguage\":\"de\",\"potentialAction\":[{\"@type\":\"ReadAction\",\"target\":[\"http:\/\/amelix.de\/?page_id=1392\"]}]},{\"@type\":\"BreadcrumbList\",\"@id\":\"http:\/\/amelix.de\/?page_id=1392#breadcrumb\",\"itemListElement\":[{\"@type\":\"ListItem\",\"position\":1,\"name\":\"Home\",\"item\":\"http:\/\/amelix.de\/\"},{\"@type\":\"ListItem\",\"position\":2,\"name\":\"Von M\u00fcnster-Amelsb\u00fcren nach Senden\/ Westfalen\"}]},{\"@type\":\"WebSite\",\"@id\":\"http:\/\/amelix.de\/#website\",\"url\":\"http:\/\/amelix.de\/\",\"name\":\"Amelix\",\"description\":\"Fahrradfahr-Blog f\u00fcr Best-Ager\",\"potentialAction\":[{\"@type\":\"SearchAction\",\"target\":{\"@type\":\"EntryPoint\",\"urlTemplate\":\"http:\/\/amelix.de\/?s={search_term_string}\"},\"query-input\":\"required name=search_term_string\"}],\"inLanguage\":\"de\"}]}<\/script>\n<!-- \/ Yoast SEO plugin. -->","yoast_head_json":{"title":"Von M\u00fcnster-Amelsb\u00fcren nach Senden\/ Westfalen - Amelix","robots":{"index":"index","follow":"follow","max-snippet":"max-snippet:-1","max-image-preview":"max-image-preview:large","max-video-preview":"max-video-preview:-1"},"canonical":"http:\/\/amelix.de\/?page_id=1392","og_locale":"de_DE","og_type":"article","og_title":"Von M\u00fcnster-Amelsb\u00fcren nach Senden\/ Westfalen - Amelix","og_description":"Wir fahren bei fast jedem Wetter mit unseren Fahrr\u00e4dern los. Da bleibt es nicht aus, dass man h\u00e4ufiger Mal das gleiche Ziel ansteuert. Aber es muss ja nicht immer \u00fcber den gleichen Weg erreicht werden. So \u00a0gibt es z. B. eine landschaftlich abwechslungsreiche Strecke um von M\u00fcnster-Amelsb\u00fcren nach Senden zu kommen. &nbsp; &nbsp; Wir starten &hellip; \u201eVon M\u00fcnster-Amelsb\u00fcren nach Senden\/ Westfalen\u201c weiterlesen","og_url":"http:\/\/amelix.de\/?page_id=1392","og_site_name":"Amelix","article_modified_time":"2020-11-25T19:32:31+00:00","og_image":[{"url":"http:\/\/amelix.de\/wp-content\/uploads\/2020\/11\/IMG_3069-600x555.jpeg"}],"twitter_misc":{"Gesch\u00e4tzte Lesezeit":"2\u00a0Minuten"},"schema":{"@context":"https:\/\/schema.org","@graph":[{"@type":"WebPage","@id":"http:\/\/amelix.de\/?page_id=1392","url":"http:\/\/amelix.de\/?page_id=1392","name":"Von M\u00fcnster-Amelsb\u00fcren nach Senden\/ Westfalen - Amelix","isPartOf":{"@id":"http:\/\/amelix.de\/#website"},"datePublished":"2020-11-25T18:37:38+00:00","dateModified":"2020-11-25T19:32:31+00:00","breadcrumb":{"@id":"http:\/\/amelix.de\/?page_id=1392#breadcrumb"},"inLanguage":"de","potentialAction":[{"@type":"ReadAction","target":["http:\/\/amelix.de\/?page_id=1392"]}]},{"@type":"BreadcrumbList","@id":"http:\/\/amelix.de\/?page_id=1392#breadcrumb","itemListElement":[{"@type":"ListItem","position":1,"name":"Home","item":"http:\/\/amelix.de\/"},{"@type":"ListItem","position":2,"name":"Von M\u00fcnster-Amelsb\u00fcren nach Senden\/ Westfalen"}]},{"@type":"WebSite","@id":"http:\/\/amelix.de\/#website","url":"http:\/\/amelix.de\/","name":"Amelix","description":"Fahrradfahr-Blog f\u00fcr Best-Ager","potentialAction":[{"@type":"SearchAction","target":{"@type":"EntryPoint","urlTemplate":"http:\/\/amelix.de\/?s={search_term_string}"},"query-input":"required name=search_term_string"}],"inLanguage":"de"}]}},"_links":{"self":[{"href":"http:\/\/amelix.de\/index.php?rest_route=\/wp\/v2\/pages\/1392"}],"collection":[{"href":"http:\/\/amelix.de\/index.php?rest_route=\/wp\/v2\/pages"}],"about":[{"href":"http:\/\/amelix.de\/index.php?rest_route=\/wp\/v2\/types\/page"}],"author":[{"embeddable":true,"href":"http:\/\/amelix.de\/index.php?rest_route=\/wp\/v2\/users\/2"}],"replies":[{"embeddable":true,"href":"http:\/\/amelix.de\/index.php?rest_route=%2Fwp%2Fv2%2Fcomments&post=1392"}],"version-history":[{"count":11,"href":"http:\/\/amelix.de\/index.php?rest_route=\/wp\/v2\/pages\/1392\/revisions"}],"predecessor-version":[{"id":1411,"href":"http:\/\/amelix.de\/index.php?rest_route=\/wp\/v2\/pages\/1392\/revisions\/1411"}],"wp:attachment":[{"href":"http:\/\/amelix.de\/index.php?rest_route=%2Fwp%2Fv2%2Fmedia&parent=1392"}],"curies":[{"name":"wp","href":"https:\/\/api.w.org\/{rel}","templated":true}]}}