{"id":1464,"date":"2020-12-28T16:06:52","date_gmt":"2020-12-28T15:06:52","guid":{"rendered":"http:\/\/amelix.de\/?page_id=1464"},"modified":"2020-12-28T16:24:48","modified_gmt":"2020-12-28T15:24:48","slug":"kanalinsel-runde","status":"publish","type":"page","link":"http:\/\/amelix.de\/?page_id=1464","title":{"rendered":"Kanalinsel-Runde"},"content":{"rendered":"<p>Heute konnte sich das Wetter nicht entscheiden, ob es trocken bleiben wollte, oder nicht. Da ausserdem gestern ein sehr regnerischer Tag war, sind wir heute gewandert. Das hat sich als sehr sinnvoll herausgestellt, denn die Wege waren entweder v\u00f6llig unter Wasser oder voller Matsch.<\/p>\n<p style=\"text-align: center;\"><iframe loading=\"lazy\" src=\"https:\/\/www.komoot.de\/tour\/298364196\/embed?profile=1\" width=\"100%\" height=\"680\" frameborder=\"0\" scrolling=\"no\"><\/iframe><\/p>\n<figure id=\"attachment_1471\" aria-describedby=\"caption-attachment-1471\" style=\"width: 600px\" class=\"wp-caption aligncenter\"><img loading=\"lazy\" class=\"wp-image-1471 size-medium\" src=\"http:\/\/amelix.de\/wp-content\/uploads\/2020\/12\/P1004026-600x400.jpeg\" alt=\"\" width=\"600\" height=\"400\" srcset=\"http:\/\/amelix.de\/wp-content\/uploads\/2020\/12\/P1004026-600x400.jpeg 600w, http:\/\/amelix.de\/wp-content\/uploads\/2020\/12\/P1004026-1024x683.jpeg 1024w, http:\/\/amelix.de\/wp-content\/uploads\/2020\/12\/P1004026-768x512.jpeg 768w, http:\/\/amelix.de\/wp-content\/uploads\/2020\/12\/P1004026-1536x1024.jpeg 1536w, http:\/\/amelix.de\/wp-content\/uploads\/2020\/12\/P1004026-2048x1365.jpeg 2048w, http:\/\/amelix.de\/wp-content\/uploads\/2020\/12\/P1004026-1200x800.jpeg 1200w\" sizes=\"(max-width: 600px) 85vw, 600px\" \/><figcaption id=\"caption-attachment-1471\" class=\"wp-caption-text\">BASF R\u00fcckseite des Firmengel\u00e4ndes in M\u00fcnster<\/figcaption><\/figure>\n","protected":false},"excerpt":{"rendered":"<p>Heute konnte sich das Wetter nicht entscheiden, ob es trocken bleiben wollte, oder nicht. Da ausserdem gestern ein sehr regnerischer Tag war, sind wir heute gewandert. Das hat sich als sehr sinnvoll herausgestellt, denn die Wege waren entweder v\u00f6llig unter Wasser oder voller Matsch.<\/p>\n","protected":false},"author":2,"featured_media":0,"parent":0,"menu_order":0,"comment_status":"closed","ping_status":"closed","template":"","meta":[],"yoast_head":"<!-- This site is optimized with the Yoast SEO plugin v19.10 - https:\/\/yoast.com\/wordpress\/plugins\/seo\/ -->\n<title>Kanalinsel-Runde - Amelix<\/title>\n<meta name=\"robots\" content=\"index, follow, max-snippet:-1, max-image-preview:large, max-video-preview:-1\" \/>\n<link rel=\"canonical\" href=\"http:\/\/amelix.de\/?page_id=1464\" \/>\n<meta property=\"og:locale\" content=\"de_DE\" \/>\n<meta property=\"og:type\" content=\"article\" \/>\n<meta property=\"og:title\" content=\"Kanalinsel-Runde - Amelix\" \/>\n<meta property=\"og:description\" content=\"Heute konnte sich das Wetter nicht entscheiden, ob es trocken bleiben wollte, oder nicht. Da ausserdem gestern ein sehr regnerischer Tag war, sind wir heute gewandert. Das hat sich als sehr sinnvoll herausgestellt, denn die Wege waren entweder v\u00f6llig unter Wasser oder voller Matsch.\" \/>\n<meta property=\"og:url\" content=\"http:\/\/amelix.de\/?page_id=1464\" \/>\n<meta property=\"og:site_name\" content=\"Amelix\" \/>\n<meta property=\"article:modified_time\" content=\"2020-12-28T15:24:48+00:00\" \/>\n<meta property=\"og:image\" content=\"http:\/\/amelix.de\/wp-content\/uploads\/2020\/12\/P1004026-600x400.jpeg\" \/>\n<script type=\"application\/ld+json\" class=\"yoast-schema-graph\">{\"@context\":\"https:\/\/schema.org\",\"@graph\":[{\"@type\":\"WebPage\",\"@id\":\"http:\/\/amelix.de\/?page_id=1464\",\"url\":\"http:\/\/amelix.de\/?page_id=1464\",\"name\":\"Kanalinsel-Runde - Amelix\",\"isPartOf\":{\"@id\":\"http:\/\/amelix.de\/#website\"},\"datePublished\":\"2020-12-28T15:06:52+00:00\",\"dateModified\":\"2020-12-28T15:24:48+00:00\",\"breadcrumb\":{\"@id\":\"http:\/\/amelix.de\/?page_id=1464#breadcrumb\"},\"inLanguage\":\"de\",\"potentialAction\":[{\"@type\":\"ReadAction\",\"target\":[\"http:\/\/amelix.de\/?page_id=1464\"]}]},{\"@type\":\"BreadcrumbList\",\"@id\":\"http:\/\/amelix.de\/?page_id=1464#breadcrumb\",\"itemListElement\":[{\"@type\":\"ListItem\",\"position\":1,\"name\":\"Home\",\"item\":\"http:\/\/amelix.de\/\"},{\"@type\":\"ListItem\",\"position\":2,\"name\":\"Kanalinsel-Runde\"}]},{\"@type\":\"WebSite\",\"@id\":\"http:\/\/amelix.de\/#website\",\"url\":\"http:\/\/amelix.de\/\",\"name\":\"Amelix\",\"description\":\"Fahrradfahr-Blog f\u00fcr Best-Ager\",\"potentialAction\":[{\"@type\":\"SearchAction\",\"target\":{\"@type\":\"EntryPoint\",\"urlTemplate\":\"http:\/\/amelix.de\/?s={search_term_string}\"},\"query-input\":\"required name=search_term_string\"}],\"inLanguage\":\"de\"}]}<\/script>\n<!-- \/ Yoast SEO plugin. -->","yoast_head_json":{"title":"Kanalinsel-Runde - Amelix","robots":{"index":"index","follow":"follow","max-snippet":"max-snippet:-1","max-image-preview":"max-image-preview:large","max-video-preview":"max-video-preview:-1"},"canonical":"http:\/\/amelix.de\/?page_id=1464","og_locale":"de_DE","og_type":"article","og_title":"Kanalinsel-Runde - Amelix","og_description":"Heute konnte sich das Wetter nicht entscheiden, ob es trocken bleiben wollte, oder nicht. Da ausserdem gestern ein sehr regnerischer Tag war, sind wir heute gewandert. Das hat sich als sehr sinnvoll herausgestellt, denn die Wege waren entweder v\u00f6llig unter Wasser oder voller Matsch.","og_url":"http:\/\/amelix.de\/?page_id=1464","og_site_name":"Amelix","article_modified_time":"2020-12-28T15:24:48+00:00","og_image":[{"url":"http:\/\/amelix.de\/wp-content\/uploads\/2020\/12\/P1004026-600x400.jpeg"}],"schema":{"@context":"https:\/\/schema.org","@graph":[{"@type":"WebPage","@id":"http:\/\/amelix.de\/?page_id=1464","url":"http:\/\/amelix.de\/?page_id=1464","name":"Kanalinsel-Runde - Amelix","isPartOf":{"@id":"http:\/\/amelix.de\/#website"},"datePublished":"2020-12-28T15:06:52+00:00","dateModified":"2020-12-28T15:24:48+00:00","breadcrumb":{"@id":"http:\/\/amelix.de\/?page_id=1464#breadcrumb"},"inLanguage":"de","potentialAction":[{"@type":"ReadAction","target":["http:\/\/amelix.de\/?page_id=1464"]}]},{"@type":"BreadcrumbList","@id":"http:\/\/amelix.de\/?page_id=1464#breadcrumb","itemListElement":[{"@type":"ListItem","position":1,"name":"Home","item":"http:\/\/amelix.de\/"},{"@type":"ListItem","position":2,"name":"Kanalinsel-Runde"}]},{"@type":"WebSite","@id":"http:\/\/amelix.de\/#website","url":"http:\/\/amelix.de\/","name":"Amelix","description":"Fahrradfahr-Blog f\u00fcr Best-Ager","potentialAction":[{"@type":"SearchAction","target":{"@type":"EntryPoint","urlTemplate":"http:\/\/amelix.de\/?s={search_term_string}"},"query-input":"required name=search_term_string"}],"inLanguage":"de"}]}},"_links":{"self":[{"href":"http:\/\/amelix.de\/index.php?rest_route=\/wp\/v2\/pages\/1464"}],"collection":[{"href":"http:\/\/amelix.de\/index.php?rest_route=\/wp\/v2\/pages"}],"about":[{"href":"http:\/\/amelix.de\/index.php?rest_route=\/wp\/v2\/types\/page"}],"author":[{"embeddable":true,"href":"http:\/\/amelix.de\/index.php?rest_route=\/wp\/v2\/users\/2"}],"replies":[{"embeddable":true,"href":"http:\/\/amelix.de\/index.php?rest_route=%2Fwp%2Fv2%2Fcomments&post=1464"}],"version-history":[{"count":4,"href":"http:\/\/amelix.de\/index.php?rest_route=\/wp\/v2\/pages\/1464\/revisions"}],"predecessor-version":[{"id":1477,"href":"http:\/\/amelix.de\/index.php?rest_route=\/wp\/v2\/pages\/1464\/revisions\/1477"}],"wp:attachment":[{"href":"http:\/\/amelix.de\/index.php?rest_route=%2Fwp%2Fv2%2Fmedia&parent=1464"}],"curies":[{"name":"wp","href":"https:\/\/api.w.org\/{rel}","templated":true}]}}