{"id":1506,"date":"2021-01-12T20:25:13","date_gmt":"2021-01-12T19:25:13","guid":{"rendered":"http:\/\/amelix.de\/?page_id=1506"},"modified":"2021-01-12T20:31:41","modified_gmt":"2021-01-12T19:31:41","slug":"wiedersehens-wanderung","status":"publish","type":"page","link":"http:\/\/amelix.de\/?page_id=1506","title":{"rendered":"Wiedersehens-Wanderung"},"content":{"rendered":"<p>&nbsp;<\/p>\n<p>Bei uns ist leider immer noch Dauerregen, oder zu starker Wind, um entspannt eine kleine Radtour zu machen. Also nutze ich diese Zeit , um z.B. eine Freundin wiederzutreffend, die ich lange nicht gesehen habe. Besser spazieren gehen, als sich garnicht drau\u00dfen zu bewegen. Diesmal ging es Richtung L\u00fcdinghausen, um von dort aus loszuwandern. \u00a0Dieses Kanalst\u00fcck werden wir ,sobald wie m\u00f6glich, auch mit den R\u00e4dern erkunden.<\/p>\n<figure id=\"attachment_1509\" aria-describedby=\"caption-attachment-1509\" style=\"width: 840px\" class=\"wp-caption alignnone\"><img loading=\"lazy\" class=\"wp-image-1509 size-large\" src=\"http:\/\/amelix.de\/wp-content\/uploads\/2021\/01\/P1004079-1024x683.jpeg\" alt=\"\" width=\"840\" height=\"560\" srcset=\"http:\/\/amelix.de\/wp-content\/uploads\/2021\/01\/P1004079-1024x683.jpeg 1024w, http:\/\/amelix.de\/wp-content\/uploads\/2021\/01\/P1004079-600x400.jpeg 600w, http:\/\/amelix.de\/wp-content\/uploads\/2021\/01\/P1004079-768x512.jpeg 768w, http:\/\/amelix.de\/wp-content\/uploads\/2021\/01\/P1004079-1536x1024.jpeg 1536w, http:\/\/amelix.de\/wp-content\/uploads\/2021\/01\/P1004079-2048x1365.jpeg 2048w, http:\/\/amelix.de\/wp-content\/uploads\/2021\/01\/P1004079-1200x800.jpeg 1200w\" sizes=\"(max-width: 709px) 85vw, (max-width: 909px) 67vw, (max-width: 1362px) 62vw, 840px\" \/><figcaption id=\"caption-attachment-1509\" class=\"wp-caption-text\">Landwirtschaftliches Anwesen m Dortmund-Ems-Kanal<\/figcaption><\/figure>\n<p style=\"text-align: center;\"><iframe loading=\"lazy\" src=\"https:\/\/www.komoot.de\/tour\/303503047\/embed?profile=1\" width=\"100%\" height=\"680\" frameborder=\"0\" scrolling=\"no\"><\/iframe><\/p>\n<p>&nbsp;<\/p>\n","protected":false},"excerpt":{"rendered":"<p>&nbsp; Bei uns ist leider immer noch Dauerregen, oder zu starker Wind, um entspannt eine kleine Radtour zu machen. Also nutze ich diese Zeit , um z.B. eine Freundin wiederzutreffend, die ich lange nicht gesehen habe. Besser spazieren gehen, als sich garnicht drau\u00dfen zu bewegen. Diesmal ging es Richtung L\u00fcdinghausen, um von dort aus loszuwandern. &hellip; <a href=\"http:\/\/amelix.de\/?page_id=1506\" class=\"more-link\"><span class=\"screen-reader-text\">\u201eWiedersehens-Wanderung\u201c<\/span> weiterlesen<\/a><\/p>\n","protected":false},"author":2,"featured_media":0,"parent":0,"menu_order":0,"comment_status":"closed","ping_status":"closed","template":"","meta":[],"yoast_head":"<!-- This site is optimized with the Yoast SEO plugin v19.10 - https:\/\/yoast.com\/wordpress\/plugins\/seo\/ -->\n<title>Wiedersehens-Wanderung - Amelix<\/title>\n<meta name=\"robots\" content=\"index, follow, max-snippet:-1, max-image-preview:large, max-video-preview:-1\" \/>\n<link rel=\"canonical\" href=\"http:\/\/amelix.de\/?page_id=1506\" \/>\n<meta property=\"og:locale\" content=\"de_DE\" \/>\n<meta property=\"og:type\" content=\"article\" \/>\n<meta property=\"og:title\" content=\"Wiedersehens-Wanderung - Amelix\" \/>\n<meta property=\"og:description\" content=\"&nbsp; Bei uns ist leider immer noch Dauerregen, oder zu starker Wind, um entspannt eine kleine Radtour zu machen. Also nutze ich diese Zeit , um z.B. eine Freundin wiederzutreffend, die ich lange nicht gesehen habe. Besser spazieren gehen, als sich garnicht drau\u00dfen zu bewegen. Diesmal ging es Richtung L\u00fcdinghausen, um von dort aus loszuwandern. &hellip; \u201eWiedersehens-Wanderung\u201c weiterlesen\" \/>\n<meta property=\"og:url\" content=\"http:\/\/amelix.de\/?page_id=1506\" \/>\n<meta property=\"og:site_name\" content=\"Amelix\" \/>\n<meta property=\"article:modified_time\" content=\"2021-01-12T19:31:41+00:00\" \/>\n<meta property=\"og:image\" content=\"http:\/\/amelix.de\/wp-content\/uploads\/2021\/01\/P1004079-1024x683.jpeg\" \/>\n<meta name=\"twitter:label1\" content=\"Gesch\u00e4tzte Lesezeit\" \/>\n\t<meta name=\"twitter:data1\" content=\"1\u00a0Minute\" \/>\n<script type=\"application\/ld+json\" class=\"yoast-schema-graph\">{\"@context\":\"https:\/\/schema.org\",\"@graph\":[{\"@type\":\"WebPage\",\"@id\":\"http:\/\/amelix.de\/?page_id=1506\",\"url\":\"http:\/\/amelix.de\/?page_id=1506\",\"name\":\"Wiedersehens-Wanderung - Amelix\",\"isPartOf\":{\"@id\":\"http:\/\/amelix.de\/#website\"},\"datePublished\":\"2021-01-12T19:25:13+00:00\",\"dateModified\":\"2021-01-12T19:31:41+00:00\",\"breadcrumb\":{\"@id\":\"http:\/\/amelix.de\/?page_id=1506#breadcrumb\"},\"inLanguage\":\"de\",\"potentialAction\":[{\"@type\":\"ReadAction\",\"target\":[\"http:\/\/amelix.de\/?page_id=1506\"]}]},{\"@type\":\"BreadcrumbList\",\"@id\":\"http:\/\/amelix.de\/?page_id=1506#breadcrumb\",\"itemListElement\":[{\"@type\":\"ListItem\",\"position\":1,\"name\":\"Home\",\"item\":\"http:\/\/amelix.de\/\"},{\"@type\":\"ListItem\",\"position\":2,\"name\":\"Wiedersehens-Wanderung\"}]},{\"@type\":\"WebSite\",\"@id\":\"http:\/\/amelix.de\/#website\",\"url\":\"http:\/\/amelix.de\/\",\"name\":\"Amelix\",\"description\":\"Fahrradfahr-Blog f\u00fcr Best-Ager\",\"potentialAction\":[{\"@type\":\"SearchAction\",\"target\":{\"@type\":\"EntryPoint\",\"urlTemplate\":\"http:\/\/amelix.de\/?s={search_term_string}\"},\"query-input\":\"required name=search_term_string\"}],\"inLanguage\":\"de\"}]}<\/script>\n<!-- \/ Yoast SEO plugin. -->","yoast_head_json":{"title":"Wiedersehens-Wanderung - Amelix","robots":{"index":"index","follow":"follow","max-snippet":"max-snippet:-1","max-image-preview":"max-image-preview:large","max-video-preview":"max-video-preview:-1"},"canonical":"http:\/\/amelix.de\/?page_id=1506","og_locale":"de_DE","og_type":"article","og_title":"Wiedersehens-Wanderung - Amelix","og_description":"&nbsp; Bei uns ist leider immer noch Dauerregen, oder zu starker Wind, um entspannt eine kleine Radtour zu machen. Also nutze ich diese Zeit , um z.B. eine Freundin wiederzutreffend, die ich lange nicht gesehen habe. Besser spazieren gehen, als sich garnicht drau\u00dfen zu bewegen. Diesmal ging es Richtung L\u00fcdinghausen, um von dort aus loszuwandern. &hellip; \u201eWiedersehens-Wanderung\u201c weiterlesen","og_url":"http:\/\/amelix.de\/?page_id=1506","og_site_name":"Amelix","article_modified_time":"2021-01-12T19:31:41+00:00","og_image":[{"url":"http:\/\/amelix.de\/wp-content\/uploads\/2021\/01\/P1004079-1024x683.jpeg"}],"twitter_misc":{"Gesch\u00e4tzte Lesezeit":"1\u00a0Minute"},"schema":{"@context":"https:\/\/schema.org","@graph":[{"@type":"WebPage","@id":"http:\/\/amelix.de\/?page_id=1506","url":"http:\/\/amelix.de\/?page_id=1506","name":"Wiedersehens-Wanderung - Amelix","isPartOf":{"@id":"http:\/\/amelix.de\/#website"},"datePublished":"2021-01-12T19:25:13+00:00","dateModified":"2021-01-12T19:31:41+00:00","breadcrumb":{"@id":"http:\/\/amelix.de\/?page_id=1506#breadcrumb"},"inLanguage":"de","potentialAction":[{"@type":"ReadAction","target":["http:\/\/amelix.de\/?page_id=1506"]}]},{"@type":"BreadcrumbList","@id":"http:\/\/amelix.de\/?page_id=1506#breadcrumb","itemListElement":[{"@type":"ListItem","position":1,"name":"Home","item":"http:\/\/amelix.de\/"},{"@type":"ListItem","position":2,"name":"Wiedersehens-Wanderung"}]},{"@type":"WebSite","@id":"http:\/\/amelix.de\/#website","url":"http:\/\/amelix.de\/","name":"Amelix","description":"Fahrradfahr-Blog f\u00fcr Best-Ager","potentialAction":[{"@type":"SearchAction","target":{"@type":"EntryPoint","urlTemplate":"http:\/\/amelix.de\/?s={search_term_string}"},"query-input":"required name=search_term_string"}],"inLanguage":"de"}]}},"_links":{"self":[{"href":"http:\/\/amelix.de\/index.php?rest_route=\/wp\/v2\/pages\/1506"}],"collection":[{"href":"http:\/\/amelix.de\/index.php?rest_route=\/wp\/v2\/pages"}],"about":[{"href":"http:\/\/amelix.de\/index.php?rest_route=\/wp\/v2\/types\/page"}],"author":[{"embeddable":true,"href":"http:\/\/amelix.de\/index.php?rest_route=\/wp\/v2\/users\/2"}],"replies":[{"embeddable":true,"href":"http:\/\/amelix.de\/index.php?rest_route=%2Fwp%2Fv2%2Fcomments&post=1506"}],"version-history":[{"count":5,"href":"http:\/\/amelix.de\/index.php?rest_route=\/wp\/v2\/pages\/1506\/revisions"}],"predecessor-version":[{"id":1512,"href":"http:\/\/amelix.de\/index.php?rest_route=\/wp\/v2\/pages\/1506\/revisions\/1512"}],"wp:attachment":[{"href":"http:\/\/amelix.de\/index.php?rest_route=%2Fwp%2Fv2%2Fmedia&parent=1506"}],"curies":[{"name":"wp","href":"https:\/\/api.w.org\/{rel}","templated":true}]}}