{"id":1562,"date":"2021-02-25T19:42:59","date_gmt":"2021-02-25T18:42:59","guid":{"rendered":"http:\/\/amelix.de\/?page_id=1562"},"modified":"2021-02-25T19:42:59","modified_gmt":"2021-02-25T18:42:59","slug":"fruehlingstour-ueber-ms-albachten-boesensell-nach-senden-westfalen-und-zurueck","status":"publish","type":"page","link":"http:\/\/amelix.de\/?page_id=1562","title":{"rendered":"Fr\u00fchlingstour \u00fcber MS-Albachten, B\u00f6sensell nach Senden\/Westfalen und zur\u00fcck"},"content":{"rendered":"<p>Bei mildem Fr\u00fchlingswetter entschieden wir uns kurzfristig f\u00fcr eine stressfreie Radtour nach Senden\/ Westfalen. Das ist nicht wirklich weit von hier aus. Aber diesmal wollten wir neue Wege auskundschaften, oder alte Wege neu erobern.<\/p>\n<p>Wir starteten Richtung Albachten. Dort gibt es ein Kl\u00e4rwerk, an das sich ein W\u00e4ldchen anschliesst. Im letztem Jahr war es leider unm\u00f6glich dort hindurch zu fahren.<\/p>\n<figure id=\"attachment_1550\" aria-describedby=\"caption-attachment-1550\" style=\"width: 2560px\" class=\"wp-caption alignnone\"><img loading=\"lazy\" class=\"wp-image-1550 size-full\" src=\"http:\/\/amelix.de\/wp-content\/uploads\/2021\/02\/P1004550-scaled.jpeg\" alt=\"\" width=\"2560\" height=\"1707\" srcset=\"http:\/\/amelix.de\/wp-content\/uploads\/2021\/02\/P1004550-scaled.jpeg 2560w, http:\/\/amelix.de\/wp-content\/uploads\/2021\/02\/P1004550-600x400.jpeg 600w, http:\/\/amelix.de\/wp-content\/uploads\/2021\/02\/P1004550-1024x683.jpeg 1024w, http:\/\/amelix.de\/wp-content\/uploads\/2021\/02\/P1004550-768x512.jpeg 768w, http:\/\/amelix.de\/wp-content\/uploads\/2021\/02\/P1004550-1536x1024.jpeg 1536w, http:\/\/amelix.de\/wp-content\/uploads\/2021\/02\/P1004550-2048x1365.jpeg 2048w, http:\/\/amelix.de\/wp-content\/uploads\/2021\/02\/P1004550-1200x800.jpeg 1200w\" sizes=\"(max-width: 709px) 85vw, (max-width: 909px) 67vw, (max-width: 1362px) 62vw, 840px\" \/><figcaption id=\"caption-attachment-1550\" class=\"wp-caption-text\">Diesmal hatten wir Gl\u00fcck, denn es f\u00fchrt ein offizieller Weg rechts am Zaun vorbei.Weiter gehts nach B\u00f6sensell.<\/figcaption><\/figure>\n<p>&nbsp;<\/p>\n<figure id=\"attachment_1551\" aria-describedby=\"caption-attachment-1551\" style=\"width: 840px\" class=\"wp-caption alignnone\"><img loading=\"lazy\" class=\"wp-image-1551 size-large\" src=\"http:\/\/amelix.de\/wp-content\/uploads\/2021\/02\/P1004553-1024x734.jpeg\" alt=\"\" width=\"840\" height=\"602\" srcset=\"http:\/\/amelix.de\/wp-content\/uploads\/2021\/02\/P1004553-1024x734.jpeg 1024w, http:\/\/amelix.de\/wp-content\/uploads\/2021\/02\/P1004553-600x430.jpeg 600w, http:\/\/amelix.de\/wp-content\/uploads\/2021\/02\/P1004553-768x551.jpeg 768w, http:\/\/amelix.de\/wp-content\/uploads\/2021\/02\/P1004553-1536x1102.jpeg 1536w, http:\/\/amelix.de\/wp-content\/uploads\/2021\/02\/P1004553-2048x1469.jpeg 2048w, http:\/\/amelix.de\/wp-content\/uploads\/2021\/02\/P1004553-1200x861.jpeg 1200w\" sizes=\"(max-width: 709px) 85vw, (max-width: 909px) 67vw, (max-width: 1362px) 62vw, 840px\" \/><figcaption id=\"caption-attachment-1551\" class=\"wp-caption-text\">&#8230;dann auf dem gut fahrbaren Radweg direkt an der Stever entlang bis Senden.<\/figcaption><\/figure>\n<p>&nbsp;<\/p>\n<figure id=\"attachment_1557\" aria-describedby=\"caption-attachment-1557\" style=\"width: 840px\" class=\"wp-caption alignnone\"><img loading=\"lazy\" class=\"wp-image-1557 size-large\" src=\"http:\/\/amelix.de\/wp-content\/uploads\/2021\/02\/P1004559-1024x683.jpeg\" alt=\"\" width=\"840\" height=\"560\" srcset=\"http:\/\/amelix.de\/wp-content\/uploads\/2021\/02\/P1004559-1024x683.jpeg 1024w, http:\/\/amelix.de\/wp-content\/uploads\/2021\/02\/P1004559-600x400.jpeg 600w, http:\/\/amelix.de\/wp-content\/uploads\/2021\/02\/P1004559-768x512.jpeg 768w, http:\/\/amelix.de\/wp-content\/uploads\/2021\/02\/P1004559-1536x1024.jpeg 1536w, http:\/\/amelix.de\/wp-content\/uploads\/2021\/02\/P1004559-2048x1365.jpeg 2048w, http:\/\/amelix.de\/wp-content\/uploads\/2021\/02\/P1004559-1200x800.jpeg 1200w\" sizes=\"(max-width: 709px) 85vw, (max-width: 909px) 67vw, (max-width: 1362px) 62vw, 840px\" \/><figcaption id=\"caption-attachment-1557\" class=\"wp-caption-text\">Sch\u00f6nes Geh\u00f6ft in Kanaln\u00e4he. Noch mit Schneeresten trotz milder Luft und Sonnenschein.<\/figcaption><\/figure>\n<p>&nbsp;<\/p>\n<figure id=\"attachment_1555\" aria-describedby=\"caption-attachment-1555\" style=\"width: 840px\" class=\"wp-caption alignnone\"><img loading=\"lazy\" class=\"wp-image-1555 size-large\" src=\"http:\/\/amelix.de\/wp-content\/uploads\/2021\/02\/P1004566-2-1024x915.jpeg\" alt=\"\" width=\"840\" height=\"751\" srcset=\"http:\/\/amelix.de\/wp-content\/uploads\/2021\/02\/P1004566-2-1024x915.jpeg 1024w, http:\/\/amelix.de\/wp-content\/uploads\/2021\/02\/P1004566-2-600x536.jpeg 600w, http:\/\/amelix.de\/wp-content\/uploads\/2021\/02\/P1004566-2-768x686.jpeg 768w, http:\/\/amelix.de\/wp-content\/uploads\/2021\/02\/P1004566-2-1536x1372.jpeg 1536w, http:\/\/amelix.de\/wp-content\/uploads\/2021\/02\/P1004566-2-2048x1829.jpeg 2048w, http:\/\/amelix.de\/wp-content\/uploads\/2021\/02\/P1004566-2-1200x1072.jpeg 1200w\" sizes=\"(max-width: 709px) 85vw, (max-width: 909px) 67vw, (max-width: 1362px) 62vw, 840px\" \/><figcaption id=\"caption-attachment-1555\" class=\"wp-caption-text\">Defektes Windrad, an dem ein Fl\u00fcgel gewechselt werden muss.<\/figcaption><\/figure>\n<p>&nbsp;<\/p>\n<p>&nbsp;<\/p>\n<figure id=\"attachment_1556\" aria-describedby=\"caption-attachment-1556\" style=\"width: 840px\" class=\"wp-caption alignnone\"><img loading=\"lazy\" class=\"wp-image-1556 size-large\" src=\"http:\/\/amelix.de\/wp-content\/uploads\/2021\/02\/P1004568-1024x683.jpeg\" alt=\"\" width=\"840\" height=\"560\" srcset=\"http:\/\/amelix.de\/wp-content\/uploads\/2021\/02\/P1004568-1024x683.jpeg 1024w, http:\/\/amelix.de\/wp-content\/uploads\/2021\/02\/P1004568-600x400.jpeg 600w, http:\/\/amelix.de\/wp-content\/uploads\/2021\/02\/P1004568-768x512.jpeg 768w, http:\/\/amelix.de\/wp-content\/uploads\/2021\/02\/P1004568-1536x1024.jpeg 1536w, http:\/\/amelix.de\/wp-content\/uploads\/2021\/02\/P1004568-2048x1365.jpeg 2048w, http:\/\/amelix.de\/wp-content\/uploads\/2021\/02\/P1004568-1200x800.jpeg 1200w\" sizes=\"(max-width: 709px) 85vw, (max-width: 909px) 67vw, (max-width: 1362px) 62vw, 840px\" \/><figcaption id=\"caption-attachment-1556\" class=\"wp-caption-text\">Der vielachsige LKW steht schon bereit , um den funktionsunf\u00e4higen \u00a0Fl\u00fcgel abzutransportieren.<\/figcaption><\/figure>\n<p>&nbsp;<\/p>\n<p>&nbsp;<\/p>\n<figure id=\"attachment_1560\" aria-describedby=\"caption-attachment-1560\" style=\"width: 840px\" class=\"wp-caption alignnone\"><img loading=\"lazy\" class=\"wp-image-1560 size-large\" src=\"http:\/\/amelix.de\/wp-content\/uploads\/2021\/02\/cropped-P1004565-scaled-1-1024x683.jpeg\" alt=\"\" width=\"840\" height=\"560\" srcset=\"http:\/\/amelix.de\/wp-content\/uploads\/2021\/02\/cropped-P1004565-scaled-1-1024x683.jpeg 1024w, http:\/\/amelix.de\/wp-content\/uploads\/2021\/02\/cropped-P1004565-scaled-1-600x400.jpeg 600w, http:\/\/amelix.de\/wp-content\/uploads\/2021\/02\/cropped-P1004565-scaled-1-768x512.jpeg 768w, http:\/\/amelix.de\/wp-content\/uploads\/2021\/02\/cropped-P1004565-scaled-1.jpeg 1200w\" sizes=\"(max-width: 709px) 85vw, (max-width: 909px) 67vw, (max-width: 1362px) 62vw, 840px\" \/><figcaption id=\"caption-attachment-1560\" class=\"wp-caption-text\">Arbeitsb\u00fchne in luftiger H\u00f6he oben am Windrad.<\/figcaption><\/figure>\n<p>&nbsp;<\/p>\n<p>&nbsp;<\/p>\n<figure id=\"attachment_1558\" aria-describedby=\"caption-attachment-1558\" style=\"width: 840px\" class=\"wp-caption alignnone\"><img loading=\"lazy\" class=\"wp-image-1558 size-large\" src=\"http:\/\/amelix.de\/wp-content\/uploads\/2021\/02\/P1004554-1024x773.jpeg\" alt=\"\" width=\"840\" height=\"634\" srcset=\"http:\/\/amelix.de\/wp-content\/uploads\/2021\/02\/P1004554-1024x773.jpeg 1024w, http:\/\/amelix.de\/wp-content\/uploads\/2021\/02\/P1004554-600x453.jpeg 600w, http:\/\/amelix.de\/wp-content\/uploads\/2021\/02\/P1004554-768x579.jpeg 768w, http:\/\/amelix.de\/wp-content\/uploads\/2021\/02\/P1004554-1200x905.jpeg 1200w, http:\/\/amelix.de\/wp-content\/uploads\/2021\/02\/P1004554.jpeg 1381w\" sizes=\"(max-width: 709px) 85vw, (max-width: 909px) 67vw, (max-width: 1362px) 62vw, 840px\" \/><figcaption id=\"caption-attachment-1558\" class=\"wp-caption-text\">Und es gibt auch noch andere &#8222;Beobachter&#8220;, wie es scheint.<\/figcaption><\/figure>\n","protected":false},"excerpt":{"rendered":"<p>Bei mildem Fr\u00fchlingswetter entschieden wir uns kurzfristig f\u00fcr eine stressfreie Radtour nach Senden\/ Westfalen. Das ist nicht wirklich weit von hier aus. Aber diesmal wollten wir neue Wege auskundschaften, oder alte Wege neu erobern. Wir starteten Richtung Albachten. Dort gibt es ein Kl\u00e4rwerk, an das sich ein W\u00e4ldchen anschliesst. Im letztem Jahr war es leider &hellip; <a href=\"http:\/\/amelix.de\/?page_id=1562\" class=\"more-link\"><span class=\"screen-reader-text\">\u201eFr\u00fchlingstour \u00fcber MS-Albachten, B\u00f6sensell nach Senden\/Westfalen und zur\u00fcck\u201c<\/span> weiterlesen<\/a><\/p>\n","protected":false},"author":2,"featured_media":0,"parent":0,"menu_order":0,"comment_status":"closed","ping_status":"closed","template":"","meta":[],"yoast_head":"<!-- This site is optimized with the Yoast SEO plugin v19.10 - https:\/\/yoast.com\/wordpress\/plugins\/seo\/ -->\n<title>Fr\u00fchlingstour \u00fcber MS-Albachten, B\u00f6sensell nach Senden\/Westfalen und zur\u00fcck - Amelix<\/title>\n<meta name=\"robots\" content=\"index, follow, max-snippet:-1, max-image-preview:large, max-video-preview:-1\" \/>\n<link rel=\"canonical\" href=\"http:\/\/amelix.de\/?page_id=1562\" \/>\n<meta property=\"og:locale\" content=\"de_DE\" \/>\n<meta property=\"og:type\" content=\"article\" \/>\n<meta property=\"og:title\" content=\"Fr\u00fchlingstour \u00fcber MS-Albachten, B\u00f6sensell nach Senden\/Westfalen und zur\u00fcck - Amelix\" \/>\n<meta property=\"og:description\" content=\"Bei mildem Fr\u00fchlingswetter entschieden wir uns kurzfristig f\u00fcr eine stressfreie Radtour nach Senden\/ Westfalen. Das ist nicht wirklich weit von hier aus. Aber diesmal wollten wir neue Wege auskundschaften, oder alte Wege neu erobern. Wir starteten Richtung Albachten. Dort gibt es ein Kl\u00e4rwerk, an das sich ein W\u00e4ldchen anschliesst. Im letztem Jahr war es leider &hellip; \u201eFr\u00fchlingstour \u00fcber MS-Albachten, B\u00f6sensell nach Senden\/Westfalen und zur\u00fcck\u201c weiterlesen\" \/>\n<meta property=\"og:url\" content=\"http:\/\/amelix.de\/?page_id=1562\" \/>\n<meta property=\"og:site_name\" content=\"Amelix\" \/>\n<meta property=\"og:image\" content=\"http:\/\/amelix.de\/wp-content\/uploads\/2021\/02\/P1004550-scaled.jpeg\" \/>\n<meta name=\"twitter:label1\" content=\"Gesch\u00e4tzte Lesezeit\" \/>\n\t<meta name=\"twitter:data1\" content=\"3\u00a0Minuten\" \/>\n<script type=\"application\/ld+json\" class=\"yoast-schema-graph\">{\"@context\":\"https:\/\/schema.org\",\"@graph\":[{\"@type\":\"WebPage\",\"@id\":\"http:\/\/amelix.de\/?page_id=1562\",\"url\":\"http:\/\/amelix.de\/?page_id=1562\",\"name\":\"Fr\u00fchlingstour \u00fcber MS-Albachten, B\u00f6sensell nach Senden\/Westfalen und zur\u00fcck - Amelix\",\"isPartOf\":{\"@id\":\"http:\/\/amelix.de\/#website\"},\"datePublished\":\"2021-02-25T18:42:59+00:00\",\"dateModified\":\"2021-02-25T18:42:59+00:00\",\"breadcrumb\":{\"@id\":\"http:\/\/amelix.de\/?page_id=1562#breadcrumb\"},\"inLanguage\":\"de\",\"potentialAction\":[{\"@type\":\"ReadAction\",\"target\":[\"http:\/\/amelix.de\/?page_id=1562\"]}]},{\"@type\":\"BreadcrumbList\",\"@id\":\"http:\/\/amelix.de\/?page_id=1562#breadcrumb\",\"itemListElement\":[{\"@type\":\"ListItem\",\"position\":1,\"name\":\"Home\",\"item\":\"http:\/\/amelix.de\/\"},{\"@type\":\"ListItem\",\"position\":2,\"name\":\"Fr\u00fchlingstour \u00fcber MS-Albachten, B\u00f6sensell nach Senden\/Westfalen und zur\u00fcck\"}]},{\"@type\":\"WebSite\",\"@id\":\"http:\/\/amelix.de\/#website\",\"url\":\"http:\/\/amelix.de\/\",\"name\":\"Amelix\",\"description\":\"Fahrradfahr-Blog f\u00fcr Best-Ager\",\"potentialAction\":[{\"@type\":\"SearchAction\",\"target\":{\"@type\":\"EntryPoint\",\"urlTemplate\":\"http:\/\/amelix.de\/?s={search_term_string}\"},\"query-input\":\"required name=search_term_string\"}],\"inLanguage\":\"de\"}]}<\/script>\n<!-- \/ Yoast SEO plugin. -->","yoast_head_json":{"title":"Fr\u00fchlingstour \u00fcber MS-Albachten, B\u00f6sensell nach Senden\/Westfalen und zur\u00fcck - Amelix","robots":{"index":"index","follow":"follow","max-snippet":"max-snippet:-1","max-image-preview":"max-image-preview:large","max-video-preview":"max-video-preview:-1"},"canonical":"http:\/\/amelix.de\/?page_id=1562","og_locale":"de_DE","og_type":"article","og_title":"Fr\u00fchlingstour \u00fcber MS-Albachten, B\u00f6sensell nach Senden\/Westfalen und zur\u00fcck - Amelix","og_description":"Bei mildem Fr\u00fchlingswetter entschieden wir uns kurzfristig f\u00fcr eine stressfreie Radtour nach Senden\/ Westfalen. Das ist nicht wirklich weit von hier aus. Aber diesmal wollten wir neue Wege auskundschaften, oder alte Wege neu erobern. Wir starteten Richtung Albachten. Dort gibt es ein Kl\u00e4rwerk, an das sich ein W\u00e4ldchen anschliesst. Im letztem Jahr war es leider &hellip; \u201eFr\u00fchlingstour \u00fcber MS-Albachten, B\u00f6sensell nach Senden\/Westfalen und zur\u00fcck\u201c weiterlesen","og_url":"http:\/\/amelix.de\/?page_id=1562","og_site_name":"Amelix","og_image":[{"url":"http:\/\/amelix.de\/wp-content\/uploads\/2021\/02\/P1004550-scaled.jpeg"}],"twitter_misc":{"Gesch\u00e4tzte Lesezeit":"3\u00a0Minuten"},"schema":{"@context":"https:\/\/schema.org","@graph":[{"@type":"WebPage","@id":"http:\/\/amelix.de\/?page_id=1562","url":"http:\/\/amelix.de\/?page_id=1562","name":"Fr\u00fchlingstour \u00fcber MS-Albachten, B\u00f6sensell nach Senden\/Westfalen und zur\u00fcck - Amelix","isPartOf":{"@id":"http:\/\/amelix.de\/#website"},"datePublished":"2021-02-25T18:42:59+00:00","dateModified":"2021-02-25T18:42:59+00:00","breadcrumb":{"@id":"http:\/\/amelix.de\/?page_id=1562#breadcrumb"},"inLanguage":"de","potentialAction":[{"@type":"ReadAction","target":["http:\/\/amelix.de\/?page_id=1562"]}]},{"@type":"BreadcrumbList","@id":"http:\/\/amelix.de\/?page_id=1562#breadcrumb","itemListElement":[{"@type":"ListItem","position":1,"name":"Home","item":"http:\/\/amelix.de\/"},{"@type":"ListItem","position":2,"name":"Fr\u00fchlingstour \u00fcber MS-Albachten, B\u00f6sensell nach Senden\/Westfalen und zur\u00fcck"}]},{"@type":"WebSite","@id":"http:\/\/amelix.de\/#website","url":"http:\/\/amelix.de\/","name":"Amelix","description":"Fahrradfahr-Blog f\u00fcr Best-Ager","potentialAction":[{"@type":"SearchAction","target":{"@type":"EntryPoint","urlTemplate":"http:\/\/amelix.de\/?s={search_term_string}"},"query-input":"required name=search_term_string"}],"inLanguage":"de"}]}},"_links":{"self":[{"href":"http:\/\/amelix.de\/index.php?rest_route=\/wp\/v2\/pages\/1562"}],"collection":[{"href":"http:\/\/amelix.de\/index.php?rest_route=\/wp\/v2\/pages"}],"about":[{"href":"http:\/\/amelix.de\/index.php?rest_route=\/wp\/v2\/types\/page"}],"author":[{"embeddable":true,"href":"http:\/\/amelix.de\/index.php?rest_route=\/wp\/v2\/users\/2"}],"replies":[{"embeddable":true,"href":"http:\/\/amelix.de\/index.php?rest_route=%2Fwp%2Fv2%2Fcomments&post=1562"}],"version-history":[{"count":1,"href":"http:\/\/amelix.de\/index.php?rest_route=\/wp\/v2\/pages\/1562\/revisions"}],"predecessor-version":[{"id":1563,"href":"http:\/\/amelix.de\/index.php?rest_route=\/wp\/v2\/pages\/1562\/revisions\/1563"}],"wp:attachment":[{"href":"http:\/\/amelix.de\/index.php?rest_route=%2Fwp%2Fv2%2Fmedia&parent=1562"}],"curies":[{"name":"wp","href":"https:\/\/api.w.org\/{rel}","templated":true}]}}