{"id":171,"date":"2014-02-01T19:40:22","date_gmt":"2014-02-01T17:40:22","guid":{"rendered":"http:\/\/amelix.de\/?page_id=171"},"modified":"2019-12-12T16:46:22","modified_gmt":"2019-12-12T15:46:22","slug":"fahrradtour-altmuehltal-eichstaett","status":"publish","type":"page","link":"http:\/\/amelix.de\/?page_id=171","title":{"rendered":"Fahrradtour Altm\u00fchltal  September 2011"},"content":{"rendered":"<p>Fahrradtour Altm\u00fchltal mit Solnhofen als Standort und Startort.<\/p>\n<p>Nach 7 st\u00fcndiger Anfahrt aus M\u00fcnstern, kamen wir in Solnhofen an, da in Eichst\u00e4tt kein Quartier mehr zu bekommen war.<\/p>\n<p><a  href=\"http:\/\/amelix.de\/wp-content\/uploads\/2014\/02\/001_9194.jpg\" data-rel=\"lightbox-gallery-0\" data-rl_title=\"\" data-rl_caption=\"\" title=\"\"><img loading=\"lazy\" class=\"alignnone wp-image-172 size-medium\" src=\"http:\/\/amelix.de\/wp-content\/uploads\/2014\/02\/001_9194-600x397.jpg\" alt=\"Bild: Fahrrad Altm\u00fchltal Amelix\" width=\"600\" height=\"397\" srcset=\"http:\/\/amelix.de\/wp-content\/uploads\/2014\/02\/001_9194-600x397.jpg 600w, http:\/\/amelix.de\/wp-content\/uploads\/2014\/02\/001_9194-1024x678.jpg 1024w\" sizes=\"(max-width: 600px) 85vw, 600px\" \/><\/a><\/p>\n<p>&nbsp;<\/p>\n<p>In Solnhofen hatten wir dann unser Zimmer im &#8222;Hotel Adler&#8220;, das von den sehr netten Herbergsleuten G\u00fcnther und Sonja gef\u00fchrt wird.<\/p>\n<p><a  href=\"http:\/\/amelix.de\/wp-content\/uploads\/2014\/02\/001_9199.jpg\" data-rel=\"lightbox-gallery-0\" data-rl_title=\"\" data-rl_caption=\"\" title=\"\"><img loading=\"lazy\" class=\"alignnone wp-image-173 size-medium\" src=\"http:\/\/amelix.de\/wp-content\/uploads\/2014\/02\/001_9199-600x397.jpg\" alt=\"Bild: Fahrrad Altm\u00fchltal Amelix\" width=\"600\" height=\"397\" srcset=\"http:\/\/amelix.de\/wp-content\/uploads\/2014\/02\/001_9199-600x397.jpg 600w, http:\/\/amelix.de\/wp-content\/uploads\/2014\/02\/001_9199-1024x678.jpg 1024w\" sizes=\"(max-width: 600px) 85vw, 600px\" \/><\/a><\/p>\n<p>&nbsp;<\/p>\n<p>Es ist ein \u00a0charmant- eigenwillig eingerichtetes Hotel, was eine super Bewirtung bot.<\/p>\n<p><a  href=\"http:\/\/amelix.de\/wp-content\/uploads\/2014\/02\/001_9351.jpg\" data-rel=\"lightbox-gallery-0\" data-rl_title=\"\" data-rl_caption=\"\" title=\"\"><img loading=\"lazy\" class=\"alignnone wp-image-174 size-medium\" src=\"http:\/\/amelix.de\/wp-content\/uploads\/2014\/02\/001_9351-600x397.jpg\" alt=\"Bild: Fahrrad Altm\u00fchltal Amelix\" width=\"600\" height=\"397\" srcset=\"http:\/\/amelix.de\/wp-content\/uploads\/2014\/02\/001_9351-600x397.jpg 600w, http:\/\/amelix.de\/wp-content\/uploads\/2014\/02\/001_9351-1024x678.jpg 1024w\" sizes=\"(max-width: 600px) 85vw, 600px\" \/><\/a><a  href=\"http:\/\/amelix.de\/wp-content\/uploads\/2014\/02\/001_9352.jpg\" data-rel=\"lightbox-gallery-0\" data-rl_title=\"\" data-rl_caption=\"\" title=\"\"><img loading=\"lazy\" class=\"alignnone wp-image-175 size-medium\" src=\"http:\/\/amelix.de\/wp-content\/uploads\/2014\/02\/001_9352-600x397.jpg\" alt=\"Bild: Fahrrad Altm\u00fchltal Amelix\" width=\"600\" height=\"397\" srcset=\"http:\/\/amelix.de\/wp-content\/uploads\/2014\/02\/001_9352-600x397.jpg 600w, http:\/\/amelix.de\/wp-content\/uploads\/2014\/02\/001_9352-1024x678.jpg 1024w\" sizes=\"(max-width: 600px) 85vw, 600px\" \/><\/a><\/p>\n<p>&nbsp;<\/p>\n<p>Von dort aus starteten wir zuerst in Richtung \u00a0Pappenheim, nachdem wir uns mit einem sehr \u00fcppigen Fr\u00fchst\u00fcck st\u00e4rken durften.<\/p>\n<p>Auf dem R\u00fcckweg nach\u00a0Solnhofen kamen wir an der Weidenkirche der evangelischen Jugend&#8220; vorbei.<\/p>\n<p><a  href=\"http:\/\/amelix.de\/wp-content\/uploads\/2014\/02\/001_9218.jpg\" data-rel=\"lightbox-gallery-0\" data-rl_title=\"\" data-rl_caption=\"\" title=\"\"><img loading=\"lazy\" class=\"alignnone wp-image-177 size-medium\" src=\"http:\/\/amelix.de\/wp-content\/uploads\/2014\/02\/001_9218-600x397.jpg\" alt=\"Bild: Fahrrad Altm\u00fchltal Amelix\" width=\"600\" height=\"397\" srcset=\"http:\/\/amelix.de\/wp-content\/uploads\/2014\/02\/001_9218-600x397.jpg 600w, http:\/\/amelix.de\/wp-content\/uploads\/2014\/02\/001_9218-1024x678.jpg 1024w\" sizes=\"(max-width: 600px) 85vw, 600px\" \/><\/a><\/p>\n<p>&nbsp;<\/p>\n<p>Blick von der Burg Pappenheim, die man allerdings zuerst erklimmen musste.<\/p>\n<p><a  href=\"http:\/\/amelix.de\/wp-content\/uploads\/2014\/02\/001_9219.jpg\" data-rel=\"lightbox-gallery-0\" data-rl_title=\"\" data-rl_caption=\"\" title=\"\"><img loading=\"lazy\" class=\"alignnone wp-image-178 size-medium\" src=\"http:\/\/amelix.de\/wp-content\/uploads\/2014\/02\/001_9219-600x397.jpg\" alt=\"Bild: Fahrrad Altm\u00fchltal Amelix\" width=\"600\" height=\"397\" srcset=\"http:\/\/amelix.de\/wp-content\/uploads\/2014\/02\/001_9219-600x397.jpg 600w, http:\/\/amelix.de\/wp-content\/uploads\/2014\/02\/001_9219-1024x678.jpg 1024w\" sizes=\"(max-width: 600px) 85vw, 600px\" \/><\/a><\/p>\n<p>Burg Treuchtlingen mit einem historisches Standesamts-Geb\u00e4ude.<\/p>\n<p><a  href=\"http:\/\/amelix.de\/wp-content\/uploads\/2014\/02\/001_9240.jpg\" data-rel=\"lightbox-gallery-0\" data-rl_title=\"\" data-rl_caption=\"\" title=\"\"><img loading=\"lazy\" class=\"alignnone wp-image-179 size-medium\" src=\"http:\/\/amelix.de\/wp-content\/uploads\/2014\/02\/001_9240-600x397.jpg\" alt=\"Bild: Fahrrad Altm\u00fchltal Amelix\" width=\"600\" height=\"397\" srcset=\"http:\/\/amelix.de\/wp-content\/uploads\/2014\/02\/001_9240-600x397.jpg 600w, http:\/\/amelix.de\/wp-content\/uploads\/2014\/02\/001_9240-1024x678.jpg 1024w\" sizes=\"(max-width: 600px) 85vw, 600px\" \/><\/a><\/p>\n<p>&nbsp;<\/p>\n<p>Um den oberen und unteren Brombachsee zu umrunden, luden wir die R\u00e4der aufs Auto und \u00a0fuhren nach Ramsberg. \u00a0Und dort begannen wir \u00a0die Rundtour um die beiden \u00a0dicht beieinandergelegenen Seen zu erradeln.<\/p>\n<p><a  href=\"http:\/\/amelix.de\/wp-content\/uploads\/2014\/02\/001_9325.jpg\" data-rel=\"lightbox-gallery-0\" data-rl_title=\"\" data-rl_caption=\"\" title=\"\"><img loading=\"lazy\" class=\"alignnone wp-image-180 size-medium\" src=\"http:\/\/amelix.de\/wp-content\/uploads\/2014\/02\/001_9325-600x397.jpg\" alt=\"Bild: Fahrrad Altm\u00fchltal Amelix\" width=\"600\" height=\"397\" srcset=\"http:\/\/amelix.de\/wp-content\/uploads\/2014\/02\/001_9325-600x397.jpg 600w, http:\/\/amelix.de\/wp-content\/uploads\/2014\/02\/001_9325-1024x678.jpg 1024w\" sizes=\"(max-width: 600px) 85vw, 600px\" \/><\/a><\/p>\n<p>&nbsp;<\/p>\n<p>An diesem Tag wechselten sich sonnendurchflutete Waldst\u00fccke mit \u00a0Wasserstellen ab, wo sogar gekitet wurde.<\/p>\n<p><a  href=\"http:\/\/amelix.de\/wp-content\/uploads\/2014\/02\/001_9275.jpg\" data-rel=\"lightbox-gallery-0\" data-rl_title=\"\" data-rl_caption=\"\" title=\"\"><img loading=\"lazy\" class=\"alignnone wp-image-181 size-medium\" src=\"http:\/\/amelix.de\/wp-content\/uploads\/2014\/02\/001_9275-600x397.jpg\" alt=\"Bild: Fahrrad Altm\u00fchltal Amelix\" width=\"600\" height=\"397\" srcset=\"http:\/\/amelix.de\/wp-content\/uploads\/2014\/02\/001_9275-600x397.jpg 600w, http:\/\/amelix.de\/wp-content\/uploads\/2014\/02\/001_9275-1024x678.jpg 1024w\" sizes=\"(max-width: 600px) 85vw, 600px\" \/><\/a><\/p>\n<p>&nbsp;<\/p>\n<p><a  href=\"http:\/\/amelix.de\/wp-content\/uploads\/2014\/02\/001_9314.jpg\" data-rel=\"lightbox-gallery-0\" data-rl_title=\"\" data-rl_caption=\"\" title=\"\"><img loading=\"lazy\" class=\"alignnone wp-image-182 size-medium\" src=\"http:\/\/amelix.de\/wp-content\/uploads\/2014\/02\/001_9314-600x397.jpg\" alt=\"Bild: Fahrrad Altm\u00fchltal Amelix\" width=\"600\" height=\"397\" srcset=\"http:\/\/amelix.de\/wp-content\/uploads\/2014\/02\/001_9314-600x397.jpg 600w, http:\/\/amelix.de\/wp-content\/uploads\/2014\/02\/001_9314-1024x678.jpg 1024w\" sizes=\"(max-width: 600px) 85vw, 600px\" \/><\/a><\/p>\n<p>&nbsp;<\/p>\n<p>Eichst\u00e4tt, mit dem Kunstobjekt &#8222;Schmetterlingshaus mit davor parkendem Schmetterlingsk\u00e4fer &#8220;<\/p>\n<p><a  href=\"http:\/\/amelix.de\/wp-content\/uploads\/2014\/02\/001_9208.jpg\" data-rel=\"lightbox-gallery-0\" data-rl_title=\"\" data-rl_caption=\"\" title=\"\"><img loading=\"lazy\" class=\"alignnone wp-image-183 size-medium\" src=\"http:\/\/amelix.de\/wp-content\/uploads\/2014\/02\/001_9208-600x397.jpg\" alt=\"Bild: Fahrrad Altm\u00fchltal Amelix\" width=\"600\" height=\"397\" srcset=\"http:\/\/amelix.de\/wp-content\/uploads\/2014\/02\/001_9208-600x397.jpg 600w, http:\/\/amelix.de\/wp-content\/uploads\/2014\/02\/001_9208-1024x678.jpg 1024w\" sizes=\"(max-width: 600px) 85vw, 600px\" \/><\/a><\/p>\n<p>&nbsp;<\/p>\n<p>Die l\u00e4ngste Holzbr\u00fccke Europas, bei Essing<a  href=\"http:\/\/amelix.de\/wp-content\/uploads\/2014\/02\/001_9417.jpg\" data-rel=\"lightbox-gallery-0\" data-rl_title=\"\" data-rl_caption=\"\" title=\"\"><img loading=\"lazy\" class=\"alignnone wp-image-184 size-medium\" src=\"http:\/\/amelix.de\/wp-content\/uploads\/2014\/02\/001_9417-600x397.jpg\" alt=\"Bild: Fahrrad Altm\u00fchltal Amelix\" width=\"600\" height=\"397\" srcset=\"http:\/\/amelix.de\/wp-content\/uploads\/2014\/02\/001_9417-600x397.jpg 600w, http:\/\/amelix.de\/wp-content\/uploads\/2014\/02\/001_9417-1024x678.jpg 1024w\" sizes=\"(max-width: 600px) 85vw, 600px\" \/><\/a><\/p>\n<p>&nbsp;<\/p>\n<p>Als dann das Wetter umzuschlagen drohte, mussten wir auch schon wieder abreisen<\/p>\n<p><a  href=\"http:\/\/amelix.de\/wp-content\/uploads\/2014\/02\/001_9400.jpg\" data-rel=\"lightbox-gallery-0\" data-rl_title=\"\" data-rl_caption=\"\" title=\"\"><img loading=\"lazy\" class=\"alignnone wp-image-185 size-medium\" src=\"http:\/\/amelix.de\/wp-content\/uploads\/2014\/02\/001_9400-600x397.jpg\" alt=\"Bild: Fahrrad Altm\u00fchltal Amelix\" width=\"600\" height=\"397\" srcset=\"http:\/\/amelix.de\/wp-content\/uploads\/2014\/02\/001_9400-600x397.jpg 600w, http:\/\/amelix.de\/wp-content\/uploads\/2014\/02\/001_9400-1024x678.jpg 1024w\" sizes=\"(max-width: 600px) 85vw, 600px\" \/><\/a><\/p>\n","protected":false},"excerpt":{"rendered":"<p>Fahrradtour Altm\u00fchltal mit Solnhofen als Standort und Startort. Nach 7 st\u00fcndiger Anfahrt aus M\u00fcnstern, kamen wir in Solnhofen an, da in Eichst\u00e4tt kein Quartier mehr zu bekommen war. &nbsp; In Solnhofen hatten wir dann unser Zimmer im &#8222;Hotel Adler&#8220;, das von den sehr netten Herbergsleuten G\u00fcnther und Sonja gef\u00fchrt wird. &nbsp; Es ist ein \u00a0charmant- &hellip; <a href=\"http:\/\/amelix.de\/?page_id=171\" class=\"more-link\"><span class=\"screen-reader-text\">\u201eFahrradtour Altm\u00fchltal  September 2011\u201c<\/span> weiterlesen<\/a><\/p>\n","protected":false},"author":2,"featured_media":0,"parent":206,"menu_order":0,"comment_status":"open","ping_status":"closed","template":"","meta":[],"yoast_head":"<!-- This site is optimized with the Yoast SEO plugin v19.10 - https:\/\/yoast.com\/wordpress\/plugins\/seo\/ -->\n<title>Fahrradtour Altm\u00fchltal mit Solnhofen als Standort und Startort<\/title>\n<meta name=\"description\" content=\"Fahrradtour Altm\u00fchltal mit Solnhofen als Standort und Startort ; 7 st\u00fcndige Anfahrt von M\u00fcnster mit dem Auto bis nach Eichst\u00e4tt, wo es kein freies Hotel gab\" \/>\n<meta name=\"robots\" content=\"index, follow, max-snippet:-1, max-image-preview:large, max-video-preview:-1\" \/>\n<link rel=\"canonical\" href=\"http:\/\/amelix.de\/?page_id=171\" \/>\n<meta property=\"og:locale\" content=\"de_DE\" \/>\n<meta property=\"og:type\" content=\"article\" \/>\n<meta property=\"og:title\" content=\"Fahrradtour Altm\u00fchltal mit Solnhofen als Standort und Startort\" \/>\n<meta property=\"og:description\" content=\"Fahrradtour Altm\u00fchltal mit Solnhofen als Standort und Startort ; 7 st\u00fcndige Anfahrt von M\u00fcnster mit dem Auto bis nach Eichst\u00e4tt, wo es kein freies Hotel gab\" \/>\n<meta property=\"og:url\" content=\"http:\/\/amelix.de\/?page_id=171\" \/>\n<meta property=\"og:site_name\" content=\"Amelix\" \/>\n<meta property=\"article:modified_time\" content=\"2019-12-12T15:46:22+00:00\" \/>\n<meta property=\"og:image\" content=\"http:\/\/amelix.de\/wp-content\/uploads\/2014\/02\/001_9194-600x397.jpg\" \/>\n<meta name=\"twitter:label1\" content=\"Gesch\u00e4tzte Lesezeit\" \/>\n\t<meta name=\"twitter:data1\" content=\"1\u00a0Minute\" \/>\n<script type=\"application\/ld+json\" class=\"yoast-schema-graph\">{\"@context\":\"https:\/\/schema.org\",\"@graph\":[{\"@type\":\"WebPage\",\"@id\":\"http:\/\/amelix.de\/?page_id=171\",\"url\":\"http:\/\/amelix.de\/?page_id=171\",\"name\":\"Fahrradtour Altm\u00fchltal mit Solnhofen als Standort und Startort\",\"isPartOf\":{\"@id\":\"http:\/\/amelix.de\/#website\"},\"datePublished\":\"2014-02-01T17:40:22+00:00\",\"dateModified\":\"2019-12-12T15:46:22+00:00\",\"description\":\"Fahrradtour Altm\u00fchltal mit Solnhofen als Standort und Startort ; 7 st\u00fcndige Anfahrt von M\u00fcnster mit dem Auto bis nach Eichst\u00e4tt, wo es kein freies Hotel gab\",\"breadcrumb\":{\"@id\":\"http:\/\/amelix.de\/?page_id=171#breadcrumb\"},\"inLanguage\":\"de\",\"potentialAction\":[{\"@type\":\"ReadAction\",\"target\":[\"http:\/\/amelix.de\/?page_id=171\"]}]},{\"@type\":\"BreadcrumbList\",\"@id\":\"http:\/\/amelix.de\/?page_id=171#breadcrumb\",\"itemListElement\":[{\"@type\":\"ListItem\",\"position\":1,\"name\":\"Home\",\"item\":\"http:\/\/amelix.de\/\"},{\"@type\":\"ListItem\",\"position\":2,\"name\":\"Unsere Fahrradtouren\",\"item\":\"http:\/\/amelix.de\/?page_id=206\"},{\"@type\":\"ListItem\",\"position\":3,\"name\":\"Fahrradtour Altm\u00fchltal September 2011\"}]},{\"@type\":\"WebSite\",\"@id\":\"http:\/\/amelix.de\/#website\",\"url\":\"http:\/\/amelix.de\/\",\"name\":\"Amelix\",\"description\":\"Fahrradfahr-Blog f\u00fcr Best-Ager\",\"potentialAction\":[{\"@type\":\"SearchAction\",\"target\":{\"@type\":\"EntryPoint\",\"urlTemplate\":\"http:\/\/amelix.de\/?s={search_term_string}\"},\"query-input\":\"required name=search_term_string\"}],\"inLanguage\":\"de\"}]}<\/script>\n<!-- \/ Yoast SEO plugin. -->","yoast_head_json":{"title":"Fahrradtour Altm\u00fchltal mit Solnhofen als Standort und Startort","description":"Fahrradtour Altm\u00fchltal mit Solnhofen als Standort und Startort ; 7 st\u00fcndige Anfahrt von M\u00fcnster mit dem Auto bis nach Eichst\u00e4tt, wo es kein freies Hotel gab","robots":{"index":"index","follow":"follow","max-snippet":"max-snippet:-1","max-image-preview":"max-image-preview:large","max-video-preview":"max-video-preview:-1"},"canonical":"http:\/\/amelix.de\/?page_id=171","og_locale":"de_DE","og_type":"article","og_title":"Fahrradtour Altm\u00fchltal mit Solnhofen als Standort und Startort","og_description":"Fahrradtour Altm\u00fchltal mit Solnhofen als Standort und Startort ; 7 st\u00fcndige Anfahrt von M\u00fcnster mit dem Auto bis nach Eichst\u00e4tt, wo es kein freies Hotel gab","og_url":"http:\/\/amelix.de\/?page_id=171","og_site_name":"Amelix","article_modified_time":"2019-12-12T15:46:22+00:00","og_image":[{"url":"http:\/\/amelix.de\/wp-content\/uploads\/2014\/02\/001_9194-600x397.jpg"}],"twitter_misc":{"Gesch\u00e4tzte Lesezeit":"1\u00a0Minute"},"schema":{"@context":"https:\/\/schema.org","@graph":[{"@type":"WebPage","@id":"http:\/\/amelix.de\/?page_id=171","url":"http:\/\/amelix.de\/?page_id=171","name":"Fahrradtour Altm\u00fchltal mit Solnhofen als Standort und Startort","isPartOf":{"@id":"http:\/\/amelix.de\/#website"},"datePublished":"2014-02-01T17:40:22+00:00","dateModified":"2019-12-12T15:46:22+00:00","description":"Fahrradtour Altm\u00fchltal mit Solnhofen als Standort und Startort ; 7 st\u00fcndige Anfahrt von M\u00fcnster mit dem Auto bis nach Eichst\u00e4tt, wo es kein freies Hotel gab","breadcrumb":{"@id":"http:\/\/amelix.de\/?page_id=171#breadcrumb"},"inLanguage":"de","potentialAction":[{"@type":"ReadAction","target":["http:\/\/amelix.de\/?page_id=171"]}]},{"@type":"BreadcrumbList","@id":"http:\/\/amelix.de\/?page_id=171#breadcrumb","itemListElement":[{"@type":"ListItem","position":1,"name":"Home","item":"http:\/\/amelix.de\/"},{"@type":"ListItem","position":2,"name":"Unsere Fahrradtouren","item":"http:\/\/amelix.de\/?page_id=206"},{"@type":"ListItem","position":3,"name":"Fahrradtour Altm\u00fchltal September 2011"}]},{"@type":"WebSite","@id":"http:\/\/amelix.de\/#website","url":"http:\/\/amelix.de\/","name":"Amelix","description":"Fahrradfahr-Blog f\u00fcr Best-Ager","potentialAction":[{"@type":"SearchAction","target":{"@type":"EntryPoint","urlTemplate":"http:\/\/amelix.de\/?s={search_term_string}"},"query-input":"required name=search_term_string"}],"inLanguage":"de"}]}},"_links":{"self":[{"href":"http:\/\/amelix.de\/index.php?rest_route=\/wp\/v2\/pages\/171"}],"collection":[{"href":"http:\/\/amelix.de\/index.php?rest_route=\/wp\/v2\/pages"}],"about":[{"href":"http:\/\/amelix.de\/index.php?rest_route=\/wp\/v2\/types\/page"}],"author":[{"embeddable":true,"href":"http:\/\/amelix.de\/index.php?rest_route=\/wp\/v2\/users\/2"}],"replies":[{"embeddable":true,"href":"http:\/\/amelix.de\/index.php?rest_route=%2Fwp%2Fv2%2Fcomments&post=171"}],"version-history":[{"count":8,"href":"http:\/\/amelix.de\/index.php?rest_route=\/wp\/v2\/pages\/171\/revisions"}],"predecessor-version":[{"id":1195,"href":"http:\/\/amelix.de\/index.php?rest_route=\/wp\/v2\/pages\/171\/revisions\/1195"}],"up":[{"embeddable":true,"href":"http:\/\/amelix.de\/index.php?rest_route=\/wp\/v2\/pages\/206"}],"wp:attachment":[{"href":"http:\/\/amelix.de\/index.php?rest_route=%2Fwp%2Fv2%2Fmedia&parent=171"}],"curies":[{"name":"wp","href":"https:\/\/api.w.org\/{rel}","templated":true}]}}