{"id":1727,"date":"2022-07-28T17:51:55","date_gmt":"2022-07-28T15:51:55","guid":{"rendered":"http:\/\/amelix.de\/?page_id=1727"},"modified":"2022-07-28T17:51:55","modified_gmt":"2022-07-28T15:51:55","slug":"koekelsumer-bauerncafe-und-rund-um-olfen-tour","status":"publish","type":"page","link":"http:\/\/amelix.de\/?page_id=1727","title":{"rendered":"K\u00f6kelsumer Bauerncafe und &#8222;Rund-um-Olfen-Tour &#8222;"},"content":{"rendered":"<p>Das K\u00f6kelsumer Bauerncafe \u00a0in Olfen ist der Startpunkt unserer &#8222;Olfen-Umrundungstour&#8220;. Das Cafe ist gleichzeitig ein familienbetriebener Bauernladen mit etlichen regionalen \u00a0Produkten. Man kann sowohl drinnen, als auch drau\u00dfen sitzen und die Leckereien genie\u00dfen.<\/p>\n<figure id=\"attachment_1729\" aria-describedby=\"caption-attachment-1729\" style=\"width: 840px\" class=\"wp-caption alignnone\"><img loading=\"lazy\" class=\"wp-image-1729 size-large\" src=\"http:\/\/amelix.de\/wp-content\/uploads\/2022\/07\/0FC72A1F-0A48-4154-B15A-1E2E9D49F046-23793-000003488BC3C0CC-891x1024.jpg\" alt=\"\" width=\"840\" height=\"965\" srcset=\"http:\/\/amelix.de\/wp-content\/uploads\/2022\/07\/0FC72A1F-0A48-4154-B15A-1E2E9D49F046-23793-000003488BC3C0CC-891x1024.jpg 891w, http:\/\/amelix.de\/wp-content\/uploads\/2022\/07\/0FC72A1F-0A48-4154-B15A-1E2E9D49F046-23793-000003488BC3C0CC-522x600.jpg 522w, http:\/\/amelix.de\/wp-content\/uploads\/2022\/07\/0FC72A1F-0A48-4154-B15A-1E2E9D49F046-23793-000003488BC3C0CC-768x883.jpg 768w, http:\/\/amelix.de\/wp-content\/uploads\/2022\/07\/0FC72A1F-0A48-4154-B15A-1E2E9D49F046-23793-000003488BC3C0CC-1336x1536.jpg 1336w, http:\/\/amelix.de\/wp-content\/uploads\/2022\/07\/0FC72A1F-0A48-4154-B15A-1E2E9D49F046-23793-000003488BC3C0CC-1781x2048.jpg 1781w, http:\/\/amelix.de\/wp-content\/uploads\/2022\/07\/0FC72A1F-0A48-4154-B15A-1E2E9D49F046-23793-000003488BC3C0CC-1200x1380.jpg 1200w\" sizes=\"(max-width: 709px) 85vw, (max-width: 909px) 67vw, (max-width: 1362px) 62vw, 840px\" \/><figcaption id=\"caption-attachment-1729\" class=\"wp-caption-text\">K\u00f6kelsumer Hofladen und Bauerncafe<\/figcaption><\/figure>\n<p>&nbsp;<\/p>\n<p>Um unser Fahrradnavi endlich mal n\u00e4her kennenzulernen , wollen wir uns nur nach dessen Vorgaben richten. So die Planung.. Gut ist, da\u00df dieser Rundweg gro\u00dfteils von \u00a0der Beschilderung &#8222;rundum Olfen&#8220; begleitet wird. Da beide Navigationssysteme nicht durchg\u00e4ngig sinnvolle Infos abgegeben haben, hatten wir immer noch die Alternative des gerade funktionierenden Systems genutzt.<\/p>\n<figure id=\"attachment_1714\" aria-describedby=\"caption-attachment-1714\" style=\"width: 768px\" class=\"wp-caption alignnone\"><img loading=\"lazy\" class=\"wp-image-1714 size-large\" src=\"http:\/\/amelix.de\/wp-content\/uploads\/2022\/07\/938D19F5-C5B8-4F81-BF83-134E901851D0-23793-000003507239AEC4-768x1024.jpg\" alt=\"\" width=\"768\" height=\"1024\" srcset=\"http:\/\/amelix.de\/wp-content\/uploads\/2022\/07\/938D19F5-C5B8-4F81-BF83-134E901851D0-23793-000003507239AEC4-768x1024.jpg 768w, http:\/\/amelix.de\/wp-content\/uploads\/2022\/07\/938D19F5-C5B8-4F81-BF83-134E901851D0-23793-000003507239AEC4-450x600.jpg 450w, http:\/\/amelix.de\/wp-content\/uploads\/2022\/07\/938D19F5-C5B8-4F81-BF83-134E901851D0-23793-000003507239AEC4-1152x1536.jpg 1152w, http:\/\/amelix.de\/wp-content\/uploads\/2022\/07\/938D19F5-C5B8-4F81-BF83-134E901851D0-23793-000003507239AEC4-1536x2048.jpg 1536w, http:\/\/amelix.de\/wp-content\/uploads\/2022\/07\/938D19F5-C5B8-4F81-BF83-134E901851D0-23793-000003507239AEC4-1200x1600.jpg 1200w, http:\/\/amelix.de\/wp-content\/uploads\/2022\/07\/938D19F5-C5B8-4F81-BF83-134E901851D0-23793-000003507239AEC4-scaled.jpg 1920w\" sizes=\"(max-width: 768px) 85vw, 768px\" \/><figcaption id=\"caption-attachment-1714\" class=\"wp-caption-text\">Olfen Rundtour-Schild<\/figcaption><\/figure>\n<p>&nbsp;<\/p>\n<p>Unser erster Anlaufpunkt ist ein Storchennest. Es ist aber leer. Als kleiner Abschiedsgru\u00df ist lediglich eine einzelne Feder zur\u00fcck geblieben.<\/p>\n<figure id=\"attachment_1706\" aria-describedby=\"caption-attachment-1706\" style=\"width: 840px\" class=\"wp-caption alignnone\"><img loading=\"lazy\" class=\"wp-image-1706 size-large\" src=\"http:\/\/amelix.de\/wp-content\/uploads\/2022\/07\/P1007579-1024x683.jpg\" alt=\"\" width=\"840\" height=\"560\" srcset=\"http:\/\/amelix.de\/wp-content\/uploads\/2022\/07\/P1007579-1024x683.jpg 1024w, http:\/\/amelix.de\/wp-content\/uploads\/2022\/07\/P1007579-600x400.jpg 600w, http:\/\/amelix.de\/wp-content\/uploads\/2022\/07\/P1007579-768x512.jpg 768w, http:\/\/amelix.de\/wp-content\/uploads\/2022\/07\/P1007579-1536x1024.jpg 1536w, http:\/\/amelix.de\/wp-content\/uploads\/2022\/07\/P1007579-2048x1365.jpg 2048w, http:\/\/amelix.de\/wp-content\/uploads\/2022\/07\/P1007579-1200x800.jpg 1200w\" sizes=\"(max-width: 709px) 85vw, (max-width: 909px) 67vw, (max-width: 1362px) 62vw, 840px\" \/><figcaption id=\"caption-attachment-1706\" class=\"wp-caption-text\">Eine wei\u00dfe Feder als Abschiedsgru\u00df<\/figcaption><\/figure>\n<p>&nbsp;<\/p>\n<p>Beim Weiterradeln \u00a0kommen wir \u00fcberraschend an diesen &#8222;Poitou-Eseln&#8220; \u00a0vorbei. Diese Rasse ist sehr zutraulich und liebenswert zottelig.<\/p>\n<p><img loading=\"lazy\" class=\"alignnone wp-image-1725 size-large\" src=\"http:\/\/amelix.de\/wp-content\/uploads\/2022\/07\/cropped-P1007587-scaled-1-990x1024.jpg\" alt=\"\" width=\"840\" height=\"869\" srcset=\"http:\/\/amelix.de\/wp-content\/uploads\/2022\/07\/cropped-P1007587-scaled-1-990x1024.jpg 990w, http:\/\/amelix.de\/wp-content\/uploads\/2022\/07\/cropped-P1007587-scaled-1-580x600.jpg 580w, http:\/\/amelix.de\/wp-content\/uploads\/2022\/07\/cropped-P1007587-scaled-1-768x794.jpg 768w, http:\/\/amelix.de\/wp-content\/uploads\/2022\/07\/cropped-P1007587-scaled-1.jpg 1200w\" sizes=\"(max-width: 709px) 85vw, (max-width: 909px) 67vw, (max-width: 1362px) 62vw, 840px\" \/><\/p>\n<p>&nbsp;<\/p>\n<p>Und sie sind nat\u00fcrlich eine gro\u00dfe Attraktion f\u00fcr Jung und Alt.<\/p>\n<p><img loading=\"lazy\" class=\"alignnone wp-image-1730 size-large\" src=\"http:\/\/amelix.de\/wp-content\/uploads\/2022\/07\/IMG_1709-768x1024.jpg\" alt=\"\" width=\"768\" height=\"1024\" srcset=\"http:\/\/amelix.de\/wp-content\/uploads\/2022\/07\/IMG_1709-768x1024.jpg 768w, http:\/\/amelix.de\/wp-content\/uploads\/2022\/07\/IMG_1709-450x600.jpg 450w, http:\/\/amelix.de\/wp-content\/uploads\/2022\/07\/IMG_1709-1152x1536.jpg 1152w, http:\/\/amelix.de\/wp-content\/uploads\/2022\/07\/IMG_1709-1536x2048.jpg 1536w, http:\/\/amelix.de\/wp-content\/uploads\/2022\/07\/IMG_1709-1200x1600.jpg 1200w, http:\/\/amelix.de\/wp-content\/uploads\/2022\/07\/IMG_1709-scaled.jpg 1920w\" sizes=\"(max-width: 768px) 85vw, 768px\" \/><\/p>\n<figure id=\"attachment_1709\" aria-describedby=\"caption-attachment-1709\" style=\"width: 840px\" class=\"wp-caption alignnone\"><img loading=\"lazy\" class=\"wp-image-1709 size-large\" src=\"http:\/\/amelix.de\/wp-content\/uploads\/2022\/07\/P1007588-1024x723.jpg\" alt=\"\" width=\"840\" height=\"593\" srcset=\"http:\/\/amelix.de\/wp-content\/uploads\/2022\/07\/P1007588-1024x723.jpg 1024w, http:\/\/amelix.de\/wp-content\/uploads\/2022\/07\/P1007588-600x424.jpg 600w, http:\/\/amelix.de\/wp-content\/uploads\/2022\/07\/P1007588-768x543.jpg 768w, http:\/\/amelix.de\/wp-content\/uploads\/2022\/07\/P1007588-1536x1085.jpg 1536w, http:\/\/amelix.de\/wp-content\/uploads\/2022\/07\/P1007588-2048x1447.jpg 2048w, http:\/\/amelix.de\/wp-content\/uploads\/2022\/07\/P1007588-1200x848.jpg 1200w\" sizes=\"(max-width: 709px) 85vw, (max-width: 909px) 67vw, (max-width: 1362px) 62vw, 840px\" \/><figcaption id=\"caption-attachment-1709\" class=\"wp-caption-text\">Poitou-Esel-Info<\/figcaption><\/figure>\n<p>&nbsp;<\/p>\n<p>Wir folgen weiterhin der\u00a0Beschilderung bzw. \u00a0unserem Navi &#8230;<\/p>\n<p>Dieses Bild entsteht oben von der ziemlich bekannten \u00a0&#8222;3-Bogen-Br\u00fccke&#8220; in Olfen. Die Strecke bis dorthin ist au\u00dfergew\u00f6hnlich abwechslungsreich. Gleichzeitig ist sie nicht immer ganz einfach zu fahren. Um z.B. mit den R\u00e4dern auf die Br\u00fccke zu gelangen, muss man eine recht steile Schotterserpentine hochfahren. Wir sind gl\u00fccklicherweise mit den E-Bikes unterwegs.<\/p>\n<figure id=\"attachment_1710\" aria-describedby=\"caption-attachment-1710\" style=\"width: 840px\" class=\"wp-caption alignnone\"><img loading=\"lazy\" class=\"wp-image-1710 size-large\" src=\"http:\/\/amelix.de\/wp-content\/uploads\/2022\/07\/P1007589-1024x683.jpg\" alt=\"\" width=\"840\" height=\"560\" srcset=\"http:\/\/amelix.de\/wp-content\/uploads\/2022\/07\/P1007589-1024x683.jpg 1024w, http:\/\/amelix.de\/wp-content\/uploads\/2022\/07\/P1007589-600x400.jpg 600w, http:\/\/amelix.de\/wp-content\/uploads\/2022\/07\/P1007589-768x512.jpg 768w, http:\/\/amelix.de\/wp-content\/uploads\/2022\/07\/P1007589-1536x1024.jpg 1536w, http:\/\/amelix.de\/wp-content\/uploads\/2022\/07\/P1007589-2048x1365.jpg 2048w, http:\/\/amelix.de\/wp-content\/uploads\/2022\/07\/P1007589-1200x800.jpg 1200w\" sizes=\"(max-width: 709px) 85vw, (max-width: 909px) 67vw, (max-width: 1362px) 62vw, 840px\" \/><figcaption id=\"caption-attachment-1710\" class=\"wp-caption-text\">Blick von der 3-Bogen-Br\u00fccke \/ Olfen<\/figcaption><\/figure>\n<p>&nbsp;<\/p>\n<p>Durch sch\u00f6ne Waldgebiete, steinige Landwirtschaftspfade, auf stra\u00dfenbegleitenden Radwegen&#8230;<\/p>\n<p><img loading=\"lazy\" class=\"alignnone wp-image-1719 size-large\" src=\"http:\/\/amelix.de\/wp-content\/uploads\/2022\/07\/686088D2-A3D1-4F8E-B3EE-8502B3DFEDD2-23793-0000036ED45B1662-768x1024.jpg\" alt=\"\" width=\"768\" height=\"1024\" srcset=\"http:\/\/amelix.de\/wp-content\/uploads\/2022\/07\/686088D2-A3D1-4F8E-B3EE-8502B3DFEDD2-23793-0000036ED45B1662-768x1024.jpg 768w, http:\/\/amelix.de\/wp-content\/uploads\/2022\/07\/686088D2-A3D1-4F8E-B3EE-8502B3DFEDD2-23793-0000036ED45B1662-450x600.jpg 450w, http:\/\/amelix.de\/wp-content\/uploads\/2022\/07\/686088D2-A3D1-4F8E-B3EE-8502B3DFEDD2-23793-0000036ED45B1662-1152x1536.jpg 1152w, http:\/\/amelix.de\/wp-content\/uploads\/2022\/07\/686088D2-A3D1-4F8E-B3EE-8502B3DFEDD2-23793-0000036ED45B1662-1536x2048.jpg 1536w, http:\/\/amelix.de\/wp-content\/uploads\/2022\/07\/686088D2-A3D1-4F8E-B3EE-8502B3DFEDD2-23793-0000036ED45B1662-1200x1600.jpg 1200w, http:\/\/amelix.de\/wp-content\/uploads\/2022\/07\/686088D2-A3D1-4F8E-B3EE-8502B3DFEDD2-23793-0000036ED45B1662-scaled.jpg 1920w\" sizes=\"(max-width: 768px) 85vw, 768px\" \/><\/p>\n<p>&nbsp;<\/p>\n<p>&#8230;.und \u00fcber kanal\u00fcberquerende Br\u00fccken, und kreuzende Wasserstra\u00dfen geht es weiter.<\/p>\n<p><img loading=\"lazy\" class=\"alignnone wp-image-1717 size-large\" src=\"http:\/\/amelix.de\/wp-content\/uploads\/2022\/07\/E1306F72-B810-4E70-A56C-D4C9DD1C8FED-23793-00000362A781883B-1024x768.jpg\" alt=\"\" width=\"840\" height=\"630\" srcset=\"http:\/\/amelix.de\/wp-content\/uploads\/2022\/07\/E1306F72-B810-4E70-A56C-D4C9DD1C8FED-23793-00000362A781883B-1024x768.jpg 1024w, http:\/\/amelix.de\/wp-content\/uploads\/2022\/07\/E1306F72-B810-4E70-A56C-D4C9DD1C8FED-23793-00000362A781883B-600x450.jpg 600w, http:\/\/amelix.de\/wp-content\/uploads\/2022\/07\/E1306F72-B810-4E70-A56C-D4C9DD1C8FED-23793-00000362A781883B-768x576.jpg 768w, http:\/\/amelix.de\/wp-content\/uploads\/2022\/07\/E1306F72-B810-4E70-A56C-D4C9DD1C8FED-23793-00000362A781883B-1536x1152.jpg 1536w, http:\/\/amelix.de\/wp-content\/uploads\/2022\/07\/E1306F72-B810-4E70-A56C-D4C9DD1C8FED-23793-00000362A781883B-2048x1536.jpg 2048w, http:\/\/amelix.de\/wp-content\/uploads\/2022\/07\/E1306F72-B810-4E70-A56C-D4C9DD1C8FED-23793-00000362A781883B-1200x900.jpg 1200w\" sizes=\"(max-width: 709px) 85vw, (max-width: 909px) 67vw, (max-width: 1362px) 62vw, 840px\" \/><\/p>\n<p><img loading=\"lazy\" class=\"alignnone wp-image-1712 size-large\" src=\"http:\/\/amelix.de\/wp-content\/uploads\/2022\/07\/P1007606-1024x683.jpg\" alt=\"\" width=\"840\" height=\"560\" srcset=\"http:\/\/amelix.de\/wp-content\/uploads\/2022\/07\/P1007606-1024x683.jpg 1024w, http:\/\/amelix.de\/wp-content\/uploads\/2022\/07\/P1007606-600x400.jpg 600w, http:\/\/amelix.de\/wp-content\/uploads\/2022\/07\/P1007606-768x512.jpg 768w, http:\/\/amelix.de\/wp-content\/uploads\/2022\/07\/P1007606-1536x1024.jpg 1536w, http:\/\/amelix.de\/wp-content\/uploads\/2022\/07\/P1007606-2048x1365.jpg 2048w, http:\/\/amelix.de\/wp-content\/uploads\/2022\/07\/P1007606-1200x800.jpg 1200w\" sizes=\"(max-width: 709px) 85vw, (max-width: 909px) 67vw, (max-width: 1362px) 62vw, 840px\" \/><\/p>\n<p>&nbsp;<\/p>\n<p>&#8230;..vorbei an historischen, aber immer noch genutzten Bauwerken&#8230;.<\/p>\n<figure id=\"attachment_1720\" aria-describedby=\"caption-attachment-1720\" style=\"width: 768px\" class=\"wp-caption alignnone\"><img loading=\"lazy\" class=\"wp-image-1720 size-large\" src=\"http:\/\/amelix.de\/wp-content\/uploads\/2022\/07\/728DFFAE-A3C4-4C0F-B8AA-02CD24C286A3-23793-00000370574DE767-768x1024.jpg\" alt=\"\" width=\"768\" height=\"1024\" srcset=\"http:\/\/amelix.de\/wp-content\/uploads\/2022\/07\/728DFFAE-A3C4-4C0F-B8AA-02CD24C286A3-23793-00000370574DE767-768x1024.jpg 768w, http:\/\/amelix.de\/wp-content\/uploads\/2022\/07\/728DFFAE-A3C4-4C0F-B8AA-02CD24C286A3-23793-00000370574DE767-450x600.jpg 450w, http:\/\/amelix.de\/wp-content\/uploads\/2022\/07\/728DFFAE-A3C4-4C0F-B8AA-02CD24C286A3-23793-00000370574DE767-1152x1536.jpg 1152w, http:\/\/amelix.de\/wp-content\/uploads\/2022\/07\/728DFFAE-A3C4-4C0F-B8AA-02CD24C286A3-23793-00000370574DE767-1536x2048.jpg 1536w, http:\/\/amelix.de\/wp-content\/uploads\/2022\/07\/728DFFAE-A3C4-4C0F-B8AA-02CD24C286A3-23793-00000370574DE767-1200x1600.jpg 1200w, http:\/\/amelix.de\/wp-content\/uploads\/2022\/07\/728DFFAE-A3C4-4C0F-B8AA-02CD24C286A3-23793-00000370574DE767-scaled.jpg 1920w\" sizes=\"(max-width: 768px) 85vw, 768px\" \/><figcaption id=\"caption-attachment-1720\" class=\"wp-caption-text\">Schlo\u00df Sandfort \/ Olfen<\/figcaption><\/figure>\n<p>&nbsp;<\/p>\n<p>&#8230;.aber mit der Option des N\u00e4hertretens \u00a0, ohne Zunahe zu treten&#8230;sowas sieht man leider selten.<\/p>\n<p><img loading=\"lazy\" class=\"alignnone wp-image-1721 size-large\" src=\"http:\/\/amelix.de\/wp-content\/uploads\/2022\/07\/81509B71-586E-47AE-8B2B-EDFD76FF68CB-23793-0000037097425CAE-745x1024.jpg\" alt=\"\" width=\"745\" height=\"1024\" srcset=\"http:\/\/amelix.de\/wp-content\/uploads\/2022\/07\/81509B71-586E-47AE-8B2B-EDFD76FF68CB-23793-0000037097425CAE-745x1024.jpg 745w, http:\/\/amelix.de\/wp-content\/uploads\/2022\/07\/81509B71-586E-47AE-8B2B-EDFD76FF68CB-23793-0000037097425CAE-437x600.jpg 437w, http:\/\/amelix.de\/wp-content\/uploads\/2022\/07\/81509B71-586E-47AE-8B2B-EDFD76FF68CB-23793-0000037097425CAE-768x1056.jpg 768w, http:\/\/amelix.de\/wp-content\/uploads\/2022\/07\/81509B71-586E-47AE-8B2B-EDFD76FF68CB-23793-0000037097425CAE-1118x1536.jpg 1118w, http:\/\/amelix.de\/wp-content\/uploads\/2022\/07\/81509B71-586E-47AE-8B2B-EDFD76FF68CB-23793-0000037097425CAE-1490x2048.jpg 1490w, http:\/\/amelix.de\/wp-content\/uploads\/2022\/07\/81509B71-586E-47AE-8B2B-EDFD76FF68CB-23793-0000037097425CAE-1200x1649.jpg 1200w, http:\/\/amelix.de\/wp-content\/uploads\/2022\/07\/81509B71-586E-47AE-8B2B-EDFD76FF68CB-23793-0000037097425CAE.jpg 1859w\" sizes=\"(max-width: 745px) 85vw, 745px\" \/><\/p>\n<p>&nbsp;<\/p>\n<p>Leider stimmt die Routenf\u00fchrung nicht \u00fcberall. Deswegen erw\u00e4hne ich das hier besonders.<\/p>\n<p>Wenn man an diese Beschilderung hinter sich stehen hat, schaut man auf das folgende Stra\u00dfenschild&#8230;.<\/p>\n<p><img loading=\"lazy\" class=\"alignnone wp-image-1722 size-large\" src=\"http:\/\/amelix.de\/wp-content\/uploads\/2022\/07\/C5946FA2-DE4C-4987-8328-E74A35668C94-23793-0000037C66D7CFBD-768x1024.jpg\" alt=\"\" width=\"768\" height=\"1024\" srcset=\"http:\/\/amelix.de\/wp-content\/uploads\/2022\/07\/C5946FA2-DE4C-4987-8328-E74A35668C94-23793-0000037C66D7CFBD-768x1024.jpg 768w, http:\/\/amelix.de\/wp-content\/uploads\/2022\/07\/C5946FA2-DE4C-4987-8328-E74A35668C94-23793-0000037C66D7CFBD-450x600.jpg 450w, http:\/\/amelix.de\/wp-content\/uploads\/2022\/07\/C5946FA2-DE4C-4987-8328-E74A35668C94-23793-0000037C66D7CFBD-1152x1536.jpg 1152w, http:\/\/amelix.de\/wp-content\/uploads\/2022\/07\/C5946FA2-DE4C-4987-8328-E74A35668C94-23793-0000037C66D7CFBD-1536x2048.jpg 1536w, http:\/\/amelix.de\/wp-content\/uploads\/2022\/07\/C5946FA2-DE4C-4987-8328-E74A35668C94-23793-0000037C66D7CFBD-1200x1600.jpg 1200w, http:\/\/amelix.de\/wp-content\/uploads\/2022\/07\/C5946FA2-DE4C-4987-8328-E74A35668C94-23793-0000037C66D7CFBD-scaled.jpg 1920w\" sizes=\"(max-width: 768px) 85vw, 768px\" \/><\/p>\n<p>&nbsp;<\/p>\n<p>Es wird ausgewiesen, die Stra\u00dfe &#8222;Lehmhegge&#8220;, in Richtung Sackgasse hinab zu fahren. ( sagt Komoot ) &#8230;das haben wir gemacht und stehen nach einigen Metern vor einem Privatbesitz. Dieser weist mit etlichen Beschilderungen darauf hin, da\u00df hier absolutes Durchfahrtsverbot. Besteht . F\u00dcR ALLE !! Wir verstehen das gut, denn wer wei\u00df, wieviele Radler dort t\u00e4glich ungebeten im privaten Bereich auftauchen&#8230;.<\/p>\n<figure id=\"attachment_1723\" aria-describedby=\"caption-attachment-1723\" style=\"width: 768px\" class=\"wp-caption alignnone\"><img loading=\"lazy\" class=\"wp-image-1723 size-large\" src=\"http:\/\/amelix.de\/wp-content\/uploads\/2022\/07\/B9475175-6483-4CB9-A11B-A4F2156468B6-23793-0000037C7CBEDCF4-768x1024.jpg\" alt=\"\" width=\"768\" height=\"1024\" srcset=\"http:\/\/amelix.de\/wp-content\/uploads\/2022\/07\/B9475175-6483-4CB9-A11B-A4F2156468B6-23793-0000037C7CBEDCF4-768x1024.jpg 768w, http:\/\/amelix.de\/wp-content\/uploads\/2022\/07\/B9475175-6483-4CB9-A11B-A4F2156468B6-23793-0000037C7CBEDCF4-450x600.jpg 450w, http:\/\/amelix.de\/wp-content\/uploads\/2022\/07\/B9475175-6483-4CB9-A11B-A4F2156468B6-23793-0000037C7CBEDCF4-1152x1536.jpg 1152w, http:\/\/amelix.de\/wp-content\/uploads\/2022\/07\/B9475175-6483-4CB9-A11B-A4F2156468B6-23793-0000037C7CBEDCF4-1536x2048.jpg 1536w, http:\/\/amelix.de\/wp-content\/uploads\/2022\/07\/B9475175-6483-4CB9-A11B-A4F2156468B6-23793-0000037C7CBEDCF4-1200x1600.jpg 1200w, http:\/\/amelix.de\/wp-content\/uploads\/2022\/07\/B9475175-6483-4CB9-A11B-A4F2156468B6-23793-0000037C7CBEDCF4-scaled.jpg 1920w\" sizes=\"(max-width: 768px) 85vw, 768px\" \/><figcaption id=\"caption-attachment-1723\" class=\"wp-caption-text\">In Komoot fasch ausgewiesener Weg<\/figcaption><\/figure>\n<p>&nbsp;<\/p>\n<p>Zusammengefasst ist es eine tolle und spannende und \u00a0sehr vielseitige Strecke ! Mit Unterst\u00fctzung u.a. durch nette Leute unterwegs, die uns entscheidende Tipps geben, haben wir auch kritische , z.B.umbeschilderte Abzweigungen gefunden. Allerdings ist an einigen Stellen der Untergrund so lose und der Weg so schmal, das ich nicht sicher bin, ob z.B.ein Fahrradanh\u00e4nger dort entlang fahren k\u00f6nnte.<\/p>\n<p>&nbsp;<\/p>\n<p>&nbsp;<\/p>\n","protected":false},"excerpt":{"rendered":"<p>Das K\u00f6kelsumer Bauerncafe \u00a0in Olfen ist der Startpunkt unserer &#8222;Olfen-Umrundungstour&#8220;. Das Cafe ist gleichzeitig ein familienbetriebener Bauernladen mit etlichen regionalen \u00a0Produkten. Man kann sowohl drinnen, als auch drau\u00dfen sitzen und die Leckereien genie\u00dfen. &nbsp; Um unser Fahrradnavi endlich mal n\u00e4her kennenzulernen , wollen wir uns nur nach dessen Vorgaben richten. So die Planung.. Gut ist, &hellip; <a href=\"http:\/\/amelix.de\/?page_id=1727\" class=\"more-link\"><span class=\"screen-reader-text\">\u201eK\u00f6kelsumer Bauerncafe und &#8222;Rund-um-Olfen-Tour &#8222;\u201c<\/span> weiterlesen<\/a><\/p>\n","protected":false},"author":2,"featured_media":0,"parent":0,"menu_order":0,"comment_status":"closed","ping_status":"closed","template":"","meta":[],"yoast_head":"<!-- This site is optimized with the Yoast SEO plugin v19.10 - https:\/\/yoast.com\/wordpress\/plugins\/seo\/ -->\n<title>K\u00f6kelsumer Bauerncafe und &quot;Rund-um-Olfen-Tour &quot; - Amelix<\/title>\n<meta name=\"robots\" content=\"index, follow, max-snippet:-1, max-image-preview:large, max-video-preview:-1\" \/>\n<link rel=\"canonical\" href=\"http:\/\/amelix.de\/?page_id=1727\" \/>\n<meta property=\"og:locale\" content=\"de_DE\" \/>\n<meta property=\"og:type\" content=\"article\" \/>\n<meta property=\"og:title\" content=\"K\u00f6kelsumer Bauerncafe und &quot;Rund-um-Olfen-Tour &quot; - Amelix\" \/>\n<meta property=\"og:description\" content=\"Das K\u00f6kelsumer Bauerncafe \u00a0in Olfen ist der Startpunkt unserer &#8222;Olfen-Umrundungstour&#8220;. Das Cafe ist gleichzeitig ein familienbetriebener Bauernladen mit etlichen regionalen \u00a0Produkten. Man kann sowohl drinnen, als auch drau\u00dfen sitzen und die Leckereien genie\u00dfen. &nbsp; Um unser Fahrradnavi endlich mal n\u00e4her kennenzulernen , wollen wir uns nur nach dessen Vorgaben richten. So die Planung.. Gut ist, &hellip; \u201eK\u00f6kelsumer Bauerncafe und &#8222;Rund-um-Olfen-Tour &#8222;\u201c weiterlesen\" \/>\n<meta property=\"og:url\" content=\"http:\/\/amelix.de\/?page_id=1727\" \/>\n<meta property=\"og:site_name\" content=\"Amelix\" \/>\n<meta property=\"og:image\" content=\"http:\/\/amelix.de\/wp-content\/uploads\/2022\/07\/0FC72A1F-0A48-4154-B15A-1E2E9D49F046-23793-000003488BC3C0CC-891x1024.jpg\" \/>\n<meta name=\"twitter:label1\" content=\"Gesch\u00e4tzte Lesezeit\" \/>\n\t<meta name=\"twitter:data1\" content=\"6\u00a0Minuten\" \/>\n<script type=\"application\/ld+json\" class=\"yoast-schema-graph\">{\"@context\":\"https:\/\/schema.org\",\"@graph\":[{\"@type\":\"WebPage\",\"@id\":\"http:\/\/amelix.de\/?page_id=1727\",\"url\":\"http:\/\/amelix.de\/?page_id=1727\",\"name\":\"K\u00f6kelsumer Bauerncafe und \\\"Rund-um-Olfen-Tour \\\" - Amelix\",\"isPartOf\":{\"@id\":\"http:\/\/amelix.de\/#website\"},\"datePublished\":\"2022-07-28T15:51:55+00:00\",\"dateModified\":\"2022-07-28T15:51:55+00:00\",\"breadcrumb\":{\"@id\":\"http:\/\/amelix.de\/?page_id=1727#breadcrumb\"},\"inLanguage\":\"de\",\"potentialAction\":[{\"@type\":\"ReadAction\",\"target\":[\"http:\/\/amelix.de\/?page_id=1727\"]}]},{\"@type\":\"BreadcrumbList\",\"@id\":\"http:\/\/amelix.de\/?page_id=1727#breadcrumb\",\"itemListElement\":[{\"@type\":\"ListItem\",\"position\":1,\"name\":\"Home\",\"item\":\"http:\/\/amelix.de\/\"},{\"@type\":\"ListItem\",\"position\":2,\"name\":\"K\u00f6kelsumer Bauerncafe und &#8222;Rund-um-Olfen-Tour &#8222;\"}]},{\"@type\":\"WebSite\",\"@id\":\"http:\/\/amelix.de\/#website\",\"url\":\"http:\/\/amelix.de\/\",\"name\":\"Amelix\",\"description\":\"Fahrradfahr-Blog f\u00fcr Best-Ager\",\"potentialAction\":[{\"@type\":\"SearchAction\",\"target\":{\"@type\":\"EntryPoint\",\"urlTemplate\":\"http:\/\/amelix.de\/?s={search_term_string}\"},\"query-input\":\"required name=search_term_string\"}],\"inLanguage\":\"de\"}]}<\/script>\n<!-- \/ Yoast SEO plugin. -->","yoast_head_json":{"title":"K\u00f6kelsumer Bauerncafe und \"Rund-um-Olfen-Tour \" - Amelix","robots":{"index":"index","follow":"follow","max-snippet":"max-snippet:-1","max-image-preview":"max-image-preview:large","max-video-preview":"max-video-preview:-1"},"canonical":"http:\/\/amelix.de\/?page_id=1727","og_locale":"de_DE","og_type":"article","og_title":"K\u00f6kelsumer Bauerncafe und \"Rund-um-Olfen-Tour \" - Amelix","og_description":"Das K\u00f6kelsumer Bauerncafe \u00a0in Olfen ist der Startpunkt unserer &#8222;Olfen-Umrundungstour&#8220;. Das Cafe ist gleichzeitig ein familienbetriebener Bauernladen mit etlichen regionalen \u00a0Produkten. Man kann sowohl drinnen, als auch drau\u00dfen sitzen und die Leckereien genie\u00dfen. &nbsp; Um unser Fahrradnavi endlich mal n\u00e4her kennenzulernen , wollen wir uns nur nach dessen Vorgaben richten. So die Planung.. Gut ist, &hellip; \u201eK\u00f6kelsumer Bauerncafe und &#8222;Rund-um-Olfen-Tour &#8222;\u201c weiterlesen","og_url":"http:\/\/amelix.de\/?page_id=1727","og_site_name":"Amelix","og_image":[{"url":"http:\/\/amelix.de\/wp-content\/uploads\/2022\/07\/0FC72A1F-0A48-4154-B15A-1E2E9D49F046-23793-000003488BC3C0CC-891x1024.jpg"}],"twitter_misc":{"Gesch\u00e4tzte Lesezeit":"6\u00a0Minuten"},"schema":{"@context":"https:\/\/schema.org","@graph":[{"@type":"WebPage","@id":"http:\/\/amelix.de\/?page_id=1727","url":"http:\/\/amelix.de\/?page_id=1727","name":"K\u00f6kelsumer Bauerncafe und \"Rund-um-Olfen-Tour \" - Amelix","isPartOf":{"@id":"http:\/\/amelix.de\/#website"},"datePublished":"2022-07-28T15:51:55+00:00","dateModified":"2022-07-28T15:51:55+00:00","breadcrumb":{"@id":"http:\/\/amelix.de\/?page_id=1727#breadcrumb"},"inLanguage":"de","potentialAction":[{"@type":"ReadAction","target":["http:\/\/amelix.de\/?page_id=1727"]}]},{"@type":"BreadcrumbList","@id":"http:\/\/amelix.de\/?page_id=1727#breadcrumb","itemListElement":[{"@type":"ListItem","position":1,"name":"Home","item":"http:\/\/amelix.de\/"},{"@type":"ListItem","position":2,"name":"K\u00f6kelsumer Bauerncafe und &#8222;Rund-um-Olfen-Tour &#8222;"}]},{"@type":"WebSite","@id":"http:\/\/amelix.de\/#website","url":"http:\/\/amelix.de\/","name":"Amelix","description":"Fahrradfahr-Blog f\u00fcr Best-Ager","potentialAction":[{"@type":"SearchAction","target":{"@type":"EntryPoint","urlTemplate":"http:\/\/amelix.de\/?s={search_term_string}"},"query-input":"required name=search_term_string"}],"inLanguage":"de"}]}},"_links":{"self":[{"href":"http:\/\/amelix.de\/index.php?rest_route=\/wp\/v2\/pages\/1727"}],"collection":[{"href":"http:\/\/amelix.de\/index.php?rest_route=\/wp\/v2\/pages"}],"about":[{"href":"http:\/\/amelix.de\/index.php?rest_route=\/wp\/v2\/types\/page"}],"author":[{"embeddable":true,"href":"http:\/\/amelix.de\/index.php?rest_route=\/wp\/v2\/users\/2"}],"replies":[{"embeddable":true,"href":"http:\/\/amelix.de\/index.php?rest_route=%2Fwp%2Fv2%2Fcomments&post=1727"}],"version-history":[{"count":6,"href":"http:\/\/amelix.de\/index.php?rest_route=\/wp\/v2\/pages\/1727\/revisions"}],"predecessor-version":[{"id":1735,"href":"http:\/\/amelix.de\/index.php?rest_route=\/wp\/v2\/pages\/1727\/revisions\/1735"}],"wp:attachment":[{"href":"http:\/\/amelix.de\/index.php?rest_route=%2Fwp%2Fv2%2Fmedia&parent=1727"}],"curies":[{"name":"wp","href":"https:\/\/api.w.org\/{rel}","templated":true}]}}