{"id":1739,"date":"2022-07-30T16:20:05","date_gmt":"2022-07-30T14:20:05","guid":{"rendered":"http:\/\/amelix.de\/?page_id=1739"},"modified":"2022-07-30T16:20:05","modified_gmt":"2022-07-30T14:20:05","slug":"cafe-suchtour-ueber-schoene-wege","status":"publish","type":"page","link":"http:\/\/amelix.de\/?page_id=1739","title":{"rendered":"Caf\u00e9-Suchtour \u00fcber sch\u00f6ne Wege"},"content":{"rendered":"<p>&nbsp;<\/p>\n<p>Wir, als begeisterte Radfahrer, freuen uns immer , wenn wir die M\u00f6glichkeit finden , einen Kaffee zu trinken unterwegs. Deswegen haben wir unsere heutige Fahrradtour auf das St\u00e4dtchen Ascheberg \/ Westfalen ausgerichtet. Dort gibt es, wie wir k\u00fcrzlich \u00a0gelesen hatten, den \u00a0&#8220; Caf\u00e9 und Snacktreff L\u00fcningmeyer &#8220; ( \u00a0werbefreie Erw\u00e4hnung ! ) \u00a0Es hat f\u00fcr &#8222;fr\u00fche V\u00f6gel &#8222;unter den \u00a0Radlern sehr angenehme \u00d6ffnungszeiten.<\/p>\n<p><img loading=\"lazy\" class=\"alignnone wp-image-1750 size-large\" src=\"http:\/\/amelix.de\/wp-content\/uploads\/2022\/07\/IMG_1778-1024x1005.jpeg\" alt=\"\" width=\"840\" height=\"824\" srcset=\"http:\/\/amelix.de\/wp-content\/uploads\/2022\/07\/IMG_1778-1024x1005.jpeg 1024w, http:\/\/amelix.de\/wp-content\/uploads\/2022\/07\/IMG_1778-600x589.jpeg 600w, http:\/\/amelix.de\/wp-content\/uploads\/2022\/07\/IMG_1778-768x754.jpeg 768w, http:\/\/amelix.de\/wp-content\/uploads\/2022\/07\/IMG_1778-1536x1507.jpeg 1536w, http:\/\/amelix.de\/wp-content\/uploads\/2022\/07\/IMG_1778-2048x2010.jpeg 2048w, http:\/\/amelix.de\/wp-content\/uploads\/2022\/07\/IMG_1778-1200x1177.jpeg 1200w\" sizes=\"(max-width: 709px) 85vw, (max-width: 909px) 67vw, (max-width: 1362px) 62vw, 840px\" \/><\/p>\n<p>&nbsp;<\/p>\n<p>Auf dem Weg dorthin wird uns bewusst, da\u00df wir heute durch viele sch\u00f6nen Alleen fahren .<\/p>\n<p><img loading=\"lazy\" class=\"alignnone wp-image-1740 size-large\" src=\"http:\/\/amelix.de\/wp-content\/uploads\/2022\/07\/C08520B8-C63F-4BF8-B037-0F18D9CD0811-27209-000005287F67A3E0-768x1024.jpg\" alt=\"\" width=\"768\" height=\"1024\" srcset=\"http:\/\/amelix.de\/wp-content\/uploads\/2022\/07\/C08520B8-C63F-4BF8-B037-0F18D9CD0811-27209-000005287F67A3E0-768x1024.jpg 768w, http:\/\/amelix.de\/wp-content\/uploads\/2022\/07\/C08520B8-C63F-4BF8-B037-0F18D9CD0811-27209-000005287F67A3E0-450x600.jpg 450w, http:\/\/amelix.de\/wp-content\/uploads\/2022\/07\/C08520B8-C63F-4BF8-B037-0F18D9CD0811-27209-000005287F67A3E0-1152x1536.jpg 1152w, http:\/\/amelix.de\/wp-content\/uploads\/2022\/07\/C08520B8-C63F-4BF8-B037-0F18D9CD0811-27209-000005287F67A3E0-1536x2048.jpg 1536w, http:\/\/amelix.de\/wp-content\/uploads\/2022\/07\/C08520B8-C63F-4BF8-B037-0F18D9CD0811-27209-000005287F67A3E0-1200x1600.jpg 1200w, http:\/\/amelix.de\/wp-content\/uploads\/2022\/07\/C08520B8-C63F-4BF8-B037-0F18D9CD0811-27209-000005287F67A3E0-scaled.jpg 1920w\" sizes=\"(max-width: 768px) 85vw, 768px\" \/><\/p>\n<p>&nbsp;<\/p>\n<p>&#8230;vorbei an der NABU-Schutzstation, wo es aber noch nicht sehr viel zu sehen gab.Die G\u00e4nse und Enten ruhen noch.<\/p>\n<p><img loading=\"lazy\" class=\"alignnone wp-image-1745 size-large\" src=\"http:\/\/amelix.de\/wp-content\/uploads\/2022\/07\/P1007619-1024x683.jpg\" alt=\"\" width=\"840\" height=\"560\" srcset=\"http:\/\/amelix.de\/wp-content\/uploads\/2022\/07\/P1007619-1024x683.jpg 1024w, http:\/\/amelix.de\/wp-content\/uploads\/2022\/07\/P1007619-600x400.jpg 600w, http:\/\/amelix.de\/wp-content\/uploads\/2022\/07\/P1007619-768x512.jpg 768w, http:\/\/amelix.de\/wp-content\/uploads\/2022\/07\/P1007619-1536x1024.jpg 1536w, http:\/\/amelix.de\/wp-content\/uploads\/2022\/07\/P1007619-2048x1365.jpg 2048w, http:\/\/amelix.de\/wp-content\/uploads\/2022\/07\/P1007619-1200x800.jpg 1200w\" sizes=\"(max-width: 709px) 85vw, (max-width: 909px) 67vw, (max-width: 1362px) 62vw, 840px\" \/><\/p>\n<p>&#8230;weiter durch eine kleine Allee in einem Waldst\u00fcck<\/p>\n<p><img loading=\"lazy\" class=\"alignnone wp-image-1746 size-large\" src=\"http:\/\/amelix.de\/wp-content\/uploads\/2022\/07\/P1007620-1024x683.jpg\" alt=\"\" width=\"840\" height=\"560\" srcset=\"http:\/\/amelix.de\/wp-content\/uploads\/2022\/07\/P1007620-1024x683.jpg 1024w, http:\/\/amelix.de\/wp-content\/uploads\/2022\/07\/P1007620-600x400.jpg 600w, http:\/\/amelix.de\/wp-content\/uploads\/2022\/07\/P1007620-768x512.jpg 768w, http:\/\/amelix.de\/wp-content\/uploads\/2022\/07\/P1007620-1536x1024.jpg 1536w, http:\/\/amelix.de\/wp-content\/uploads\/2022\/07\/P1007620-2048x1365.jpg 2048w, http:\/\/amelix.de\/wp-content\/uploads\/2022\/07\/P1007620-1200x800.jpg 1200w\" sizes=\"(max-width: 709px) 85vw, (max-width: 909px) 67vw, (max-width: 1362px) 62vw, 840px\" \/><\/p>\n<p>&nbsp;<\/p>\n<p>&#8230;direkt dahinter h\u00f6ren wir den deutlichen Ruf eines Milans.Es sind sogar 2 Tiere, aber sie fliegen so hoch, da\u00df man sie nur an der Silhouette erkennen kann. Besonders auff\u00e4llig sind die stark eingekerbten Schwanzfedern. Es werden somit wohl zwei Rotmilane sein&#8230;.<\/p>\n<figure id=\"attachment_1741\" aria-describedby=\"caption-attachment-1741\" style=\"width: 840px\" class=\"wp-caption alignnone\"><img loading=\"lazy\" class=\"wp-image-1741 size-large\" src=\"http:\/\/amelix.de\/wp-content\/uploads\/2022\/07\/P1007639-949x1024.jpg\" alt=\"\" width=\"840\" height=\"906\" srcset=\"http:\/\/amelix.de\/wp-content\/uploads\/2022\/07\/P1007639-949x1024.jpg 949w, http:\/\/amelix.de\/wp-content\/uploads\/2022\/07\/P1007639-556x600.jpg 556w, http:\/\/amelix.de\/wp-content\/uploads\/2022\/07\/P1007639-768x829.jpg 768w, http:\/\/amelix.de\/wp-content\/uploads\/2022\/07\/P1007639-1200x1295.jpg 1200w, http:\/\/amelix.de\/wp-content\/uploads\/2022\/07\/P1007639.jpg 1348w\" sizes=\"(max-width: 709px) 85vw, (max-width: 909px) 67vw, (max-width: 1362px) 62vw, 840px\" \/><figcaption id=\"caption-attachment-1741\" class=\"wp-caption-text\">Rotmilan<\/figcaption><\/figure>\n<p>&#8230;dann geht es eine Birkenallee entlang und wir sind im Ort Ascheberg. Da das Caf\u00e9 in der N\u00e4he der Kirche ist, folgen wir intuitiv dem &#8222;Melkpatt&#8220; und sind in k\u00fcrzester Zeit an unserem heutigen Ziel.<\/p>\n<p><img loading=\"lazy\" class=\"alignnone wp-image-1747 size-large\" src=\"http:\/\/amelix.de\/wp-content\/uploads\/2022\/07\/P1007621-1024x683.jpg\" alt=\"\" width=\"840\" height=\"560\" srcset=\"http:\/\/amelix.de\/wp-content\/uploads\/2022\/07\/P1007621-1024x683.jpg 1024w, http:\/\/amelix.de\/wp-content\/uploads\/2022\/07\/P1007621-600x400.jpg 600w, http:\/\/amelix.de\/wp-content\/uploads\/2022\/07\/P1007621-768x512.jpg 768w, http:\/\/amelix.de\/wp-content\/uploads\/2022\/07\/P1007621-1536x1024.jpg 1536w, http:\/\/amelix.de\/wp-content\/uploads\/2022\/07\/P1007621-2048x1365.jpg 2048w, http:\/\/amelix.de\/wp-content\/uploads\/2022\/07\/P1007621-1200x800.jpg 1200w\" sizes=\"(max-width: 709px) 85vw, (max-width: 909px) 67vw, (max-width: 1362px) 62vw, 840px\" \/><\/p>\n<p>&nbsp;<\/p>\n<p>&#8230;nach unserer Kaffeepause dort geht es \u00a0\u00fcber bekannte Wirtschaftswege ( der &#8222;M\u00fchlenweg &#8220; ) und wieder einer Allee, Richtung Heimat.<\/p>\n<p><img loading=\"lazy\" class=\"alignnone wp-image-1743 size-large\" src=\"http:\/\/amelix.de\/wp-content\/uploads\/2022\/07\/C5DFCA16-0217-4DA6-97B6-090EA94D6880-27209-0000055063B1E053-1024x768.jpg\" alt=\"\" width=\"840\" height=\"630\" srcset=\"http:\/\/amelix.de\/wp-content\/uploads\/2022\/07\/C5DFCA16-0217-4DA6-97B6-090EA94D6880-27209-0000055063B1E053-1024x768.jpg 1024w, http:\/\/amelix.de\/wp-content\/uploads\/2022\/07\/C5DFCA16-0217-4DA6-97B6-090EA94D6880-27209-0000055063B1E053-600x450.jpg 600w, http:\/\/amelix.de\/wp-content\/uploads\/2022\/07\/C5DFCA16-0217-4DA6-97B6-090EA94D6880-27209-0000055063B1E053-768x576.jpg 768w, http:\/\/amelix.de\/wp-content\/uploads\/2022\/07\/C5DFCA16-0217-4DA6-97B6-090EA94D6880-27209-0000055063B1E053-1536x1152.jpg 1536w, http:\/\/amelix.de\/wp-content\/uploads\/2022\/07\/C5DFCA16-0217-4DA6-97B6-090EA94D6880-27209-0000055063B1E053-2048x1536.jpg 2048w, http:\/\/amelix.de\/wp-content\/uploads\/2022\/07\/C5DFCA16-0217-4DA6-97B6-090EA94D6880-27209-0000055063B1E053-1200x900.jpg 1200w\" sizes=\"(max-width: 709px) 85vw, (max-width: 909px) 67vw, (max-width: 1362px) 62vw, 840px\" \/><img loading=\"lazy\" class=\"alignnone wp-image-1748 size-large\" src=\"http:\/\/amelix.de\/wp-content\/uploads\/2022\/07\/P1007650-1024x683.jpg\" alt=\"\" width=\"840\" height=\"560\" srcset=\"http:\/\/amelix.de\/wp-content\/uploads\/2022\/07\/P1007650-1024x683.jpg 1024w, http:\/\/amelix.de\/wp-content\/uploads\/2022\/07\/P1007650-600x400.jpg 600w, http:\/\/amelix.de\/wp-content\/uploads\/2022\/07\/P1007650-768x512.jpg 768w, http:\/\/amelix.de\/wp-content\/uploads\/2022\/07\/P1007650-1536x1024.jpg 1536w, http:\/\/amelix.de\/wp-content\/uploads\/2022\/07\/P1007650-2048x1365.jpg 2048w, http:\/\/amelix.de\/wp-content\/uploads\/2022\/07\/P1007650-1200x800.jpg 1200w\" sizes=\"(max-width: 709px) 85vw, (max-width: 909px) 67vw, (max-width: 1362px) 62vw, 840px\" \/><\/p>\n<p>&nbsp;<\/p>\n<p>&#8230;.die letzte Allee f\u00fcr heute entlang ( es war uns wirklich nicht bewu\u00dft vorher, wieviele es sind ) und so sind wir nach 36 km , vor der gro\u00dfen Hitze, wieder zu Hause.<\/p>\n<p><img loading=\"lazy\" class=\"alignnone wp-image-1744 size-large\" src=\"http:\/\/amelix.de\/wp-content\/uploads\/2022\/07\/P1007662-1024x683.jpg\" alt=\"\" width=\"840\" height=\"560\" srcset=\"http:\/\/amelix.de\/wp-content\/uploads\/2022\/07\/P1007662-1024x683.jpg 1024w, http:\/\/amelix.de\/wp-content\/uploads\/2022\/07\/P1007662-600x400.jpg 600w, http:\/\/amelix.de\/wp-content\/uploads\/2022\/07\/P1007662-768x512.jpg 768w, http:\/\/amelix.de\/wp-content\/uploads\/2022\/07\/P1007662-1536x1024.jpg 1536w, http:\/\/amelix.de\/wp-content\/uploads\/2022\/07\/P1007662-2048x1365.jpg 2048w, http:\/\/amelix.de\/wp-content\/uploads\/2022\/07\/P1007662-1200x800.jpg 1200w\" sizes=\"(max-width: 709px) 85vw, (max-width: 909px) 67vw, (max-width: 1362px) 62vw, 840px\" \/><\/p>\n<p>Streckenverlauf &#8230;.<\/p>\n<p><a href=\"http:\/\/Komoot.de\"><img loading=\"lazy\" class=\"alignnone wp-image-1755 size-large\" src=\"http:\/\/amelix.de\/wp-content\/uploads\/2022\/07\/IMG_1781-701x1024.jpeg\" alt=\"\" width=\"701\" height=\"1024\" srcset=\"http:\/\/amelix.de\/wp-content\/uploads\/2022\/07\/IMG_1781-701x1024.jpeg 701w, http:\/\/amelix.de\/wp-content\/uploads\/2022\/07\/IMG_1781-411x600.jpeg 411w, http:\/\/amelix.de\/wp-content\/uploads\/2022\/07\/IMG_1781-768x1121.jpeg 768w, http:\/\/amelix.de\/wp-content\/uploads\/2022\/07\/IMG_1781-1052x1536.jpeg 1052w, http:\/\/amelix.de\/wp-content\/uploads\/2022\/07\/IMG_1781-1403x2048.jpeg 1403w, http:\/\/amelix.de\/wp-content\/uploads\/2022\/07\/IMG_1781-1200x1752.jpeg 1200w, http:\/\/amelix.de\/wp-content\/uploads\/2022\/07\/IMG_1781.jpeg 1582w\" sizes=\"(max-width: 701px) 85vw, 701px\" \/><\/a><\/p>\n","protected":false},"excerpt":{"rendered":"<p>&nbsp; Wir, als begeisterte Radfahrer, freuen uns immer , wenn wir die M\u00f6glichkeit finden , einen Kaffee zu trinken unterwegs. Deswegen haben wir unsere heutige Fahrradtour auf das St\u00e4dtchen Ascheberg \/ Westfalen ausgerichtet. Dort gibt es, wie wir k\u00fcrzlich \u00a0gelesen hatten, den \u00a0&#8220; Caf\u00e9 und Snacktreff L\u00fcningmeyer &#8220; ( \u00a0werbefreie Erw\u00e4hnung ! ) \u00a0Es hat &hellip; <a href=\"http:\/\/amelix.de\/?page_id=1739\" class=\"more-link\"><span class=\"screen-reader-text\">\u201eCaf\u00e9-Suchtour \u00fcber sch\u00f6ne Wege\u201c<\/span> weiterlesen<\/a><\/p>\n","protected":false},"author":2,"featured_media":0,"parent":0,"menu_order":0,"comment_status":"closed","ping_status":"closed","template":"","meta":[],"yoast_head":"<!-- This site is optimized with the Yoast SEO plugin v19.10 - https:\/\/yoast.com\/wordpress\/plugins\/seo\/ -->\n<title>Caf\u00e9-Suchtour \u00fcber sch\u00f6ne Wege - Amelix<\/title>\n<meta name=\"robots\" content=\"index, follow, max-snippet:-1, max-image-preview:large, max-video-preview:-1\" \/>\n<link rel=\"canonical\" href=\"http:\/\/amelix.de\/?page_id=1739\" \/>\n<meta property=\"og:locale\" content=\"de_DE\" \/>\n<meta property=\"og:type\" content=\"article\" \/>\n<meta property=\"og:title\" content=\"Caf\u00e9-Suchtour \u00fcber sch\u00f6ne Wege - Amelix\" \/>\n<meta property=\"og:description\" content=\"&nbsp; Wir, als begeisterte Radfahrer, freuen uns immer , wenn wir die M\u00f6glichkeit finden , einen Kaffee zu trinken unterwegs. Deswegen haben wir unsere heutige Fahrradtour auf das St\u00e4dtchen Ascheberg \/ Westfalen ausgerichtet. Dort gibt es, wie wir k\u00fcrzlich \u00a0gelesen hatten, den \u00a0&#8220; Caf\u00e9 und Snacktreff L\u00fcningmeyer &#8220; ( \u00a0werbefreie Erw\u00e4hnung ! ) \u00a0Es hat &hellip; \u201eCaf\u00e9-Suchtour \u00fcber sch\u00f6ne Wege\u201c weiterlesen\" \/>\n<meta property=\"og:url\" content=\"http:\/\/amelix.de\/?page_id=1739\" \/>\n<meta property=\"og:site_name\" content=\"Amelix\" \/>\n<meta property=\"og:image\" content=\"http:\/\/amelix.de\/wp-content\/uploads\/2022\/07\/IMG_1778-1024x1005.jpeg\" \/>\n<meta name=\"twitter:label1\" content=\"Gesch\u00e4tzte Lesezeit\" \/>\n\t<meta name=\"twitter:data1\" content=\"4\u00a0Minuten\" \/>\n<script type=\"application\/ld+json\" class=\"yoast-schema-graph\">{\"@context\":\"https:\/\/schema.org\",\"@graph\":[{\"@type\":\"WebPage\",\"@id\":\"http:\/\/amelix.de\/?page_id=1739\",\"url\":\"http:\/\/amelix.de\/?page_id=1739\",\"name\":\"Caf\u00e9-Suchtour \u00fcber sch\u00f6ne Wege - Amelix\",\"isPartOf\":{\"@id\":\"http:\/\/amelix.de\/#website\"},\"datePublished\":\"2022-07-30T14:20:05+00:00\",\"dateModified\":\"2022-07-30T14:20:05+00:00\",\"breadcrumb\":{\"@id\":\"http:\/\/amelix.de\/?page_id=1739#breadcrumb\"},\"inLanguage\":\"de\",\"potentialAction\":[{\"@type\":\"ReadAction\",\"target\":[\"http:\/\/amelix.de\/?page_id=1739\"]}]},{\"@type\":\"BreadcrumbList\",\"@id\":\"http:\/\/amelix.de\/?page_id=1739#breadcrumb\",\"itemListElement\":[{\"@type\":\"ListItem\",\"position\":1,\"name\":\"Home\",\"item\":\"http:\/\/amelix.de\/\"},{\"@type\":\"ListItem\",\"position\":2,\"name\":\"Caf\u00e9-Suchtour \u00fcber sch\u00f6ne Wege\"}]},{\"@type\":\"WebSite\",\"@id\":\"http:\/\/amelix.de\/#website\",\"url\":\"http:\/\/amelix.de\/\",\"name\":\"Amelix\",\"description\":\"Fahrradfahr-Blog f\u00fcr Best-Ager\",\"potentialAction\":[{\"@type\":\"SearchAction\",\"target\":{\"@type\":\"EntryPoint\",\"urlTemplate\":\"http:\/\/amelix.de\/?s={search_term_string}\"},\"query-input\":\"required name=search_term_string\"}],\"inLanguage\":\"de\"}]}<\/script>\n<!-- \/ Yoast SEO plugin. -->","yoast_head_json":{"title":"Caf\u00e9-Suchtour \u00fcber sch\u00f6ne Wege - Amelix","robots":{"index":"index","follow":"follow","max-snippet":"max-snippet:-1","max-image-preview":"max-image-preview:large","max-video-preview":"max-video-preview:-1"},"canonical":"http:\/\/amelix.de\/?page_id=1739","og_locale":"de_DE","og_type":"article","og_title":"Caf\u00e9-Suchtour \u00fcber sch\u00f6ne Wege - Amelix","og_description":"&nbsp; Wir, als begeisterte Radfahrer, freuen uns immer , wenn wir die M\u00f6glichkeit finden , einen Kaffee zu trinken unterwegs. Deswegen haben wir unsere heutige Fahrradtour auf das St\u00e4dtchen Ascheberg \/ Westfalen ausgerichtet. Dort gibt es, wie wir k\u00fcrzlich \u00a0gelesen hatten, den \u00a0&#8220; Caf\u00e9 und Snacktreff L\u00fcningmeyer &#8220; ( \u00a0werbefreie Erw\u00e4hnung ! ) \u00a0Es hat &hellip; \u201eCaf\u00e9-Suchtour \u00fcber sch\u00f6ne Wege\u201c weiterlesen","og_url":"http:\/\/amelix.de\/?page_id=1739","og_site_name":"Amelix","og_image":[{"url":"http:\/\/amelix.de\/wp-content\/uploads\/2022\/07\/IMG_1778-1024x1005.jpeg"}],"twitter_misc":{"Gesch\u00e4tzte Lesezeit":"4\u00a0Minuten"},"schema":{"@context":"https:\/\/schema.org","@graph":[{"@type":"WebPage","@id":"http:\/\/amelix.de\/?page_id=1739","url":"http:\/\/amelix.de\/?page_id=1739","name":"Caf\u00e9-Suchtour \u00fcber sch\u00f6ne Wege - Amelix","isPartOf":{"@id":"http:\/\/amelix.de\/#website"},"datePublished":"2022-07-30T14:20:05+00:00","dateModified":"2022-07-30T14:20:05+00:00","breadcrumb":{"@id":"http:\/\/amelix.de\/?page_id=1739#breadcrumb"},"inLanguage":"de","potentialAction":[{"@type":"ReadAction","target":["http:\/\/amelix.de\/?page_id=1739"]}]},{"@type":"BreadcrumbList","@id":"http:\/\/amelix.de\/?page_id=1739#breadcrumb","itemListElement":[{"@type":"ListItem","position":1,"name":"Home","item":"http:\/\/amelix.de\/"},{"@type":"ListItem","position":2,"name":"Caf\u00e9-Suchtour \u00fcber sch\u00f6ne Wege"}]},{"@type":"WebSite","@id":"http:\/\/amelix.de\/#website","url":"http:\/\/amelix.de\/","name":"Amelix","description":"Fahrradfahr-Blog f\u00fcr Best-Ager","potentialAction":[{"@type":"SearchAction","target":{"@type":"EntryPoint","urlTemplate":"http:\/\/amelix.de\/?s={search_term_string}"},"query-input":"required name=search_term_string"}],"inLanguage":"de"}]}},"_links":{"self":[{"href":"http:\/\/amelix.de\/index.php?rest_route=\/wp\/v2\/pages\/1739"}],"collection":[{"href":"http:\/\/amelix.de\/index.php?rest_route=\/wp\/v2\/pages"}],"about":[{"href":"http:\/\/amelix.de\/index.php?rest_route=\/wp\/v2\/types\/page"}],"author":[{"embeddable":true,"href":"http:\/\/amelix.de\/index.php?rest_route=\/wp\/v2\/users\/2"}],"replies":[{"embeddable":true,"href":"http:\/\/amelix.de\/index.php?rest_route=%2Fwp%2Fv2%2Fcomments&post=1739"}],"version-history":[{"count":5,"href":"http:\/\/amelix.de\/index.php?rest_route=\/wp\/v2\/pages\/1739\/revisions"}],"predecessor-version":[{"id":1757,"href":"http:\/\/amelix.de\/index.php?rest_route=\/wp\/v2\/pages\/1739\/revisions\/1757"}],"wp:attachment":[{"href":"http:\/\/amelix.de\/index.php?rest_route=%2Fwp%2Fv2%2Fmedia&parent=1739"}],"curies":[{"name":"wp","href":"https:\/\/api.w.org\/{rel}","templated":true}]}}