{"id":1785,"date":"2022-08-18T11:50:13","date_gmt":"2022-08-18T09:50:13","guid":{"rendered":"http:\/\/amelix.de\/?page_id=1785"},"modified":"2022-08-18T11:50:13","modified_gmt":"2022-08-18T09:50:13","slug":"neue-bahnunterfuehrung-in-muenster-mecklenbeck","status":"publish","type":"page","link":"http:\/\/amelix.de\/?page_id=1785","title":{"rendered":"Neue Bahnunterf\u00fchrung in M\u00fcnster-Mecklenbeck"},"content":{"rendered":"<p>&nbsp;<\/p>\n<p>Wir wollen \u00a0heute \u00a0die neu gebaute Unterf\u00fchrung \u00a0im Stadtteil Mecklenbeck erkunden, die jetzt den fr\u00fcheren \u00dcbergang \u00fcber die Bahngleise ersetzt.Da das Sommerwetter stimmt, die Route \u00a0geplant und die R\u00e4der \u00a0startklar sind fahren wir neugierig los.<\/p>\n<p>Auf dem Weg dorthin begegnen wir dieser Ansammlung von 35 St\u00f6rchen auf einer Wiese direkt an der A1.<\/p>\n<figure id=\"attachment_1788\" aria-describedby=\"caption-attachment-1788\" style=\"width: 840px\" class=\"wp-caption alignnone\"><img loading=\"lazy\" class=\"wp-image-1788 size-large\" src=\"http:\/\/amelix.de\/wp-content\/uploads\/2022\/08\/P1007670-1024x683.jpeg\" alt=\"\" width=\"840\" height=\"560\" srcset=\"http:\/\/amelix.de\/wp-content\/uploads\/2022\/08\/P1007670-1024x683.jpeg 1024w, http:\/\/amelix.de\/wp-content\/uploads\/2022\/08\/P1007670-600x400.jpeg 600w, http:\/\/amelix.de\/wp-content\/uploads\/2022\/08\/P1007670-768x512.jpeg 768w, http:\/\/amelix.de\/wp-content\/uploads\/2022\/08\/P1007670-1536x1024.jpeg 1536w, http:\/\/amelix.de\/wp-content\/uploads\/2022\/08\/P1007670-2048x1365.jpeg 2048w, http:\/\/amelix.de\/wp-content\/uploads\/2022\/08\/P1007670-1200x800.jpeg 1200w\" sizes=\"(max-width: 709px) 85vw, (max-width: 909px) 67vw, (max-width: 1362px) 62vw, 840px\" \/><figcaption id=\"caption-attachment-1788\" class=\"wp-caption-text\">Storchenparade an der A1 bei M\u00fcnster<\/figcaption><\/figure>\n<p>Kurz danach \u00a0beginnt die momentane Gro\u00dfbaustelle, die immer nur jeweils einseitig befahrbar ist. Das Ganze wird durch Verkehrsampeln gesteuert.<\/p>\n<figure id=\"attachment_1789\" aria-describedby=\"caption-attachment-1789\" style=\"width: 840px\" class=\"wp-caption alignnone\"><img loading=\"lazy\" class=\"wp-image-1789 size-large\" src=\"http:\/\/amelix.de\/wp-content\/uploads\/2022\/08\/P1007671-1024x683.jpeg\" alt=\"\" width=\"840\" height=\"560\" srcset=\"http:\/\/amelix.de\/wp-content\/uploads\/2022\/08\/P1007671-1024x683.jpeg 1024w, http:\/\/amelix.de\/wp-content\/uploads\/2022\/08\/P1007671-600x400.jpeg 600w, http:\/\/amelix.de\/wp-content\/uploads\/2022\/08\/P1007671-768x512.jpeg 768w, http:\/\/amelix.de\/wp-content\/uploads\/2022\/08\/P1007671-1536x1024.jpeg 1536w, http:\/\/amelix.de\/wp-content\/uploads\/2022\/08\/P1007671-2048x1365.jpeg 2048w, http:\/\/amelix.de\/wp-content\/uploads\/2022\/08\/P1007671-1200x800.jpeg 1200w\" sizes=\"(max-width: 709px) 85vw, (max-width: 909px) 67vw, (max-width: 1362px) 62vw, 840px\" \/><figcaption id=\"caption-attachment-1789\" class=\"wp-caption-text\">Ehemaliger Bahn\u00fcbergang in MS-Mecklenbeck<\/figcaption><\/figure>\n<figure id=\"attachment_1791\" aria-describedby=\"caption-attachment-1791\" style=\"width: 840px\" class=\"wp-caption alignnone\"><img loading=\"lazy\" class=\"wp-image-1791 size-large\" style=\"font-weight: bold; text-align: inherit;\" src=\"http:\/\/amelix.de\/wp-content\/uploads\/2022\/08\/P1007672-1024x886.jpeg\" alt=\"\" width=\"840\" height=\"727\" srcset=\"http:\/\/amelix.de\/wp-content\/uploads\/2022\/08\/P1007672-1024x886.jpeg 1024w, http:\/\/amelix.de\/wp-content\/uploads\/2022\/08\/P1007672-600x519.jpeg 600w, http:\/\/amelix.de\/wp-content\/uploads\/2022\/08\/P1007672-768x664.jpeg 768w, http:\/\/amelix.de\/wp-content\/uploads\/2022\/08\/P1007672-1536x1329.jpeg 1536w, http:\/\/amelix.de\/wp-content\/uploads\/2022\/08\/P1007672-2048x1772.jpeg 2048w, http:\/\/amelix.de\/wp-content\/uploads\/2022\/08\/P1007672-1200x1038.jpeg 1200w\" sizes=\"(max-width: 709px) 85vw, (max-width: 909px) 67vw, (max-width: 1362px) 62vw, 840px\" \/><figcaption id=\"caption-attachment-1791\" class=\"wp-caption-text\">Fahrrad-Wegweiser am alten Bahn\u00fcbergang in MS-Mecklenbeck<\/figcaption><\/figure>\n<p>Fahrr\u00e4der und Autos benutzen zur Zeit die gleiche Stra\u00dfe.Kurz vor den Gleisen biegt die Stra\u00dfe ab und teil sich auf in Autostra\u00dfe und Radweg. Die Radwegbeschilderung ist gut erkennbar aufgestellt.<\/p>\n<p>Wir folgen dem neuen, stra\u00dfenbegleitenden (linksseitig) Radweg, und fahren jetzt durch den neuen Tunnel unter den Gleisen entlang.<\/p>\n<figure id=\"attachment_1793\" aria-describedby=\"caption-attachment-1793\" style=\"width: 840px\" class=\"wp-caption alignnone\"><img loading=\"lazy\" class=\"wp-image-1793 size-large\" src=\"http:\/\/amelix.de\/wp-content\/uploads\/2022\/08\/P1007676-1024x683.jpeg\" alt=\"\" width=\"840\" height=\"560\" srcset=\"http:\/\/amelix.de\/wp-content\/uploads\/2022\/08\/P1007676-1024x683.jpeg 1024w, http:\/\/amelix.de\/wp-content\/uploads\/2022\/08\/P1007676-600x400.jpeg 600w, http:\/\/amelix.de\/wp-content\/uploads\/2022\/08\/P1007676-768x512.jpeg 768w, http:\/\/amelix.de\/wp-content\/uploads\/2022\/08\/P1007676-1536x1024.jpeg 1536w, http:\/\/amelix.de\/wp-content\/uploads\/2022\/08\/P1007676-2048x1365.jpeg 2048w, http:\/\/amelix.de\/wp-content\/uploads\/2022\/08\/P1007676-1200x800.jpeg 1200w\" sizes=\"(max-width: 709px) 85vw, (max-width: 909px) 67vw, (max-width: 1362px) 62vw, 840px\" \/><figcaption id=\"caption-attachment-1793\" class=\"wp-caption-text\">Neuer Tunnel Blick Richtung Weselerstrasse<\/figcaption><\/figure>\n<p>Da das Wetter gut ist, \u00a0fahren wir ungeplant weiter auf den uns bekannten Wegen (siehe Karte) \u00fcber kleine Strassen, schnuckelige Waldwege und \u00fcber teils malerische Br\u00fccken.<\/p>\n<figure id=\"attachment_1795\" aria-describedby=\"caption-attachment-1795\" style=\"width: 840px\" class=\"wp-caption alignnone\"><img loading=\"lazy\" class=\"wp-image-1795 size-large\" src=\"http:\/\/amelix.de\/wp-content\/uploads\/2022\/08\/P1007677-1024x683.jpeg\" alt=\"\" width=\"840\" height=\"560\" srcset=\"http:\/\/amelix.de\/wp-content\/uploads\/2022\/08\/P1007677-1024x683.jpeg 1024w, http:\/\/amelix.de\/wp-content\/uploads\/2022\/08\/P1007677-600x400.jpeg 600w, http:\/\/amelix.de\/wp-content\/uploads\/2022\/08\/P1007677-768x512.jpeg 768w, http:\/\/amelix.de\/wp-content\/uploads\/2022\/08\/P1007677-1536x1024.jpeg 1536w, http:\/\/amelix.de\/wp-content\/uploads\/2022\/08\/P1007677-2048x1365.jpeg 2048w, http:\/\/amelix.de\/wp-content\/uploads\/2022\/08\/P1007677-1200x800.jpeg 1200w\" sizes=\"(max-width: 709px) 85vw, (max-width: 909px) 67vw, (max-width: 1362px) 62vw, 840px\" \/><figcaption id=\"caption-attachment-1795\" class=\"wp-caption-text\">Br\u00fccke vor dem Ortsteil M\u00fcnster-Roxel<\/figcaption><\/figure>\n<div class=\"mceTemp\"><\/div>\n<figure id=\"attachment_1787\" aria-describedby=\"caption-attachment-1787\" style=\"width: 768px\" class=\"wp-caption alignnone\"><img loading=\"lazy\" class=\"wp-image-1787 size-large\" src=\"http:\/\/amelix.de\/wp-content\/uploads\/2022\/08\/8E65D072-08A5-40CD-89DF-FE463A3B2103-80853-00000D943055486E-2-768x1024.jpg\" alt=\"\" width=\"768\" height=\"1024\" srcset=\"http:\/\/amelix.de\/wp-content\/uploads\/2022\/08\/8E65D072-08A5-40CD-89DF-FE463A3B2103-80853-00000D943055486E-2-768x1024.jpg 768w, http:\/\/amelix.de\/wp-content\/uploads\/2022\/08\/8E65D072-08A5-40CD-89DF-FE463A3B2103-80853-00000D943055486E-2-450x600.jpg 450w, http:\/\/amelix.de\/wp-content\/uploads\/2022\/08\/8E65D072-08A5-40CD-89DF-FE463A3B2103-80853-00000D943055486E-2-1152x1536.jpg 1152w, http:\/\/amelix.de\/wp-content\/uploads\/2022\/08\/8E65D072-08A5-40CD-89DF-FE463A3B2103-80853-00000D943055486E-2-1536x2048.jpg 1536w, http:\/\/amelix.de\/wp-content\/uploads\/2022\/08\/8E65D072-08A5-40CD-89DF-FE463A3B2103-80853-00000D943055486E-2-1200x1600.jpg 1200w, http:\/\/amelix.de\/wp-content\/uploads\/2022\/08\/8E65D072-08A5-40CD-89DF-FE463A3B2103-80853-00000D943055486E-2-scaled.jpg 1920w\" sizes=\"(max-width: 768px) 85vw, 768px\" \/><figcaption id=\"caption-attachment-1787\" class=\"wp-caption-text\">h\u00fcbscher Waldweg an einem Bach entlang<\/figcaption><\/figure>\n<p>&nbsp;<\/p>\n<p>Wir radeln weiter \u00fcber Wirtschaftswege, teilweise stra\u00dfenbegleitenden Wege und auch auf Feldwegen.<\/p>\n<p>Da es nicht zu hei\u00df ist heute, entscheiden wir ganz kurzfristig eine Kaffeepause \u00a0 \u00a0einzulegen. Die Beschilderung zu unserem Ziel, Stift Tilbeck, ist gr\u00f6\u00dftenteils gut und einfach zu entdecken.Dort machen wir eine Kaffeepause mit Kaffee aus der dortigen Kaffeer\u00f6sterei.<\/p>\n<header class=\"gallery-header entity__header\" data-v-7de3cab4=\"\" data-v-26dd6e75=\"\" data-test-id=\"gallery-header\" data-v-42ea88c0=\"\">\n<div class=\"entity-titles gallery-header__title\" data-v-22fa1468=\"\" data-v-7de3cab4=\"\" data-test-id=\"entity-titles\">\n<h2 class=\"entity-titles__title heading heading--h2\" title=\"Stift Tilbeck\" data-v-5dff09e7=\"\" data-v-22fa1468=\"\" data-test-id=\"title\">&#8222;Stift Tilbeck &#8222;<\/h2>\n<\/div>\n<\/header>\n<div class=\"entity__content\" data-v-26dd6e75=\"\" data-v-42ea88c0=\"\">\n<p class=\"entity__description\" data-v-26dd6e75=\"\" data-v-42ea88c0=\"\" data-test-id=\"entity-description\"><span data-v-26dd6e75=\"\" data-v-42ea88c0=\"\"><a href=\"http:\/\/de.wikipedia.org\/wiki\/Stift_Tilbeck\">Das Stift Tilbeck ist eine Einrichtung f\u00fcr Wohnen und Arbeiten am Rande der Gemeinde Havixbeck. Der Campus am Standort Tilbeck und die Au\u00dfenwohngruppen werden von der Stift Tilbeck GmbH betrieben. Hier leben Menschen mit Behinderung in verschiedenen Wohnformen.&#8220; \u00a0( Wikipedia entnommen, bei anklicken zeigt sich die Verlinkung) )<\/a><\/span><\/p>\n<\/div>\n<div class=\"entity__content\" data-v-26dd6e75=\"\" data-v-42ea88c0=\"\">\n<nav class=\"entity-links entity__links\" data-v-a4158e04=\"\" data-v-26dd6e75=\"\" aria-label=\"Sources\" data-test-id=\"entity-links\" data-v-42ea88c0=\"\">\n<ul class=\"entity-links__list\" data-v-a4158e04=\"\">\n<li class=\"entity-links__item\" data-v-a4158e04=\"\"><\/li>\n<\/ul>\n<\/nav>\n<\/div>\n<figure id=\"attachment_1790\" aria-describedby=\"caption-attachment-1790\" style=\"width: 768px\" class=\"wp-caption alignnone\"><img loading=\"lazy\" class=\"wp-image-1790 size-large\" src=\"http:\/\/amelix.de\/wp-content\/uploads\/2022\/08\/6DF0FD5B-4D55-490B-BBCD-824A188D7D1F-80853-00000DA3798541CF-2-768x1024.jpg\" alt=\"\" width=\"768\" height=\"1024\" srcset=\"http:\/\/amelix.de\/wp-content\/uploads\/2022\/08\/6DF0FD5B-4D55-490B-BBCD-824A188D7D1F-80853-00000DA3798541CF-2-768x1024.jpg 768w, http:\/\/amelix.de\/wp-content\/uploads\/2022\/08\/6DF0FD5B-4D55-490B-BBCD-824A188D7D1F-80853-00000DA3798541CF-2-450x600.jpg 450w, http:\/\/amelix.de\/wp-content\/uploads\/2022\/08\/6DF0FD5B-4D55-490B-BBCD-824A188D7D1F-80853-00000DA3798541CF-2-1152x1536.jpg 1152w, http:\/\/amelix.de\/wp-content\/uploads\/2022\/08\/6DF0FD5B-4D55-490B-BBCD-824A188D7D1F-80853-00000DA3798541CF-2-1536x2048.jpg 1536w, http:\/\/amelix.de\/wp-content\/uploads\/2022\/08\/6DF0FD5B-4D55-490B-BBCD-824A188D7D1F-80853-00000DA3798541CF-2-1200x1600.jpg 1200w, http:\/\/amelix.de\/wp-content\/uploads\/2022\/08\/6DF0FD5B-4D55-490B-BBCD-824A188D7D1F-80853-00000DA3798541CF-2-scaled.jpg 1920w\" sizes=\"(max-width: 768px) 85vw, 768px\" \/><figcaption id=\"caption-attachment-1790\" class=\"wp-caption-text\">StiftTilbeck in Nottuln<\/figcaption><\/figure>\n<figure id=\"attachment_1797\" aria-describedby=\"caption-attachment-1797\" style=\"width: 840px\" class=\"wp-caption alignnone\"><img loading=\"lazy\" class=\"wp-image-1797 size-large\" src=\"http:\/\/amelix.de\/wp-content\/uploads\/2022\/08\/IMG_2035-854x1024.jpg\" alt=\"\" width=\"840\" height=\"1007\" srcset=\"http:\/\/amelix.de\/wp-content\/uploads\/2022\/08\/IMG_2035-854x1024.jpg 854w, http:\/\/amelix.de\/wp-content\/uploads\/2022\/08\/IMG_2035-500x600.jpg 500w, http:\/\/amelix.de\/wp-content\/uploads\/2022\/08\/IMG_2035-768x921.jpg 768w, http:\/\/amelix.de\/wp-content\/uploads\/2022\/08\/IMG_2035.jpg 1169w\" sizes=\"(max-width: 709px) 85vw, (max-width: 909px) 67vw, (max-width: 1362px) 62vw, 840px\" \/><figcaption id=\"caption-attachment-1797\" class=\"wp-caption-text\">Karte von Komoot<\/figcaption><\/figure>\n<p>&nbsp;<\/p>\n","protected":false},"excerpt":{"rendered":"<p>&nbsp; Wir wollen \u00a0heute \u00a0die neu gebaute Unterf\u00fchrung \u00a0im Stadtteil Mecklenbeck erkunden, die jetzt den fr\u00fcheren \u00dcbergang \u00fcber die Bahngleise ersetzt.Da das Sommerwetter stimmt, die Route \u00a0geplant und die R\u00e4der \u00a0startklar sind fahren wir neugierig los. Auf dem Weg dorthin begegnen wir dieser Ansammlung von 35 St\u00f6rchen auf einer Wiese direkt an der A1. Kurz &hellip; <a href=\"http:\/\/amelix.de\/?page_id=1785\" class=\"more-link\"><span class=\"screen-reader-text\">\u201eNeue Bahnunterf\u00fchrung in M\u00fcnster-Mecklenbeck\u201c<\/span> weiterlesen<\/a><\/p>\n","protected":false},"author":2,"featured_media":0,"parent":0,"menu_order":0,"comment_status":"closed","ping_status":"closed","template":"","meta":[],"yoast_head":"<!-- This site is optimized with the Yoast SEO plugin v19.10 - https:\/\/yoast.com\/wordpress\/plugins\/seo\/ -->\n<title>Neue Bahnunterf\u00fchrung M\u00fcnster Mecklenbeck<\/title>\n<meta name=\"description\" content=\"Neue Bahnunterf\u00fchrung in M\u00fcnster Mecklenbeck. Teilweise Strassensperrung und neue Verkehrsf\u00fchrung. Auch f\u00fcr Radfahrer.\" \/>\n<meta name=\"robots\" content=\"index, follow, max-snippet:-1, max-image-preview:large, max-video-preview:-1\" \/>\n<link rel=\"canonical\" href=\"http:\/\/amelix.de\/?page_id=1785\" \/>\n<meta property=\"og:locale\" content=\"de_DE\" \/>\n<meta property=\"og:type\" content=\"article\" \/>\n<meta property=\"og:title\" content=\"Neue Bahnunterf\u00fchrung M\u00fcnster Mecklenbeck\" \/>\n<meta property=\"og:description\" content=\"Neue Bahnunterf\u00fchrung in M\u00fcnster Mecklenbeck. Teilweise Strassensperrung und neue Verkehrsf\u00fchrung. Auch f\u00fcr Radfahrer.\" \/>\n<meta property=\"og:url\" content=\"http:\/\/amelix.de\/?page_id=1785\" \/>\n<meta property=\"og:site_name\" content=\"Amelix\" \/>\n<meta property=\"og:image\" content=\"http:\/\/amelix.de\/wp-content\/uploads\/2022\/08\/P1007670-1024x683.jpeg\" \/>\n<meta name=\"twitter:label1\" content=\"Gesch\u00e4tzte Lesezeit\" \/>\n\t<meta name=\"twitter:data1\" content=\"4\u00a0Minuten\" \/>\n<script type=\"application\/ld+json\" class=\"yoast-schema-graph\">{\"@context\":\"https:\/\/schema.org\",\"@graph\":[{\"@type\":\"WebPage\",\"@id\":\"http:\/\/amelix.de\/?page_id=1785\",\"url\":\"http:\/\/amelix.de\/?page_id=1785\",\"name\":\"Neue Bahnunterf\u00fchrung M\u00fcnster Mecklenbeck\",\"isPartOf\":{\"@id\":\"http:\/\/amelix.de\/#website\"},\"datePublished\":\"2022-08-18T09:50:13+00:00\",\"dateModified\":\"2022-08-18T09:50:13+00:00\",\"description\":\"Neue Bahnunterf\u00fchrung in M\u00fcnster Mecklenbeck. Teilweise Strassensperrung und neue Verkehrsf\u00fchrung. Auch f\u00fcr Radfahrer.\",\"breadcrumb\":{\"@id\":\"http:\/\/amelix.de\/?page_id=1785#breadcrumb\"},\"inLanguage\":\"de\",\"potentialAction\":[{\"@type\":\"ReadAction\",\"target\":[\"http:\/\/amelix.de\/?page_id=1785\"]}]},{\"@type\":\"BreadcrumbList\",\"@id\":\"http:\/\/amelix.de\/?page_id=1785#breadcrumb\",\"itemListElement\":[{\"@type\":\"ListItem\",\"position\":1,\"name\":\"Home\",\"item\":\"http:\/\/amelix.de\/\"},{\"@type\":\"ListItem\",\"position\":2,\"name\":\"Neue Bahnunterf\u00fchrung in M\u00fcnster-Mecklenbeck\"}]},{\"@type\":\"WebSite\",\"@id\":\"http:\/\/amelix.de\/#website\",\"url\":\"http:\/\/amelix.de\/\",\"name\":\"Amelix\",\"description\":\"Fahrradfahr-Blog f\u00fcr Best-Ager\",\"potentialAction\":[{\"@type\":\"SearchAction\",\"target\":{\"@type\":\"EntryPoint\",\"urlTemplate\":\"http:\/\/amelix.de\/?s={search_term_string}\"},\"query-input\":\"required name=search_term_string\"}],\"inLanguage\":\"de\"}]}<\/script>\n<!-- \/ Yoast SEO plugin. -->","yoast_head_json":{"title":"Neue Bahnunterf\u00fchrung M\u00fcnster Mecklenbeck","description":"Neue Bahnunterf\u00fchrung in M\u00fcnster Mecklenbeck. Teilweise Strassensperrung und neue Verkehrsf\u00fchrung. Auch f\u00fcr Radfahrer.","robots":{"index":"index","follow":"follow","max-snippet":"max-snippet:-1","max-image-preview":"max-image-preview:large","max-video-preview":"max-video-preview:-1"},"canonical":"http:\/\/amelix.de\/?page_id=1785","og_locale":"de_DE","og_type":"article","og_title":"Neue Bahnunterf\u00fchrung M\u00fcnster Mecklenbeck","og_description":"Neue Bahnunterf\u00fchrung in M\u00fcnster Mecklenbeck. Teilweise Strassensperrung und neue Verkehrsf\u00fchrung. Auch f\u00fcr Radfahrer.","og_url":"http:\/\/amelix.de\/?page_id=1785","og_site_name":"Amelix","og_image":[{"url":"http:\/\/amelix.de\/wp-content\/uploads\/2022\/08\/P1007670-1024x683.jpeg"}],"twitter_misc":{"Gesch\u00e4tzte Lesezeit":"4\u00a0Minuten"},"schema":{"@context":"https:\/\/schema.org","@graph":[{"@type":"WebPage","@id":"http:\/\/amelix.de\/?page_id=1785","url":"http:\/\/amelix.de\/?page_id=1785","name":"Neue Bahnunterf\u00fchrung M\u00fcnster Mecklenbeck","isPartOf":{"@id":"http:\/\/amelix.de\/#website"},"datePublished":"2022-08-18T09:50:13+00:00","dateModified":"2022-08-18T09:50:13+00:00","description":"Neue Bahnunterf\u00fchrung in M\u00fcnster Mecklenbeck. Teilweise Strassensperrung und neue Verkehrsf\u00fchrung. Auch f\u00fcr Radfahrer.","breadcrumb":{"@id":"http:\/\/amelix.de\/?page_id=1785#breadcrumb"},"inLanguage":"de","potentialAction":[{"@type":"ReadAction","target":["http:\/\/amelix.de\/?page_id=1785"]}]},{"@type":"BreadcrumbList","@id":"http:\/\/amelix.de\/?page_id=1785#breadcrumb","itemListElement":[{"@type":"ListItem","position":1,"name":"Home","item":"http:\/\/amelix.de\/"},{"@type":"ListItem","position":2,"name":"Neue Bahnunterf\u00fchrung in M\u00fcnster-Mecklenbeck"}]},{"@type":"WebSite","@id":"http:\/\/amelix.de\/#website","url":"http:\/\/amelix.de\/","name":"Amelix","description":"Fahrradfahr-Blog f\u00fcr Best-Ager","potentialAction":[{"@type":"SearchAction","target":{"@type":"EntryPoint","urlTemplate":"http:\/\/amelix.de\/?s={search_term_string}"},"query-input":"required name=search_term_string"}],"inLanguage":"de"}]}},"_links":{"self":[{"href":"http:\/\/amelix.de\/index.php?rest_route=\/wp\/v2\/pages\/1785"}],"collection":[{"href":"http:\/\/amelix.de\/index.php?rest_route=\/wp\/v2\/pages"}],"about":[{"href":"http:\/\/amelix.de\/index.php?rest_route=\/wp\/v2\/types\/page"}],"author":[{"embeddable":true,"href":"http:\/\/amelix.de\/index.php?rest_route=\/wp\/v2\/users\/2"}],"replies":[{"embeddable":true,"href":"http:\/\/amelix.de\/index.php?rest_route=%2Fwp%2Fv2%2Fcomments&post=1785"}],"version-history":[{"count":12,"href":"http:\/\/amelix.de\/index.php?rest_route=\/wp\/v2\/pages\/1785\/revisions"}],"predecessor-version":[{"id":1814,"href":"http:\/\/amelix.de\/index.php?rest_route=\/wp\/v2\/pages\/1785\/revisions\/1814"}],"wp:attachment":[{"href":"http:\/\/amelix.de\/index.php?rest_route=%2Fwp%2Fv2%2Fmedia&parent=1785"}],"curies":[{"name":"wp","href":"https:\/\/api.w.org\/{rel}","templated":true}]}}