{"id":616,"date":"2014-03-27T22:07:58","date_gmt":"2014-03-27T21:07:58","guid":{"rendered":"http:\/\/amelix.de\/?page_id=616"},"modified":"2016-06-19T19:58:28","modified_gmt":"2016-06-19T18:58:28","slug":"die-promenade-in-muenster","status":"publish","type":"page","link":"http:\/\/amelix.de\/?page_id=616","title":{"rendered":"Die Promenade in M\u00fcnster aus Fahrradfahrer-Sicht &#8230;."},"content":{"rendered":"<p><span style=\"color: #800080;\">\u00a0<\/span><\/p>\n<p><span style=\"color: #800080;\">Die Promenade in M\u00fcnster ist eine ca. 4,5 km lange, geschlossene, leicht h\u00fcgelige und begr\u00fcnte Ringstrasse um M\u00fcnsters Altstadt, die von einem parallel laufenden Fu\u00dfweg begleitet wird. Sie wird fast nur von Radlern, Joggern und Fu\u00dfg\u00e4ngern genutzt, ist durchgehend gepflastert, mit touristischen Infotafeln an etlichen Stellen und entlang der gesamten Strecke mit Sitzb\u00e4nken versehen.<\/span><\/p>\n<p><span style=\"color: #800080;\">Um die komplette Promenade entlang zu radeln, \u00fcberquert man mehrere Strassen, die meist in direkter N\u00e4he einen Zebrastreifen oder eine Ampelanlage haben. Dort kann man sein Rad hin\u00fcber schieben, falls man sonst die jeweilige Strasse nicht anders gefahrlos \u00fcberqueren kann.<\/span><\/p>\n<p><span style=\"color: #800080;\">Meistens ist es auf der Promenade recht voll, wobei h\u00e4ufig in 3er und 4rer Gruppen nebeneinander hergefahren wird. Aber fast immer kommt man irgendwie problemlos aneinander vorbei.<\/span><\/p>\n<p><span style=\"color: #800080;\">Die Rundtour begonnen habe ich an der Windhorststrasse<\/span><\/p>\n<p>&nbsp;<\/p>\n<p><span style=\"color: #800080;\"><a  href=\"http:\/\/amelix.de\/wp-content\/uploads\/2014\/03\/001_6201.jpg\" data-rel=\"lightbox-gallery-0\" data-rl_title=\"\" data-rl_caption=\"\" title=\"\"><img loading=\"lazy\" class=\"alignnone wp-image-653 size-medium\" src=\"http:\/\/amelix.de\/wp-content\/uploads\/2014\/03\/001_6201-600x397.jpg\" alt=\"Bild: Promenade M\u00fcnster Fahrrad Amelix\" width=\"600\" height=\"397\" srcset=\"http:\/\/amelix.de\/wp-content\/uploads\/2014\/03\/001_6201-600x397.jpg 600w, http:\/\/amelix.de\/wp-content\/uploads\/2014\/03\/001_6201.jpg 1024w\" sizes=\"(max-width: 600px) 85vw, 600px\" \/><\/a>\u00a0<\/span><span style=\"color: #800080;\">\u00a0<\/span><\/p>\n<p><span style=\"color: #800080;\">\u00a0<\/span><\/p>\n<p><span style=\"color: #800080;\">und bin Richtung Salzstrasse<\/span><\/p>\n<p><a  href=\"http:\/\/amelix.de\/wp-content\/uploads\/2014\/03\/001_6202.jpg\" data-rel=\"lightbox-gallery-0\" data-rl_title=\"\" data-rl_caption=\"\" title=\"\"><img loading=\"lazy\" class=\"alignnone wp-image-654 size-medium\" src=\"http:\/\/amelix.de\/wp-content\/uploads\/2014\/03\/001_6202-600x397.jpg\" alt=\"Bild: Promenade M\u00fcnster Fahrrad Amelix\" width=\"600\" height=\"397\" srcset=\"http:\/\/amelix.de\/wp-content\/uploads\/2014\/03\/001_6202-600x397.jpg 600w, http:\/\/amelix.de\/wp-content\/uploads\/2014\/03\/001_6202.jpg 1024w\" sizes=\"(max-width: 600px) 85vw, 600px\" \/><\/a><\/p>\n<p>&nbsp;<\/p>\n<p><span style=\"color: #800080;\">gefahren und habe diese \u00fcberquert. Auf dem dann folgenden St\u00fcck gibt es die einzige Unterf\u00fchrung auf dieser Rundtour.Sie ist auf beiden Seiten gleich steil, so dass man den Schwung gut nutzen kann, um das ansteigende St\u00fcck leichter hoch radeln zu k\u00f6nnen.<\/span><\/p>\n<p>&nbsp;<\/p>\n<p><span style=\"color: #800080;\">\u00a0<a  href=\"http:\/\/amelix.de\/wp-content\/uploads\/2014\/03\/001_6208.jpg\" data-rel=\"lightbox-gallery-0\" data-rl_title=\"\" data-rl_caption=\"\" title=\"\"><img loading=\"lazy\" class=\"alignnone wp-image-667 size-medium\" src=\"http:\/\/amelix.de\/wp-content\/uploads\/2014\/03\/001_6208-600x397.jpg\" alt=\"Bild: Promenade M\u00fcnster Fahrrad Amelix\" width=\"600\" height=\"397\" srcset=\"http:\/\/amelix.de\/wp-content\/uploads\/2014\/03\/001_6208-600x397.jpg 600w, http:\/\/amelix.de\/wp-content\/uploads\/2014\/03\/001_6208.jpg 1024w\" sizes=\"(max-width: 600px) 85vw, 600px\" \/><\/a><\/span><\/p>\n<p><span style=\"color: #800080;\">Nach dem \u00dcberqueren der H\u00f6rsterstrasse \u00a0kommt man auf den Abschnitt der Promenade, wo sich der &#8222;Zwinger&#8220; befindet. Danach folgt eine relativ lange, sachte Gef\u00e4llestrecke. Aus diesem Grund w\u00fcrde ich auch ,um die Promenade zu umrunden, die Fahrtrichtung gegen den Uhrzeigersinn vorschlagen.<\/span><\/p>\n<p><span style=\"color: #800080;\">Auf dem St\u00fcck zwischen Kanalstrasse<\/span><\/p>\n<p>&nbsp;<\/p>\n<p><span style=\"color: #800080;\">\u00a0<a  href=\"http:\/\/amelix.de\/wp-content\/uploads\/2014\/03\/001_6212.jpg\" data-rel=\"lightbox-gallery-0\" data-rl_title=\"\" data-rl_caption=\"\" title=\"\"><img loading=\"lazy\" class=\"alignnone wp-image-669 size-medium\" src=\"http:\/\/amelix.de\/wp-content\/uploads\/2014\/03\/001_6212-600x397.jpg\" alt=\"Bild: Promenade M\u00fcnster Fahrrad Amelix\" width=\"600\" height=\"397\" srcset=\"http:\/\/amelix.de\/wp-content\/uploads\/2014\/03\/001_6212-600x397.jpg 600w, http:\/\/amelix.de\/wp-content\/uploads\/2014\/03\/001_6212.jpg 1024w\" sizes=\"(max-width: 600px) 85vw, 600px\" \/><\/a><\/span><\/p>\n<p><span style=\"color: #800080;\">und Kreuztor ist links , nach einem sanften Anstieg, der Buddenturm zu sehen<\/span><\/p>\n<p>&nbsp;<\/p>\n<p><span style=\"color: #800080;\">\u00a0<a  href=\"http:\/\/amelix.de\/wp-content\/uploads\/2014\/03\/001_6214.jpg\" data-rel=\"lightbox-gallery-0\" data-rl_title=\"\" data-rl_caption=\"\" title=\"\"><img loading=\"lazy\" class=\"alignnone wp-image-657 size-medium\" src=\"http:\/\/amelix.de\/wp-content\/uploads\/2014\/03\/001_6214-600x397.jpg\" alt=\"Bild: Promenade M\u00fcnster Fahrrad Amelix\" width=\"600\" height=\"397\" srcset=\"http:\/\/amelix.de\/wp-content\/uploads\/2014\/03\/001_6214-600x397.jpg 600w, http:\/\/amelix.de\/wp-content\/uploads\/2014\/03\/001_6214.jpg 1024w\" sizes=\"(max-width: 600px) 85vw, 600px\" \/><\/a><\/span><\/p>\n<p><span style=\"color: #800080;\">Wieder geht es etwas h\u00fcgelig weiter, um an der Kreuzung \u00a0Hiindenburgstrasse\/M\u00fcnzstrasse\/Neutor<\/span><\/p>\n<p>&nbsp;<\/p>\n<p><span style=\"color: #800080;\">\u00a0<a  href=\"http:\/\/amelix.de\/wp-content\/uploads\/2014\/03\/001_6215.jpg\" data-rel=\"lightbox-gallery-0\" data-rl_title=\"\" data-rl_caption=\"\" title=\"\"><img loading=\"lazy\" class=\"alignnone wp-image-670 size-medium\" src=\"http:\/\/amelix.de\/wp-content\/uploads\/2014\/03\/001_6215-600x397.jpg\" alt=\"Bild: Promenade M\u00fcnster Fahrrad Amelix\" width=\"600\" height=\"397\" srcset=\"http:\/\/amelix.de\/wp-content\/uploads\/2014\/03\/001_6215-600x397.jpg 600w, http:\/\/amelix.de\/wp-content\/uploads\/2014\/03\/001_6215.jpg 1024w\" sizes=\"(max-width: 600px) 85vw, 600px\" \/><\/a><\/span><\/p>\n<p><span style=\"color: #800080;\">die Strasse zu \u00fcberqueren und am Schloss vorbei, den Anschluss an die Promenade \u00a0zu bekommen.<\/span><\/p>\n<p>&nbsp;<\/p>\n<p><span style=\"color: #800080;\">\u00a0<a  href=\"http:\/\/amelix.de\/wp-content\/uploads\/2014\/03\/001_6215.jpg\" data-rel=\"lightbox-gallery-0\" data-rl_title=\"\" data-rl_caption=\"\" title=\"\"><img loading=\"lazy\" class=\"alignnone size-medium wp-image-670\" src=\"http:\/\/amelix.de\/wp-content\/uploads\/2014\/03\/001_6215-600x397.jpg\" alt=\"001_6215\" width=\"600\" height=\"397\" srcset=\"http:\/\/amelix.de\/wp-content\/uploads\/2014\/03\/001_6215-600x397.jpg 600w, http:\/\/amelix.de\/wp-content\/uploads\/2014\/03\/001_6215.jpg 1024w\" sizes=\"(max-width: 600px) 85vw, 600px\" \/><\/a><\/span><\/p>\n<p><span style=\"color: #800080;\">Dazu muss man an der Gerichtsstrasse rechts \u00a0abbiegen<\/span><\/p>\n<p><a  href=\"http:\/\/amelix.de\/wp-content\/uploads\/2014\/03\/001_6220.jpg\" data-rel=\"lightbox-gallery-0\" data-rl_title=\"\" data-rl_caption=\"\" title=\"\"><img loading=\"lazy\" class=\"alignnone wp-image-671 size-medium\" src=\"http:\/\/amelix.de\/wp-content\/uploads\/2014\/03\/001_6220-600x397.jpg\" alt=\"Bild: Promenade M\u00fcnster Fahrrad Amelix\" width=\"600\" height=\"397\" srcset=\"http:\/\/amelix.de\/wp-content\/uploads\/2014\/03\/001_6220-600x397.jpg 600w, http:\/\/amelix.de\/wp-content\/uploads\/2014\/03\/001_6220.jpg 1024w\" sizes=\"(max-width: 600px) 85vw, 600px\" \/><\/a><\/p>\n<p>&nbsp;<\/p>\n<p><span style=\"color: #800080;\">und nach ca. 20 Metern wiederum links in die Badestrasse zu fahren, wo die Promenade weiter gef\u00fchrt wird.<\/span><\/p>\n<p>&nbsp;<\/p>\n<p><span style=\"color: #800080;\">\u00a0<a  href=\"http:\/\/amelix.de\/wp-content\/uploads\/2014\/03\/001_6223.jpg\" data-rel=\"lightbox-gallery-0\" data-rl_title=\"\" data-rl_caption=\"\" title=\"\"><img loading=\"lazy\" class=\"alignnone wp-image-660 size-medium\" src=\"http:\/\/amelix.de\/wp-content\/uploads\/2014\/03\/001_6223-600x397.jpg\" alt=\"Bild: Promenade M\u00fcnster Fahrrad Amelix\" width=\"600\" height=\"397\" srcset=\"http:\/\/amelix.de\/wp-content\/uploads\/2014\/03\/001_6223-600x397.jpg 600w, http:\/\/amelix.de\/wp-content\/uploads\/2014\/03\/001_6223.jpg 1024w\" sizes=\"(max-width: 600px) 85vw, 600px\" \/><\/a><\/span><\/p>\n<p><span style=\"color: #800080;\">Nach einem angenehm zu fahrenden St\u00fcck, wo man rechtsseitig schon den Aasee sehen kann, \u00fcberquert man den &#8222;Stadtgraben&#8220;,<\/span><\/p>\n<p>&nbsp;<\/p>\n<p><span style=\"color: #800080;\">\u00a0<a  href=\"http:\/\/amelix.de\/wp-content\/uploads\/2014\/03\/001_6228.jpg\" data-rel=\"lightbox-gallery-0\" data-rl_title=\"\" data-rl_caption=\"\" title=\"\"><img loading=\"lazy\" class=\"alignnone wp-image-663 size-medium\" src=\"http:\/\/amelix.de\/wp-content\/uploads\/2014\/03\/001_6228-600x397.jpg\" alt=\"Bild: Promenade M\u00fcnster Fahrrad Amelix\" width=\"600\" height=\"397\" srcset=\"http:\/\/amelix.de\/wp-content\/uploads\/2014\/03\/001_6228-600x397.jpg 600w, http:\/\/amelix.de\/wp-content\/uploads\/2014\/03\/001_6228.jpg 1024w\" sizes=\"(max-width: 600px) 85vw, 600px\" \/><\/a><\/span><\/p>\n<p><span style=\"color: #800080;\">um 10 m weiter, die \u00c4gidiistrasse zu \u00fcberkreuzen, wo zur Zeit ein aus Narzissen bestehender &#8222;M\u00fcnster&#8220;-Schriftzug zu sehen ist.<\/span><\/p>\n<p>&nbsp;<\/p>\n<p><span style=\"color: #800080;\">\u00a0<a  href=\"http:\/\/amelix.de\/wp-content\/uploads\/2014\/03\/001_6229.jpg\" data-rel=\"lightbox-gallery-0\" data-rl_title=\"\" data-rl_caption=\"\" title=\"\"><img loading=\"lazy\" class=\"alignnone wp-image-664 size-medium\" src=\"http:\/\/amelix.de\/wp-content\/uploads\/2014\/03\/001_6229-600x397.jpg\" alt=\"Bild: Promenade M\u00fcnster Fahrrad Amelix\" width=\"600\" height=\"397\" srcset=\"http:\/\/amelix.de\/wp-content\/uploads\/2014\/03\/001_6229-600x397.jpg 600w, http:\/\/amelix.de\/wp-content\/uploads\/2014\/03\/001_6229.jpg 1024w\" sizes=\"(max-width: 600px) 85vw, 600px\" \/><\/a><\/span><\/p>\n<p><span style=\"color: #800080;\">Folgt man der Promenade weiter, kommt man zur K\u00f6nigstrasse, von wo aus der &#8222;Ludgeri-Kreisel&#8220; zu sehen ist<\/span><\/p>\n<p>&nbsp;<\/p>\n<p>&nbsp;<\/p>\n<p><span style=\"color: #800080;\"><a  href=\"http:\/\/amelix.de\/wp-content\/uploads\/2014\/03\/001_6231.jpg\" data-rel=\"lightbox-gallery-0\" data-rl_title=\"\" data-rl_caption=\"\" title=\"\"><img loading=\"lazy\" class=\"alignnone wp-image-666 size-medium\" src=\"http:\/\/amelix.de\/wp-content\/uploads\/2014\/03\/001_6231-600x397.jpg\" alt=\"Bild: Promenade M\u00fcnster Fahrrad Amelix\" width=\"600\" height=\"397\" srcset=\"http:\/\/amelix.de\/wp-content\/uploads\/2014\/03\/001_6231-600x397.jpg 600w, http:\/\/amelix.de\/wp-content\/uploads\/2014\/03\/001_6231.jpg 1024w\" sizes=\"(max-width: 600px) 85vw, 600px\" \/><\/a><\/span><\/p>\n<p><span style=\"color: #800080;\"><a  href=\"http:\/\/amelix.de\/wp-content\/uploads\/2014\/03\/001_61971.jpg\" data-rel=\"lightbox-gallery-0\" data-rl_title=\"\" data-rl_caption=\"\" title=\"\"><img loading=\"lazy\" class=\"alignnone wp-image-672 size-medium\" src=\"http:\/\/amelix.de\/wp-content\/uploads\/2014\/03\/001_61971-600x397.jpg\" alt=\"Bild: Promenade M\u00fcnster Fahrrad Amelix\" width=\"600\" height=\"397\" srcset=\"http:\/\/amelix.de\/wp-content\/uploads\/2014\/03\/001_61971-600x397.jpg 600w, http:\/\/amelix.de\/wp-content\/uploads\/2014\/03\/001_61971.jpg 1024w\" sizes=\"(max-width: 600px) 85vw, 600px\" \/><\/a>\u00a0<\/span><\/p>\n<p><span style=\"color: #800080;\">Dann schlie\u00dft sich das letzte St\u00fcck der Promenade an und schon ist man wieder an meinem Ausgangspunkt an der Windhorststrasse.<\/span><\/p>\n<p><span style=\"color: #800080;\">Es gibt auf dieser Rundtour einige interessante Sehensw\u00fcrdigkeiten zu erkunden, Abstecher zu machen ( hinterm Schloss z.B. beginnt der Botanische Garten) oder man kann eine \u00a0kleine Pausen in einem der Caf\u00e9s an der Strecke einlegen.<\/span><\/p>\n<p><span style=\"color: #800080;\">Auf jeden Fall ist M\u00fcnsters Promenade sowohl mit Fahrradanh\u00e4nger, als auch mit einem Pedelec, mit Rennrad, wie auch mit einem normalen Stadtrad zu fahren!<\/span><\/p>\n<p><span style=\"color: #800080;\">\u00a0<\/span><\/p>\n","protected":false},"excerpt":{"rendered":"<p>\u00a0 Die Promenade in M\u00fcnster ist eine ca. 4,5 km lange, geschlossene, leicht h\u00fcgelige und begr\u00fcnte Ringstrasse um M\u00fcnsters Altstadt, die von einem parallel laufenden Fu\u00dfweg begleitet wird. Sie wird fast nur von Radlern, Joggern und Fu\u00dfg\u00e4ngern genutzt, ist durchgehend gepflastert, mit touristischen Infotafeln an etlichen Stellen und entlang der gesamten Strecke mit Sitzb\u00e4nken versehen. &hellip; <a href=\"http:\/\/amelix.de\/?page_id=616\" class=\"more-link\"><span class=\"screen-reader-text\">\u201eDie Promenade in M\u00fcnster aus Fahrradfahrer-Sicht &#8230;.\u201c<\/span> weiterlesen<\/a><\/p>\n","protected":false},"author":2,"featured_media":0,"parent":0,"menu_order":0,"comment_status":"open","ping_status":"open","template":"","meta":[],"yoast_head":"<!-- This site is optimized with the Yoast SEO plugin v19.10 - https:\/\/yoast.com\/wordpress\/plugins\/seo\/ -->\n<title>Die Promenade in M\u00fcnster aus Fahrradfahrer-Sicht .... - Amelix<\/title>\n<meta name=\"description\" content=\"Die Promenade in M\u00fcnster ist eine ca. 4,5 km lange, geschlossene, leicht h\u00fcgelige und begr\u00fcnte Ringstrasse um M\u00fcnsters Altstadt,\" \/>\n<meta name=\"robots\" content=\"index, follow, max-snippet:-1, max-image-preview:large, max-video-preview:-1\" \/>\n<link rel=\"canonical\" href=\"http:\/\/amelix.de\/?page_id=616\" \/>\n<meta property=\"og:locale\" content=\"de_DE\" \/>\n<meta property=\"og:type\" content=\"article\" \/>\n<meta property=\"og:title\" content=\"Die Promenade in M\u00fcnster aus Fahrradfahrer-Sicht .... - Amelix\" \/>\n<meta property=\"og:description\" content=\"Die Promenade in M\u00fcnster ist eine ca. 4,5 km lange, geschlossene, leicht h\u00fcgelige und begr\u00fcnte Ringstrasse um M\u00fcnsters Altstadt,\" \/>\n<meta property=\"og:url\" content=\"http:\/\/amelix.de\/?page_id=616\" \/>\n<meta property=\"og:site_name\" content=\"Amelix\" \/>\n<meta property=\"article:modified_time\" content=\"2016-06-19T18:58:28+00:00\" \/>\n<meta property=\"og:image\" content=\"http:\/\/amelix.de\/wp-content\/uploads\/2014\/03\/001_6201-600x397.jpg\" \/>\n<meta name=\"twitter:label1\" content=\"Gesch\u00e4tzte Lesezeit\" \/>\n\t<meta name=\"twitter:data1\" content=\"2\u00a0Minuten\" \/>\n<script type=\"application\/ld+json\" class=\"yoast-schema-graph\">{\"@context\":\"https:\/\/schema.org\",\"@graph\":[{\"@type\":\"WebPage\",\"@id\":\"http:\/\/amelix.de\/?page_id=616\",\"url\":\"http:\/\/amelix.de\/?page_id=616\",\"name\":\"Die Promenade in M\u00fcnster aus Fahrradfahrer-Sicht .... - Amelix\",\"isPartOf\":{\"@id\":\"http:\/\/amelix.de\/#website\"},\"datePublished\":\"2014-03-27T21:07:58+00:00\",\"dateModified\":\"2016-06-19T18:58:28+00:00\",\"description\":\"Die Promenade in M\u00fcnster ist eine ca. 4,5 km lange, geschlossene, leicht h\u00fcgelige und begr\u00fcnte Ringstrasse um M\u00fcnsters Altstadt,\",\"breadcrumb\":{\"@id\":\"http:\/\/amelix.de\/?page_id=616#breadcrumb\"},\"inLanguage\":\"de\",\"potentialAction\":[{\"@type\":\"ReadAction\",\"target\":[\"http:\/\/amelix.de\/?page_id=616\"]}]},{\"@type\":\"BreadcrumbList\",\"@id\":\"http:\/\/amelix.de\/?page_id=616#breadcrumb\",\"itemListElement\":[{\"@type\":\"ListItem\",\"position\":1,\"name\":\"Home\",\"item\":\"http:\/\/amelix.de\/\"},{\"@type\":\"ListItem\",\"position\":2,\"name\":\"Die Promenade in M\u00fcnster aus Fahrradfahrer-Sicht &#8230;.\"}]},{\"@type\":\"WebSite\",\"@id\":\"http:\/\/amelix.de\/#website\",\"url\":\"http:\/\/amelix.de\/\",\"name\":\"Amelix\",\"description\":\"Fahrradfahr-Blog f\u00fcr Best-Ager\",\"potentialAction\":[{\"@type\":\"SearchAction\",\"target\":{\"@type\":\"EntryPoint\",\"urlTemplate\":\"http:\/\/amelix.de\/?s={search_term_string}\"},\"query-input\":\"required name=search_term_string\"}],\"inLanguage\":\"de\"}]}<\/script>\n<!-- \/ Yoast SEO plugin. -->","yoast_head_json":{"title":"Die Promenade in M\u00fcnster aus Fahrradfahrer-Sicht .... - Amelix","description":"Die Promenade in M\u00fcnster ist eine ca. 4,5 km lange, geschlossene, leicht h\u00fcgelige und begr\u00fcnte Ringstrasse um M\u00fcnsters Altstadt,","robots":{"index":"index","follow":"follow","max-snippet":"max-snippet:-1","max-image-preview":"max-image-preview:large","max-video-preview":"max-video-preview:-1"},"canonical":"http:\/\/amelix.de\/?page_id=616","og_locale":"de_DE","og_type":"article","og_title":"Die Promenade in M\u00fcnster aus Fahrradfahrer-Sicht .... - Amelix","og_description":"Die Promenade in M\u00fcnster ist eine ca. 4,5 km lange, geschlossene, leicht h\u00fcgelige und begr\u00fcnte Ringstrasse um M\u00fcnsters Altstadt,","og_url":"http:\/\/amelix.de\/?page_id=616","og_site_name":"Amelix","article_modified_time":"2016-06-19T18:58:28+00:00","og_image":[{"url":"http:\/\/amelix.de\/wp-content\/uploads\/2014\/03\/001_6201-600x397.jpg"}],"twitter_misc":{"Gesch\u00e4tzte Lesezeit":"2\u00a0Minuten"},"schema":{"@context":"https:\/\/schema.org","@graph":[{"@type":"WebPage","@id":"http:\/\/amelix.de\/?page_id=616","url":"http:\/\/amelix.de\/?page_id=616","name":"Die Promenade in M\u00fcnster aus Fahrradfahrer-Sicht .... - Amelix","isPartOf":{"@id":"http:\/\/amelix.de\/#website"},"datePublished":"2014-03-27T21:07:58+00:00","dateModified":"2016-06-19T18:58:28+00:00","description":"Die Promenade in M\u00fcnster ist eine ca. 4,5 km lange, geschlossene, leicht h\u00fcgelige und begr\u00fcnte Ringstrasse um M\u00fcnsters Altstadt,","breadcrumb":{"@id":"http:\/\/amelix.de\/?page_id=616#breadcrumb"},"inLanguage":"de","potentialAction":[{"@type":"ReadAction","target":["http:\/\/amelix.de\/?page_id=616"]}]},{"@type":"BreadcrumbList","@id":"http:\/\/amelix.de\/?page_id=616#breadcrumb","itemListElement":[{"@type":"ListItem","position":1,"name":"Home","item":"http:\/\/amelix.de\/"},{"@type":"ListItem","position":2,"name":"Die Promenade in M\u00fcnster aus Fahrradfahrer-Sicht &#8230;."}]},{"@type":"WebSite","@id":"http:\/\/amelix.de\/#website","url":"http:\/\/amelix.de\/","name":"Amelix","description":"Fahrradfahr-Blog f\u00fcr Best-Ager","potentialAction":[{"@type":"SearchAction","target":{"@type":"EntryPoint","urlTemplate":"http:\/\/amelix.de\/?s={search_term_string}"},"query-input":"required name=search_term_string"}],"inLanguage":"de"}]}},"_links":{"self":[{"href":"http:\/\/amelix.de\/index.php?rest_route=\/wp\/v2\/pages\/616"}],"collection":[{"href":"http:\/\/amelix.de\/index.php?rest_route=\/wp\/v2\/pages"}],"about":[{"href":"http:\/\/amelix.de\/index.php?rest_route=\/wp\/v2\/types\/page"}],"author":[{"embeddable":true,"href":"http:\/\/amelix.de\/index.php?rest_route=\/wp\/v2\/users\/2"}],"replies":[{"embeddable":true,"href":"http:\/\/amelix.de\/index.php?rest_route=%2Fwp%2Fv2%2Fcomments&post=616"}],"version-history":[{"count":17,"href":"http:\/\/amelix.de\/index.php?rest_route=\/wp\/v2\/pages\/616\/revisions"}],"predecessor-version":[{"id":890,"href":"http:\/\/amelix.de\/index.php?rest_route=\/wp\/v2\/pages\/616\/revisions\/890"}],"wp:attachment":[{"href":"http:\/\/amelix.de\/index.php?rest_route=%2Fwp%2Fv2%2Fmedia&parent=616"}],"curies":[{"name":"wp","href":"https:\/\/api.w.org\/{rel}","templated":true}]}}