{"id":700,"date":"2014-04-05T20:41:48","date_gmt":"2014-04-05T19:41:48","guid":{"rendered":"http:\/\/amelix.de\/?page_id=700"},"modified":"2019-12-11T20:58:27","modified_gmt":"2019-12-11T19:58:27","slug":"fahrrad-luft-tankstelle-muenster-city","status":"publish","type":"page","link":"http:\/\/amelix.de\/?page_id=700","title":{"rendered":"Fahrrad-Luft-Tankstelle"},"content":{"rendered":"<p>&nbsp;<\/p>\n<p><span style=\"color: #000080; font-family: Georgia, Palatino; font-size: 14pt;\">Auch das gibt es in der &#8222;Fahrradhauptstadt-M\u00fcnster&#8220;&#8211; ein Luft-Tankstelle&#8211;zum Aufpumpen platter Fahrradreifen. Oder zum Auff\u00fcllen zu gering aufgepumpter Reifen. Ich habe auch schon gesehen,dass dort Roller standen, die gef\u00fcllt wurden. Auch das scheint zu funktionieren.<\/span><\/p>\n<p><span style=\"font-family: Georgia, Palatino; font-size: 14pt; color: #000080;\">Und bei Dunkelheit ist sie am sch\u00f6nen, blauen Licht ihrer Beleuchtung zu erkennen.<\/span><\/p>\n<p><span style=\"color: #000080; font-family: Georgia, Palatino; font-size: 14pt;\">Sie ist zu finden vor der Stadt-Information, an der\u00a0Heinrich-Br\u00fcning Stra\u00dfe 9, in der Innenstadt.<\/span><\/p>\n<p><a style=\"font-size: 13px;\"  href=\"http:\/\/amelix.de\/wp-content\/uploads\/2014\/04\/IMG_2206-e1396722807647.jpg\" data-rel=\"lightbox-gallery-0\" data-rl_title=\"\" data-rl_caption=\"\" title=\"\"><img loading=\"lazy\" class=\"alignnone wp-image-701 size-medium\" src=\"http:\/\/amelix.de\/wp-content\/uploads\/2014\/04\/IMG_2206-e1396722807647-450x600.jpg\" alt=\"Bild: Fahrrad Tankstelle M\u00fcnster Amelix\" width=\"450\" height=\"600\" srcset=\"http:\/\/amelix.de\/wp-content\/uploads\/2014\/04\/IMG_2206-e1396722807647-450x600.jpg 450w, http:\/\/amelix.de\/wp-content\/uploads\/2014\/04\/IMG_2206-e1396722807647.jpg 768w\" sizes=\"(max-width: 450px) 85vw, 450px\" \/><\/a><\/p>\n<p><a  href=\"http:\/\/amelix.de\/wp-content\/uploads\/2014\/04\/IMG_2207-e1396722738314.jpg\" data-rel=\"lightbox-gallery-0\" data-rl_title=\"\" data-rl_caption=\"\" title=\"\"><img loading=\"lazy\" class=\"alignnone wp-image-702 size-medium\" src=\"http:\/\/amelix.de\/wp-content\/uploads\/2014\/04\/IMG_2207-e1396722738314-450x600.jpg\" alt=\"Bild: Fahrrad Tankstelle M\u00fcnster Amelix\" width=\"450\" height=\"600\" srcset=\"http:\/\/amelix.de\/wp-content\/uploads\/2014\/04\/IMG_2207-e1396722738314-450x600.jpg 450w, http:\/\/amelix.de\/wp-content\/uploads\/2014\/04\/IMG_2207-e1396722738314.jpg 768w\" sizes=\"(max-width: 450px) 85vw, 450px\" \/><\/a><\/p>\n<p>&nbsp;<\/p>\n<p>&nbsp;<\/p>\n","protected":false},"excerpt":{"rendered":"<p>&nbsp; Auch das gibt es in der &#8222;Fahrradhauptstadt-M\u00fcnster&#8220;&#8211; ein Luft-Tankstelle&#8211;zum Aufpumpen platter Fahrradreifen. Oder zum Auff\u00fcllen zu gering aufgepumpter Reifen. Ich habe auch schon gesehen,dass dort Roller standen, die gef\u00fcllt wurden. Auch das scheint zu funktionieren. Und bei Dunkelheit ist sie am sch\u00f6nen, blauen Licht ihrer Beleuchtung zu erkennen. Sie ist zu finden vor der &hellip; <a href=\"http:\/\/amelix.de\/?page_id=700\" class=\"more-link\"><span class=\"screen-reader-text\">\u201eFahrrad-Luft-Tankstelle\u201c<\/span> weiterlesen<\/a><\/p>\n","protected":false},"author":2,"featured_media":0,"parent":0,"menu_order":0,"comment_status":"open","ping_status":"open","template":"","meta":[],"yoast_head":"<!-- This site is optimized with the Yoast SEO plugin v19.10 - https:\/\/yoast.com\/wordpress\/plugins\/seo\/ -->\n<title>Fahrrad-Luft-Tankstelle in M\u00fcnster City an der Stadtinformation<\/title>\n<meta name=\"description\" content=\"Fahrradhauptstadt M\u00fcnster Fahrrad-Luft-Tankstelle Sie ist zu finden vor der Stadt-Information an der Heinrich-Br\u00fcning Stra\u00dfe 9 in M\u00fcnster City\" \/>\n<meta name=\"robots\" content=\"index, follow, max-snippet:-1, max-image-preview:large, max-video-preview:-1\" \/>\n<link rel=\"canonical\" href=\"http:\/\/amelix.de\/?page_id=700\" \/>\n<meta property=\"og:locale\" content=\"de_DE\" \/>\n<meta property=\"og:type\" content=\"article\" \/>\n<meta property=\"og:title\" content=\"Fahrrad-Luft-Tankstelle in M\u00fcnster City an der Stadtinformation\" \/>\n<meta property=\"og:description\" content=\"Fahrradhauptstadt M\u00fcnster Fahrrad-Luft-Tankstelle Sie ist zu finden vor der Stadt-Information an der Heinrich-Br\u00fcning Stra\u00dfe 9 in M\u00fcnster City\" \/>\n<meta property=\"og:url\" content=\"http:\/\/amelix.de\/?page_id=700\" \/>\n<meta property=\"og:site_name\" content=\"Amelix\" \/>\n<meta property=\"article:modified_time\" content=\"2019-12-11T19:58:27+00:00\" \/>\n<meta property=\"og:image\" content=\"http:\/\/amelix.de\/wp-content\/uploads\/2014\/04\/IMG_2206-e1396722807647-450x600.jpg\" \/>\n<script type=\"application\/ld+json\" class=\"yoast-schema-graph\">{\"@context\":\"https:\/\/schema.org\",\"@graph\":[{\"@type\":\"WebPage\",\"@id\":\"http:\/\/amelix.de\/?page_id=700\",\"url\":\"http:\/\/amelix.de\/?page_id=700\",\"name\":\"Fahrrad-Luft-Tankstelle in M\u00fcnster City an der Stadtinformation\",\"isPartOf\":{\"@id\":\"http:\/\/amelix.de\/#website\"},\"datePublished\":\"2014-04-05T19:41:48+00:00\",\"dateModified\":\"2019-12-11T19:58:27+00:00\",\"description\":\"Fahrradhauptstadt M\u00fcnster Fahrrad-Luft-Tankstelle Sie ist zu finden vor der Stadt-Information an der Heinrich-Br\u00fcning Stra\u00dfe 9 in M\u00fcnster City\",\"breadcrumb\":{\"@id\":\"http:\/\/amelix.de\/?page_id=700#breadcrumb\"},\"inLanguage\":\"de\",\"potentialAction\":[{\"@type\":\"ReadAction\",\"target\":[\"http:\/\/amelix.de\/?page_id=700\"]}]},{\"@type\":\"BreadcrumbList\",\"@id\":\"http:\/\/amelix.de\/?page_id=700#breadcrumb\",\"itemListElement\":[{\"@type\":\"ListItem\",\"position\":1,\"name\":\"Home\",\"item\":\"http:\/\/amelix.de\/\"},{\"@type\":\"ListItem\",\"position\":2,\"name\":\"Fahrrad-Luft-Tankstelle\"}]},{\"@type\":\"WebSite\",\"@id\":\"http:\/\/amelix.de\/#website\",\"url\":\"http:\/\/amelix.de\/\",\"name\":\"Amelix\",\"description\":\"Fahrradfahr-Blog f\u00fcr Best-Ager\",\"potentialAction\":[{\"@type\":\"SearchAction\",\"target\":{\"@type\":\"EntryPoint\",\"urlTemplate\":\"http:\/\/amelix.de\/?s={search_term_string}\"},\"query-input\":\"required name=search_term_string\"}],\"inLanguage\":\"de\"}]}<\/script>\n<!-- \/ Yoast SEO plugin. -->","yoast_head_json":{"title":"Fahrrad-Luft-Tankstelle in M\u00fcnster City an der Stadtinformation","description":"Fahrradhauptstadt M\u00fcnster Fahrrad-Luft-Tankstelle Sie ist zu finden vor der Stadt-Information an der Heinrich-Br\u00fcning Stra\u00dfe 9 in M\u00fcnster City","robots":{"index":"index","follow":"follow","max-snippet":"max-snippet:-1","max-image-preview":"max-image-preview:large","max-video-preview":"max-video-preview:-1"},"canonical":"http:\/\/amelix.de\/?page_id=700","og_locale":"de_DE","og_type":"article","og_title":"Fahrrad-Luft-Tankstelle in M\u00fcnster City an der Stadtinformation","og_description":"Fahrradhauptstadt M\u00fcnster Fahrrad-Luft-Tankstelle Sie ist zu finden vor der Stadt-Information an der Heinrich-Br\u00fcning Stra\u00dfe 9 in M\u00fcnster City","og_url":"http:\/\/amelix.de\/?page_id=700","og_site_name":"Amelix","article_modified_time":"2019-12-11T19:58:27+00:00","og_image":[{"url":"http:\/\/amelix.de\/wp-content\/uploads\/2014\/04\/IMG_2206-e1396722807647-450x600.jpg"}],"schema":{"@context":"https:\/\/schema.org","@graph":[{"@type":"WebPage","@id":"http:\/\/amelix.de\/?page_id=700","url":"http:\/\/amelix.de\/?page_id=700","name":"Fahrrad-Luft-Tankstelle in M\u00fcnster City an der Stadtinformation","isPartOf":{"@id":"http:\/\/amelix.de\/#website"},"datePublished":"2014-04-05T19:41:48+00:00","dateModified":"2019-12-11T19:58:27+00:00","description":"Fahrradhauptstadt M\u00fcnster Fahrrad-Luft-Tankstelle Sie ist zu finden vor der Stadt-Information an der Heinrich-Br\u00fcning Stra\u00dfe 9 in M\u00fcnster City","breadcrumb":{"@id":"http:\/\/amelix.de\/?page_id=700#breadcrumb"},"inLanguage":"de","potentialAction":[{"@type":"ReadAction","target":["http:\/\/amelix.de\/?page_id=700"]}]},{"@type":"BreadcrumbList","@id":"http:\/\/amelix.de\/?page_id=700#breadcrumb","itemListElement":[{"@type":"ListItem","position":1,"name":"Home","item":"http:\/\/amelix.de\/"},{"@type":"ListItem","position":2,"name":"Fahrrad-Luft-Tankstelle"}]},{"@type":"WebSite","@id":"http:\/\/amelix.de\/#website","url":"http:\/\/amelix.de\/","name":"Amelix","description":"Fahrradfahr-Blog f\u00fcr Best-Ager","potentialAction":[{"@type":"SearchAction","target":{"@type":"EntryPoint","urlTemplate":"http:\/\/amelix.de\/?s={search_term_string}"},"query-input":"required name=search_term_string"}],"inLanguage":"de"}]}},"_links":{"self":[{"href":"http:\/\/amelix.de\/index.php?rest_route=\/wp\/v2\/pages\/700"}],"collection":[{"href":"http:\/\/amelix.de\/index.php?rest_route=\/wp\/v2\/pages"}],"about":[{"href":"http:\/\/amelix.de\/index.php?rest_route=\/wp\/v2\/types\/page"}],"author":[{"embeddable":true,"href":"http:\/\/amelix.de\/index.php?rest_route=\/wp\/v2\/users\/2"}],"replies":[{"embeddable":true,"href":"http:\/\/amelix.de\/index.php?rest_route=%2Fwp%2Fv2%2Fcomments&post=700"}],"version-history":[{"count":11,"href":"http:\/\/amelix.de\/index.php?rest_route=\/wp\/v2\/pages\/700\/revisions"}],"predecessor-version":[{"id":1191,"href":"http:\/\/amelix.de\/index.php?rest_route=\/wp\/v2\/pages\/700\/revisions\/1191"}],"wp:attachment":[{"href":"http:\/\/amelix.de\/index.php?rest_route=%2Fwp%2Fv2%2Fmedia&parent=700"}],"curies":[{"name":"wp","href":"https:\/\/api.w.org\/{rel}","templated":true}]}}