{"id":757,"date":"2014-04-24T21:29:51","date_gmt":"2014-04-24T20:29:51","guid":{"rendered":"http:\/\/amelix.de\/?page_id=757"},"modified":"2019-12-11T21:13:21","modified_gmt":"2019-12-11T20:13:21","slug":"radlager-fahrrad-aufbewahrungsmoeglichkeit-muenster","status":"publish","type":"page","link":"http:\/\/amelix.de\/?page_id=757","title":{"rendered":"&#8222;Radlager&#8220;"},"content":{"rendered":"<p>&nbsp;<\/p>\n<p>Im &#8222;Radlager&#8220;&#8230;&#8230;..\u00a0gibt es Fahrrad-Parkpl\u00e4tze, Schlie\u00dff\u00e4cher, Ladestationen f\u00fcr Elektro-Fahrr\u00e4der und Luftpumpenstationen.<\/p>\n<p><span style=\"font-size: 13px; text-align: center;\">Das &#8222;Radlager&#8220; ist einer der Radstationen der Stadt M\u00fcnster. Auf dem Bild ist die Zweigstelle \u00a0in der Stubengasse zu sehen. Sie \u00a0befindet sich im Innenstadtbereich . Ebenso kann man dort Fahrr\u00e4der mieten.\u00a0Bei Bedarf\u00a0einen Fahrrad-Service nutzen oder Gebrauchtr\u00e4der erstehen.Und man \u00a0kann dort Informationen erhalten oder f\u00fcr eine Rundfahrt durch die Stadt den\u00a0<\/span><strong style=\"font-size: 13px; text-align: center;\"><em>M\u00fcnsterbus<\/em><\/strong><span style=\"font-size: 13px; text-align: center;\">\u00a0besteigen.Der M\u00fcnsters ist ein Hop-on Hop-of Bus. D.h. , dass man aussteigen kann, wo man etwas Interessantes sieht. Das schaut man sich an . Danach steigt man einfach in den n\u00e4chsten vorbeikommenden B\u00fcnsterbus und f\u00e4hrt weiter.<\/span><\/p>\n<p style=\"text-align: center;\">Auch die \u00d6ffnungszeiten finde ich pers\u00f6nlich sehr attraktiv!<\/p>\n<figure id=\"attachment_759\" aria-describedby=\"caption-attachment-759\" style=\"width: 600px\" class=\"wp-caption aligncenter\"><a  href=\"http:\/\/amelix.de\/wp-content\/uploads\/2014\/04\/DSC00119.jpg\" data-rel=\"lightbox-gallery-0\" data-rl_title=\"\" data-rl_caption=\"\" title=\"\"><img loading=\"lazy\" class=\"wp-image-759 size-medium\" src=\"http:\/\/amelix.de\/wp-content\/uploads\/2014\/04\/DSC00119-600x450.jpg\" alt=\"Bild: Radlager M\u00fcnster Stubengasse Fahrrad Amelix\" width=\"600\" height=\"450\" srcset=\"http:\/\/amelix.de\/wp-content\/uploads\/2014\/04\/DSC00119-600x450.jpg 600w, http:\/\/amelix.de\/wp-content\/uploads\/2014\/04\/DSC00119.jpg 1024w\" sizes=\"(max-width: 600px) 85vw, 600px\" \/><\/a><figcaption id=\"caption-attachment-759\" class=\"wp-caption-text\">Radlager M\u00fcnster Stubengasse<\/figcaption><\/figure>\n<p style=\"text-align: center;\">Sie sind : Montag bis Samstag von 9 &#8211; 20 Uhr, von April bis Oktober.<\/p>\n","protected":false},"excerpt":{"rendered":"<p>&nbsp; Im &#8222;Radlager&#8220;&#8230;&#8230;..\u00a0gibt es Fahrrad-Parkpl\u00e4tze, Schlie\u00dff\u00e4cher, Ladestationen f\u00fcr Elektro-Fahrr\u00e4der und Luftpumpenstationen. Das &#8222;Radlager&#8220; ist einer der Radstationen der Stadt M\u00fcnster. Auf dem Bild ist die Zweigstelle \u00a0in der Stubengasse zu sehen. Sie \u00a0befindet sich im Innenstadtbereich . Ebenso kann man dort Fahrr\u00e4der mieten.\u00a0Bei Bedarf\u00a0einen Fahrrad-Service nutzen oder Gebrauchtr\u00e4der erstehen.Und man \u00a0kann dort Informationen erhalten oder &hellip; <a href=\"http:\/\/amelix.de\/?page_id=757\" class=\"more-link\"><span class=\"screen-reader-text\">\u201e&#8222;Radlager&#8220;\u201c<\/span> weiterlesen<\/a><\/p>\n","protected":false},"author":2,"featured_media":0,"parent":0,"menu_order":0,"comment_status":"open","ping_status":"open","template":"","meta":[],"yoast_head":"<!-- This site is optimized with the Yoast SEO plugin v19.10 - https:\/\/yoast.com\/wordpress\/plugins\/seo\/ -->\n<title>&quot;Radlager&quot; M\u00fcnster Fahrrad Parkpl\u00e4tze Ladestation<\/title>\n<meta name=\"description\" content=\"&quot;Radlager&quot; M\u00fcnster Fahrrad Parkpl\u00e4tze Ladestationen Elektro Fahrr\u00e4der und Luftpumpenstationen Informationen Aufbewahrung von R\u00e4dern\" \/>\n<meta name=\"robots\" content=\"index, follow, max-snippet:-1, max-image-preview:large, max-video-preview:-1\" \/>\n<link rel=\"canonical\" href=\"http:\/\/amelix.de\/?page_id=757\" \/>\n<meta property=\"og:locale\" content=\"de_DE\" \/>\n<meta property=\"og:type\" content=\"article\" \/>\n<meta property=\"og:title\" content=\"&quot;Radlager&quot; M\u00fcnster Fahrrad Parkpl\u00e4tze Ladestation\" \/>\n<meta property=\"og:description\" content=\"&quot;Radlager&quot; M\u00fcnster Fahrrad Parkpl\u00e4tze Ladestationen Elektro Fahrr\u00e4der und Luftpumpenstationen Informationen Aufbewahrung von R\u00e4dern\" \/>\n<meta property=\"og:url\" content=\"http:\/\/amelix.de\/?page_id=757\" \/>\n<meta property=\"og:site_name\" content=\"Amelix\" \/>\n<meta property=\"article:modified_time\" content=\"2019-12-11T20:13:21+00:00\" \/>\n<meta property=\"og:image\" content=\"http:\/\/amelix.de\/wp-content\/uploads\/2014\/04\/DSC00119-600x450.jpg\" \/>\n<meta name=\"twitter:label1\" content=\"Gesch\u00e4tzte Lesezeit\" \/>\n\t<meta name=\"twitter:data1\" content=\"1\u00a0Minute\" \/>\n<script type=\"application\/ld+json\" class=\"yoast-schema-graph\">{\"@context\":\"https:\/\/schema.org\",\"@graph\":[{\"@type\":\"WebPage\",\"@id\":\"http:\/\/amelix.de\/?page_id=757\",\"url\":\"http:\/\/amelix.de\/?page_id=757\",\"name\":\"\\\"Radlager\\\" M\u00fcnster Fahrrad Parkpl\u00e4tze Ladestation\",\"isPartOf\":{\"@id\":\"http:\/\/amelix.de\/#website\"},\"datePublished\":\"2014-04-24T20:29:51+00:00\",\"dateModified\":\"2019-12-11T20:13:21+00:00\",\"description\":\"\\\"Radlager\\\" M\u00fcnster Fahrrad Parkpl\u00e4tze Ladestationen Elektro Fahrr\u00e4der und Luftpumpenstationen Informationen Aufbewahrung von R\u00e4dern\",\"breadcrumb\":{\"@id\":\"http:\/\/amelix.de\/?page_id=757#breadcrumb\"},\"inLanguage\":\"de\",\"potentialAction\":[{\"@type\":\"ReadAction\",\"target\":[\"http:\/\/amelix.de\/?page_id=757\"]}]},{\"@type\":\"BreadcrumbList\",\"@id\":\"http:\/\/amelix.de\/?page_id=757#breadcrumb\",\"itemListElement\":[{\"@type\":\"ListItem\",\"position\":1,\"name\":\"Home\",\"item\":\"http:\/\/amelix.de\/\"},{\"@type\":\"ListItem\",\"position\":2,\"name\":\"&#8222;Radlager&#8220;\"}]},{\"@type\":\"WebSite\",\"@id\":\"http:\/\/amelix.de\/#website\",\"url\":\"http:\/\/amelix.de\/\",\"name\":\"Amelix\",\"description\":\"Fahrradfahr-Blog f\u00fcr Best-Ager\",\"potentialAction\":[{\"@type\":\"SearchAction\",\"target\":{\"@type\":\"EntryPoint\",\"urlTemplate\":\"http:\/\/amelix.de\/?s={search_term_string}\"},\"query-input\":\"required name=search_term_string\"}],\"inLanguage\":\"de\"}]}<\/script>\n<!-- \/ Yoast SEO plugin. -->","yoast_head_json":{"title":"\"Radlager\" M\u00fcnster Fahrrad Parkpl\u00e4tze Ladestation","description":"\"Radlager\" M\u00fcnster Fahrrad Parkpl\u00e4tze Ladestationen Elektro Fahrr\u00e4der und Luftpumpenstationen Informationen Aufbewahrung von R\u00e4dern","robots":{"index":"index","follow":"follow","max-snippet":"max-snippet:-1","max-image-preview":"max-image-preview:large","max-video-preview":"max-video-preview:-1"},"canonical":"http:\/\/amelix.de\/?page_id=757","og_locale":"de_DE","og_type":"article","og_title":"\"Radlager\" M\u00fcnster Fahrrad Parkpl\u00e4tze Ladestation","og_description":"\"Radlager\" M\u00fcnster Fahrrad Parkpl\u00e4tze Ladestationen Elektro Fahrr\u00e4der und Luftpumpenstationen Informationen Aufbewahrung von R\u00e4dern","og_url":"http:\/\/amelix.de\/?page_id=757","og_site_name":"Amelix","article_modified_time":"2019-12-11T20:13:21+00:00","og_image":[{"url":"http:\/\/amelix.de\/wp-content\/uploads\/2014\/04\/DSC00119-600x450.jpg"}],"twitter_misc":{"Gesch\u00e4tzte Lesezeit":"1\u00a0Minute"},"schema":{"@context":"https:\/\/schema.org","@graph":[{"@type":"WebPage","@id":"http:\/\/amelix.de\/?page_id=757","url":"http:\/\/amelix.de\/?page_id=757","name":"\"Radlager\" M\u00fcnster Fahrrad Parkpl\u00e4tze Ladestation","isPartOf":{"@id":"http:\/\/amelix.de\/#website"},"datePublished":"2014-04-24T20:29:51+00:00","dateModified":"2019-12-11T20:13:21+00:00","description":"\"Radlager\" M\u00fcnster Fahrrad Parkpl\u00e4tze Ladestationen Elektro Fahrr\u00e4der und Luftpumpenstationen Informationen Aufbewahrung von R\u00e4dern","breadcrumb":{"@id":"http:\/\/amelix.de\/?page_id=757#breadcrumb"},"inLanguage":"de","potentialAction":[{"@type":"ReadAction","target":["http:\/\/amelix.de\/?page_id=757"]}]},{"@type":"BreadcrumbList","@id":"http:\/\/amelix.de\/?page_id=757#breadcrumb","itemListElement":[{"@type":"ListItem","position":1,"name":"Home","item":"http:\/\/amelix.de\/"},{"@type":"ListItem","position":2,"name":"&#8222;Radlager&#8220;"}]},{"@type":"WebSite","@id":"http:\/\/amelix.de\/#website","url":"http:\/\/amelix.de\/","name":"Amelix","description":"Fahrradfahr-Blog f\u00fcr Best-Ager","potentialAction":[{"@type":"SearchAction","target":{"@type":"EntryPoint","urlTemplate":"http:\/\/amelix.de\/?s={search_term_string}"},"query-input":"required name=search_term_string"}],"inLanguage":"de"}]}},"_links":{"self":[{"href":"http:\/\/amelix.de\/index.php?rest_route=\/wp\/v2\/pages\/757"}],"collection":[{"href":"http:\/\/amelix.de\/index.php?rest_route=\/wp\/v2\/pages"}],"about":[{"href":"http:\/\/amelix.de\/index.php?rest_route=\/wp\/v2\/types\/page"}],"author":[{"embeddable":true,"href":"http:\/\/amelix.de\/index.php?rest_route=\/wp\/v2\/users\/2"}],"replies":[{"embeddable":true,"href":"http:\/\/amelix.de\/index.php?rest_route=%2Fwp%2Fv2%2Fcomments&post=757"}],"version-history":[{"count":13,"href":"http:\/\/amelix.de\/index.php?rest_route=\/wp\/v2\/pages\/757\/revisions"}],"predecessor-version":[{"id":1193,"href":"http:\/\/amelix.de\/index.php?rest_route=\/wp\/v2\/pages\/757\/revisions\/1193"}],"wp:attachment":[{"href":"http:\/\/amelix.de\/index.php?rest_route=%2Fwp%2Fv2%2Fmedia&parent=757"}],"curies":[{"name":"wp","href":"https:\/\/api.w.org\/{rel}","templated":true}]}}