{"id":814,"date":"2014-06-19T09:10:11","date_gmt":"2014-06-19T08:10:11","guid":{"rendered":"http:\/\/amelix.de\/?page_id=814"},"modified":"2019-12-09T22:42:46","modified_gmt":"2019-12-09T21:42:46","slug":"fahrradtour-mainradweg-streckenbeschreibung-hinweise","status":"publish","type":"page","link":"http:\/\/amelix.de\/?page_id=814","title":{"rendered":"Fahrradtour &#8222;Mainradweg&#8220; Juni 2014"},"content":{"rendered":"<p>Fahrradtour \u00a0Mainradweg \u00a0 im Juni 2014<\/p>\n<p><span style=\"font-size: 13px;\">Startort**W\u00fcrzburg** \u00a0 \u00a0 Zielort**Hauptbahnhof Mainz** \u00a0 \u00a0 \u00a0 L\u00e4nge der Gesamtstrecke** ca. 300 km**<\/span><\/p>\n<p><span style=\"color: #ff0000;\">Streckenprofil laut Fahrradliteratur **leicht und keine nennenswerte Steigung **, was weitestgehend \u00a0stimmt! Es gab an einigen Stellen losen Untergrund und einige, wenige, kurze Waldst\u00fccke. Auch waren einige Br\u00fccken zu \u00fcberwinden. Auf jeden Fall ist diese Tour sowohl f\u00fcr Pedelecs, wie bedingt ( wegen zu enger Radwege) f\u00fcr Fahrr\u00e4der mit Anh\u00e4nger \u00a0zu schaffen.<\/span><\/p>\n<p>Die Strecke war gr\u00f6\u00dftenteils asphaltiert, ausreichend breit, und so beschildert, dass man gut den Weg finden konnte. Sollte man eventuell doch einmal nicht dem Main-Radweg-Symbol gefolgt sein, dann konnte man h\u00e4ufig die andere Mainseite befahren. Diese war dann nur mit einem allgemeinen Radwegeschild gekennzeichnet, was aber v\u00f6llig ausreichend war, und immer die n\u00e4chst gr\u00f6\u00dfere Stadt anzeigte. Meist sogar mit Kilometerangabe.<\/p>\n<p>&nbsp;<\/p>\n<p>Angereist waren wir aus M\u00fcnster. Am Bahnhof W\u00fcrzburg fiel uns auf, dass es dort keinen Aufzug gab, sodass wir unsere R\u00e4der die Treppe hoch tragen mussten, was etwas beschwerlich war, da wir mit Gep\u00e4cktaschen unterwegs waren. Im Zug fanden nur je 2 Fahrr\u00e4der pro Wagen in einer H\u00e4ngehalterung Platz. Die Sitzpl\u00e4tze hatten wir aber ( eine 6er-Truppe) dann gemeinsam.<\/p>\n<p>&nbsp;<\/p>\n<p>Der erste Blick in <em>W\u00fcrzburg<\/em> fiel auf die<em> Festung Marienberg<\/em><\/p>\n<p><a  href=\"http:\/\/amelix.de\/wp-content\/uploads\/2014\/06\/001_7195.jpg\" data-rel=\"lightbox-gallery-0\" data-rl_title=\"\" data-rl_caption=\"\" title=\"\"><img loading=\"lazy\" class=\"alignnone wp-image-818 size-medium\" src=\"http:\/\/amelix.de\/wp-content\/uploads\/2014\/06\/001_7195-600x356.jpg\" alt=\"Bild: Mainradweg Fahrrad Amelix\" width=\"600\" height=\"356\" srcset=\"http:\/\/amelix.de\/wp-content\/uploads\/2014\/06\/001_7195-600x356.jpg 600w, http:\/\/amelix.de\/wp-content\/uploads\/2014\/06\/001_7195.jpg 1024w\" sizes=\"(max-width: 600px) 85vw, 600px\" \/><\/a><\/p>\n<p>Von dort aus fuhren wir durch Wiesen, W\u00e4lder und Felder auf meist asphaltierten Wegen, die gut ausgeschildert waren. Und es gab auch immer wieder nette und interessante Sachen zu sehen und zu bestaunen. So wie diese Steins\u00e4ule mit religi\u00f6sen Symbolen und Darstellungen,dass wir kurz vor<em> Himmelstadt<\/em> entdeckten.<\/p>\n<p><a  href=\"http:\/\/amelix.de\/wp-content\/uploads\/2014\/06\/vor-Himmelstad-ein-Gebetskreuz.jpg\" data-rel=\"lightbox-gallery-0\" data-rl_title=\"\" data-rl_caption=\"\" title=\"\"><img loading=\"lazy\" class=\"alignnone wp-image-820 size-medium\" src=\"http:\/\/amelix.de\/wp-content\/uploads\/2014\/06\/vor-Himmelstad-ein-Gebetskreuz-600x397.jpg\" alt=\"Bild:vor Himmelstad ein Gebetskreuz Fahrrad Mainradweg Amelix\" width=\"600\" height=\"397\" srcset=\"http:\/\/amelix.de\/wp-content\/uploads\/2014\/06\/vor-Himmelstad-ein-Gebetskreuz-600x397.jpg 600w, http:\/\/amelix.de\/wp-content\/uploads\/2014\/06\/vor-Himmelstad-ein-Gebetskreuz.jpg 1024w\" sizes=\"(max-width: 600px) 85vw, 600px\" \/><\/a><\/p>\n<p>&nbsp;<\/p>\n<p>Danach kam die kleine Stadt <em>Karlstadt,<\/em> wo wir auf dem sehr h\u00fcbschen Marktplatz eine Rast einlegten.<\/p>\n<p><a  href=\"http:\/\/amelix.de\/wp-content\/uploads\/2014\/06\/Karlstadt.jpg\" data-rel=\"lightbox-gallery-0\" data-rl_title=\"\" data-rl_caption=\"\" title=\"\"><img loading=\"lazy\" class=\"alignnone wp-image-823 size-medium\" src=\"http:\/\/amelix.de\/wp-content\/uploads\/2014\/06\/Karlstadt-600x397.jpg\" alt=\"Bild: Karlstadt Mainradweg Fahrrad Amelix\" width=\"600\" height=\"397\" srcset=\"http:\/\/amelix.de\/wp-content\/uploads\/2014\/06\/Karlstadt-600x397.jpg 600w, http:\/\/amelix.de\/wp-content\/uploads\/2014\/06\/Karlstadt.jpg 1024w\" sizes=\"(max-width: 600px) 85vw, 600px\" \/><\/a><\/p>\n<p><a  href=\"http:\/\/amelix.de\/wp-content\/uploads\/2014\/06\/Marktplatz-von-Karlstad-am-Main.jpg\" data-rel=\"lightbox-gallery-0\" data-rl_title=\"\" data-rl_caption=\"\" title=\"\"><img loading=\"lazy\" class=\"alignnone wp-image-836 size-medium\" src=\"http:\/\/amelix.de\/wp-content\/uploads\/2014\/06\/Marktplatz-von-Karlstad-am-Main-600x397.jpg\" alt=\"Bild: Marktplatz von Karlstad am Main Fahrrad Amelix\" width=\"600\" height=\"397\" srcset=\"http:\/\/amelix.de\/wp-content\/uploads\/2014\/06\/Marktplatz-von-Karlstad-am-Main-600x397.jpg 600w, http:\/\/amelix.de\/wp-content\/uploads\/2014\/06\/Marktplatz-von-Karlstad-am-Main.jpg 1024w\" sizes=\"(max-width: 600px) 85vw, 600px\" \/><\/a><\/p>\n<p>Und weiter ging die Tour nach <em>Lohr am Main<\/em> , mit einer kleinen, durch Fachwerkbauten \u00a0gepr\u00e4gten Innenstadt.<\/p>\n<p><a  href=\"http:\/\/amelix.de\/wp-content\/uploads\/2014\/06\/Lohr-am-Main.jpg\" data-rel=\"lightbox-gallery-0\" data-rl_title=\"\" data-rl_caption=\"\" title=\"\"><img loading=\"lazy\" class=\"alignnone wp-image-828 size-medium\" src=\"http:\/\/amelix.de\/wp-content\/uploads\/2014\/06\/Lohr-am-Main-600x397.jpg\" alt=\"Bild: Lohr am Main Mainradweg Fahrrad Amelix\" width=\"600\" height=\"397\" srcset=\"http:\/\/amelix.de\/wp-content\/uploads\/2014\/06\/Lohr-am-Main-600x397.jpg 600w, http:\/\/amelix.de\/wp-content\/uploads\/2014\/06\/Lohr-am-Main.jpg 1024w\" sizes=\"(max-width: 600px) 85vw, 600px\" \/><\/a> <a  href=\"http:\/\/amelix.de\/wp-content\/uploads\/2014\/06\/Lohr-am-Main-Fussg\u00e4ngerzone.jpg\" data-rel=\"lightbox-gallery-0\" data-rl_title=\"\" data-rl_caption=\"\" title=\"\"><img loading=\"lazy\" class=\"alignnone wp-image-829 size-medium\" src=\"http:\/\/amelix.de\/wp-content\/uploads\/2014\/06\/Lohr-am-Main-Fussg\u00e4ngerzone-600x397.jpg\" alt=\"Bild: Lohr am Main, Fussg\u00e4ngerzone Fahrrad Amelix\" width=\"600\" height=\"397\" srcset=\"http:\/\/amelix.de\/wp-content\/uploads\/2014\/06\/Lohr-am-Main-Fussg\u00e4ngerzone-600x397.jpg 600w, http:\/\/amelix.de\/wp-content\/uploads\/2014\/06\/Lohr-am-Main-Fussg\u00e4ngerzone.jpg 1024w\" sizes=\"(max-width: 600px) 85vw, 600px\" \/><\/a><\/p>\n<p>&nbsp;<\/p>\n<p>Auf dem Weg nach <em>Marktheidenfeld,<\/em> unserer n\u00e4chsten \u00dcbernachtungs-Stadt , stellte sich uns die Frage, was kommt wohl in die rosa Container ????<\/p>\n<p><a  href=\"http:\/\/amelix.de\/wp-content\/uploads\/2014\/06\/001_7233.jpg\" data-rel=\"lightbox-gallery-0\" data-rl_title=\"\" data-rl_caption=\"\" title=\"\"><img loading=\"lazy\" class=\"alignnone wp-image-843 size-medium\" src=\"http:\/\/amelix.de\/wp-content\/uploads\/2014\/06\/001_7233-600x397.jpg\" alt=\"Bild: Mainradweg Fahrrad rosa Container Amelix\" width=\"600\" height=\"397\" srcset=\"http:\/\/amelix.de\/wp-content\/uploads\/2014\/06\/001_7233-600x397.jpg 600w, http:\/\/amelix.de\/wp-content\/uploads\/2014\/06\/001_7233.jpg 1024w\" sizes=\"(max-width: 600px) 85vw, 600px\" \/><\/a><\/p>\n<p>&nbsp;<\/p>\n<p>Dann kam das St\u00e4dtchen\u00a0<em>Marktheidenfeld.<\/em><\/p>\n<p><a  href=\"http:\/\/amelix.de\/wp-content\/uploads\/2014\/06\/001_7243.jpg\" data-rel=\"lightbox-gallery-0\" data-rl_title=\"\" data-rl_caption=\"\" title=\"\"><img loading=\"lazy\" class=\"alignnone wp-image-837 size-medium\" src=\"http:\/\/amelix.de\/wp-content\/uploads\/2014\/06\/001_7243-583x600.jpg\" alt=\"Bild: Mainradweg Fahrrad Amelix\" width=\"583\" height=\"600\" srcset=\"http:\/\/amelix.de\/wp-content\/uploads\/2014\/06\/001_7243-583x600.jpg 583w, http:\/\/amelix.de\/wp-content\/uploads\/2014\/06\/001_7243-50x50.jpg 50w, http:\/\/amelix.de\/wp-content\/uploads\/2014\/06\/001_7243.jpg 995w\" sizes=\"(max-width: 583px) 85vw, 583px\" \/><\/a><\/p>\n<p>&nbsp;<\/p>\n<p>wo wir das erste Mal ein sehr grosses Schiff der Mainkreuzfahrt-Flotte sahen.<\/p>\n<p><a  href=\"http:\/\/amelix.de\/wp-content\/uploads\/2014\/06\/Main-Kreuzfahrtschiff-in-Marktheidenfeld.jpg\" data-rel=\"lightbox-gallery-0\" data-rl_title=\"\" data-rl_caption=\"\" title=\"\"><img loading=\"lazy\" class=\"alignnone wp-image-830 size-medium\" src=\"http:\/\/amelix.de\/wp-content\/uploads\/2014\/06\/Main-Kreuzfahrtschiff-in-Marktheidenfeld-600x397.jpg\" alt=\"Bild: Main-Kreuzfahrtschiff in Marktheidenfeld Fahrrad Amelix\" width=\"600\" height=\"397\" srcset=\"http:\/\/amelix.de\/wp-content\/uploads\/2014\/06\/Main-Kreuzfahrtschiff-in-Marktheidenfeld-600x397.jpg 600w, http:\/\/amelix.de\/wp-content\/uploads\/2014\/06\/Main-Kreuzfahrtschiff-in-Marktheidenfeld.jpg 1024w\" sizes=\"(max-width: 600px) 85vw, 600px\" \/><\/a><\/p>\n<p>&nbsp;<\/p>\n<p>Weiter ging es dann, vorbei an Burg Hombach &#8230;.<\/p>\n<p><a  href=\"http:\/\/amelix.de\/wp-content\/uploads\/2014\/06\/001_7285.jpg\" data-rel=\"lightbox-gallery-0\" data-rl_title=\"\" data-rl_caption=\"\" title=\"\"><img loading=\"lazy\" class=\"alignnone wp-image-839 size-medium\" src=\"http:\/\/amelix.de\/wp-content\/uploads\/2014\/06\/001_7285-600x341.jpg\" alt=\"Bild: Mainradweg Fahrrad Amelix\" width=\"600\" height=\"341\" srcset=\"http:\/\/amelix.de\/wp-content\/uploads\/2014\/06\/001_7285-600x341.jpg 600w, http:\/\/amelix.de\/wp-content\/uploads\/2014\/06\/001_7285-220x126.jpg 220w, http:\/\/amelix.de\/wp-content\/uploads\/2014\/06\/001_7285-460x260.jpg 460w, http:\/\/amelix.de\/wp-content\/uploads\/2014\/06\/001_7285.jpg 1024w\" sizes=\"(max-width: 600px) 85vw, 600px\" \/><\/a><\/p>\n<p>&nbsp;<\/p>\n<p>eine kleine Pause in der N\u00e4he von<em> Faulbach&#8230;<\/em><\/p>\n<p><a  href=\"http:\/\/amelix.de\/wp-content\/uploads\/2014\/06\/001_7286.jpg\" data-rel=\"lightbox-gallery-0\" data-rl_title=\"\" data-rl_caption=\"\" title=\"\"><img loading=\"lazy\" class=\"alignnone wp-image-840 size-medium\" src=\"http:\/\/amelix.de\/wp-content\/uploads\/2014\/06\/001_7286-600x397.jpg\" alt=\"Bild: Mainradweg Fahrrad Amelix\" width=\"600\" height=\"397\" srcset=\"http:\/\/amelix.de\/wp-content\/uploads\/2014\/06\/001_7286-600x397.jpg 600w, http:\/\/amelix.de\/wp-content\/uploads\/2014\/06\/001_7286.jpg 1024w\" sizes=\"(max-width: 600px) 85vw, 600px\" \/><\/a><\/p>\n<p>&nbsp;<\/p>\n<p>\u00fcber<em> Miltenberg&#8230;.<\/em><\/p>\n<p><a  href=\"http:\/\/amelix.de\/wp-content\/uploads\/2014\/06\/001_7303.jpg\" data-rel=\"lightbox-gallery-0\" data-rl_title=\"\" data-rl_caption=\"\" title=\"\"><img loading=\"lazy\" class=\"alignnone wp-image-845 size-medium\" src=\"http:\/\/amelix.de\/wp-content\/uploads\/2014\/06\/001_7303-600x397.jpg\" alt=\"Bild: Mainradweg Fahrrad Amelix\" width=\"600\" height=\"397\" srcset=\"http:\/\/amelix.de\/wp-content\/uploads\/2014\/06\/001_7303-600x397.jpg 600w, http:\/\/amelix.de\/wp-content\/uploads\/2014\/06\/001_7303.jpg 1024w\" sizes=\"(max-width: 600px) 85vw, 600px\" \/><\/a><\/p>\n<p>&nbsp;<\/p>\n<p>ging es dann nach <em>Klingenberg<\/em>, , wo gerade ein weiteres Schiff der Main-Kreuzfahrtflotte geschleust wurde,zum n\u00e4chsten \u00dcbernachtungs-Quartier.<\/p>\n<p><a  href=\"http:\/\/amelix.de\/wp-content\/uploads\/2014\/06\/001_7320.jpg\" data-rel=\"lightbox-gallery-0\" data-rl_title=\"\" data-rl_caption=\"\" title=\"\"><img loading=\"lazy\" class=\"alignnone wp-image-847 size-medium\" src=\"http:\/\/amelix.de\/wp-content\/uploads\/2014\/06\/001_7320-600x397.jpg\" alt=\"Bild: Mainradweg Fahrrad Amelix\" width=\"600\" height=\"397\" srcset=\"http:\/\/amelix.de\/wp-content\/uploads\/2014\/06\/001_7320-600x397.jpg 600w, http:\/\/amelix.de\/wp-content\/uploads\/2014\/06\/001_7320.jpg 1024w\" sizes=\"(max-width: 600px) 85vw, 600px\" \/><\/a> <a  href=\"http:\/\/amelix.de\/wp-content\/uploads\/2014\/06\/001_7318.jpg\" data-rel=\"lightbox-gallery-0\" data-rl_title=\"\" data-rl_caption=\"\" title=\"\"><img loading=\"lazy\" class=\"alignnone wp-image-848 size-medium\" src=\"http:\/\/amelix.de\/wp-content\/uploads\/2014\/06\/001_7318-600x362.jpg\" alt=\"Bild: Mainradweg Fahrrad Amelix\" width=\"600\" height=\"362\" srcset=\"http:\/\/amelix.de\/wp-content\/uploads\/2014\/06\/001_7318-600x362.jpg 600w, http:\/\/amelix.de\/wp-content\/uploads\/2014\/06\/001_7318.jpg 1024w\" sizes=\"(max-width: 600px) 85vw, 600px\" \/><\/a><\/p>\n<p>Am n\u00e4chsten Morgen fuhren wir weiter, an Schloss Johannisburg , bei Aschaffenburg, vorbei&#8230;.<\/p>\n<p><a  href=\"http:\/\/amelix.de\/wp-content\/uploads\/2014\/06\/Schloss-Johannisburg-bei-Aschaffenburg1.jpg\" data-rel=\"lightbox-gallery-0\" data-rl_title=\"\" data-rl_caption=\"\" title=\"\"><img loading=\"lazy\" class=\"alignnone wp-image-850 size-medium\" src=\"http:\/\/amelix.de\/wp-content\/uploads\/2014\/06\/Schloss-Johannisburg-bei-Aschaffenburg1-600x397.jpg\" alt=\"Bild: Schloss Johannisburg bei Aschaffenburg Fahrrad Amelix\" width=\"600\" height=\"397\" srcset=\"http:\/\/amelix.de\/wp-content\/uploads\/2014\/06\/Schloss-Johannisburg-bei-Aschaffenburg1-600x397.jpg 600w, http:\/\/amelix.de\/wp-content\/uploads\/2014\/06\/Schloss-Johannisburg-bei-Aschaffenburg1.jpg 1024w\" sizes=\"(max-width: 600px) 85vw, 600px\" \/><\/a><\/p>\n<p>&nbsp;<\/p>\n<p>am historischen <em>Steinheim<\/em> vorbei&#8230;<\/p>\n<p><a  href=\"http:\/\/amelix.de\/wp-content\/uploads\/2014\/06\/Steinheim-voraus1.jpg\" data-rel=\"lightbox-gallery-0\" data-rl_title=\"\" data-rl_caption=\"\" title=\"\"><img loading=\"lazy\" class=\"alignnone wp-image-851 size-medium\" src=\"http:\/\/amelix.de\/wp-content\/uploads\/2014\/06\/Steinheim-voraus1-600x397.jpg\" alt=\"Bild: Steinheim voraus Mainradweg Fahrrad Amelix\" width=\"600\" height=\"397\" srcset=\"http:\/\/amelix.de\/wp-content\/uploads\/2014\/06\/Steinheim-voraus1-600x397.jpg 600w, http:\/\/amelix.de\/wp-content\/uploads\/2014\/06\/Steinheim-voraus1.jpg 1024w\" sizes=\"(max-width: 600px) 85vw, 600px\" \/><\/a><\/p>\n<p><em>Offenbach<\/em> entgegen, wo wir ein letztes Mal auf dieser Tour \u00fcbernachten wollten. Nach einem sch\u00f6nen Abend \u00a0in netter Marktplatz-Atmosph\u00e4re, bei gutem Essen und Trinken,<\/p>\n<p><a  href=\"http:\/\/amelix.de\/wp-content\/uploads\/2014\/06\/001_7355.jpg\" data-rel=\"lightbox-gallery-0\" data-rl_title=\"\" data-rl_caption=\"\" title=\"\"><img loading=\"lazy\" class=\"alignnone wp-image-857 size-medium\" src=\"http:\/\/amelix.de\/wp-content\/uploads\/2014\/06\/001_7355-600x397.jpg\" alt=\"Bild: Mainradweg Fahrrad Amelix\" width=\"600\" height=\"397\" srcset=\"http:\/\/amelix.de\/wp-content\/uploads\/2014\/06\/001_7355-600x397.jpg 600w, http:\/\/amelix.de\/wp-content\/uploads\/2014\/06\/001_7355.jpg 1024w\" sizes=\"(max-width: 600px) 85vw, 600px\" \/><\/a><\/p>\n<p><a  href=\"http:\/\/amelix.de\/wp-content\/uploads\/2014\/06\/001_7359.jpg\" data-rel=\"lightbox-gallery-0\" data-rl_title=\"\" data-rl_caption=\"\" title=\"\"><img loading=\"lazy\" class=\"alignnone wp-image-854 size-medium\" src=\"http:\/\/amelix.de\/wp-content\/uploads\/2014\/06\/001_7359-600x397.jpg\" alt=\"Bild: Mainradweg Fahrrad Amelix\" width=\"600\" height=\"397\" srcset=\"http:\/\/amelix.de\/wp-content\/uploads\/2014\/06\/001_7359-600x397.jpg 600w, http:\/\/amelix.de\/wp-content\/uploads\/2014\/06\/001_7359.jpg 1024w\" sizes=\"(max-width: 600px) 85vw, 600px\" \/><\/a> <a  href=\"http:\/\/amelix.de\/wp-content\/uploads\/2014\/06\/001_7361.jpg\" data-rel=\"lightbox-gallery-0\" data-rl_title=\"\" data-rl_caption=\"\" title=\"\"><img loading=\"lazy\" class=\"alignnone wp-image-855 size-medium\" src=\"http:\/\/amelix.de\/wp-content\/uploads\/2014\/06\/001_7361-600x397.jpg\" alt=\"Bild: Mainradweg Fahrrad Amelix\" width=\"600\" height=\"397\" srcset=\"http:\/\/amelix.de\/wp-content\/uploads\/2014\/06\/001_7361-600x397.jpg 600w, http:\/\/amelix.de\/wp-content\/uploads\/2014\/06\/001_7361.jpg 1024w\" sizes=\"(max-width: 600px) 85vw, 600px\" \/><\/a> <a  href=\"http:\/\/amelix.de\/wp-content\/uploads\/2014\/06\/001_7356_2.jpg\" data-rel=\"lightbox-gallery-0\" data-rl_title=\"\" data-rl_caption=\"\" title=\"\"><img loading=\"lazy\" class=\"alignnone wp-image-856 size-medium\" src=\"http:\/\/amelix.de\/wp-content\/uploads\/2014\/06\/001_7356_2-397x600.jpg\" alt=\"Bild: Mainradweg Fahrrad Amelix\" width=\"397\" height=\"600\" srcset=\"http:\/\/amelix.de\/wp-content\/uploads\/2014\/06\/001_7356_2-397x600.jpg 397w, http:\/\/amelix.de\/wp-content\/uploads\/2014\/06\/001_7356_2.jpg 678w\" sizes=\"(max-width: 397px) 85vw, 397px\" \/><\/a><\/p>\n<p>bezogen wir dann unser Quartier, das innen wirklich prunkvoll wieder hergerichtet worden war und den Glanz fr\u00fcherer Zeiten wieder aufleben lie\u00df&#8230;<\/p>\n<p>Am letzten Tag dieser Reise fuhren wir noch an <em>Frankfurts Skyline vorbei&#8230;.<\/em><\/p>\n<p><a  href=\"http:\/\/amelix.de\/wp-content\/uploads\/2014\/06\/Skyline-von-Frankfurt-am-Main-.jpg\" data-rel=\"lightbox-gallery-0\" data-rl_title=\"\" data-rl_caption=\"\" title=\"\"><img loading=\"lazy\" class=\"alignnone wp-image-825 size-medium\" src=\"http:\/\/amelix.de\/wp-content\/uploads\/2014\/06\/Skyline-von-Frankfurt-am-Main--600x397.jpg\" alt=\"Bild: Skyline von Frankfurt am Main Fahrrad Amelix\" width=\"600\" height=\"397\" srcset=\"http:\/\/amelix.de\/wp-content\/uploads\/2014\/06\/Skyline-von-Frankfurt-am-Main--600x397.jpg 600w, http:\/\/amelix.de\/wp-content\/uploads\/2014\/06\/Skyline-von-Frankfurt-am-Main-.jpg 1024w\" sizes=\"(max-width: 600px) 85vw, 600px\" \/><\/a><\/p>\n<p>&nbsp;<\/p>\n<p>gen <em>Mainz<\/em><\/p>\n<p><a  href=\"http:\/\/amelix.de\/wp-content\/uploads\/2014\/06\/Blick-auf-Mainz2.jpg\" data-rel=\"lightbox-gallery-0\" data-rl_title=\"\" data-rl_caption=\"\" title=\"\"><img loading=\"lazy\" class=\"alignnone wp-image-862 size-medium\" src=\"http:\/\/amelix.de\/wp-content\/uploads\/2014\/06\/Blick-auf-Mainz2-600x348.jpg\" alt=\"Bild: Blick auf Mainz Fahrrad Amelix\" width=\"600\" height=\"348\" srcset=\"http:\/\/amelix.de\/wp-content\/uploads\/2014\/06\/Blick-auf-Mainz2-600x348.jpg 600w, http:\/\/amelix.de\/wp-content\/uploads\/2014\/06\/Blick-auf-Mainz2.jpg 1024w\" sizes=\"(max-width: 600px) 85vw, 600px\" \/><\/a><\/p>\n<p>Kurz vor Mainz sahen wir vom \u00a0Mainradweg aus den sehr unspektakul\u00e4ren Zusammenfluss des Mains in den Rhein<\/p>\n<p><a  href=\"http:\/\/amelix.de\/wp-content\/uploads\/2014\/06\/001_7406.jpg\" data-rel=\"lightbox-gallery-0\" data-rl_title=\"\" data-rl_caption=\"\" title=\"\"><img loading=\"lazy\" class=\"alignnone wp-image-863 size-medium\" src=\"http:\/\/amelix.de\/wp-content\/uploads\/2014\/06\/001_7406-600x397.jpg\" alt=\"Bild: Mainradweg Fahrrad Amelix\" width=\"600\" height=\"397\" srcset=\"http:\/\/amelix.de\/wp-content\/uploads\/2014\/06\/001_7406-600x397.jpg 600w, http:\/\/amelix.de\/wp-content\/uploads\/2014\/06\/001_7406.jpg 1024w\" sizes=\"(max-width: 600px) 85vw, 600px\" \/><\/a><\/p>\n<p>&nbsp;<\/p>\n<p>Vom\u00a0<em>Mainzer<\/em> Hauptbahnhof aus traten wir die R\u00fcckreise nach M\u00fcnster an.<\/p>\n<p><a  href=\"http:\/\/amelix.de\/wp-content\/uploads\/2014\/06\/001_7413.jpg\" data-rel=\"lightbox-gallery-0\" data-rl_title=\"\" data-rl_caption=\"\" title=\"\"><img loading=\"lazy\" class=\"alignnone wp-image-860 size-medium\" src=\"http:\/\/amelix.de\/wp-content\/uploads\/2014\/06\/001_7413-397x600.jpg\" alt=\"Bild: Mainradweg Fahrrad Amelix\" width=\"397\" height=\"600\" srcset=\"http:\/\/amelix.de\/wp-content\/uploads\/2014\/06\/001_7413-397x600.jpg 397w, http:\/\/amelix.de\/wp-content\/uploads\/2014\/06\/001_7413.jpg 678w\" sizes=\"(max-width: 397px) 85vw, 397px\" \/><\/a><\/p>\n","protected":false},"excerpt":{"rendered":"<p>Fahrradtour \u00a0Mainradweg \u00a0 im Juni 2014 Startort**W\u00fcrzburg** \u00a0 \u00a0 Zielort**Hauptbahnhof Mainz** \u00a0 \u00a0 \u00a0 L\u00e4nge der Gesamtstrecke** ca. 300 km** Streckenprofil laut Fahrradliteratur **leicht und keine nennenswerte Steigung **, was weitestgehend \u00a0stimmt! Es gab an einigen Stellen losen Untergrund und einige, wenige, kurze Waldst\u00fccke. Auch waren einige Br\u00fccken zu \u00fcberwinden. Auf jeden Fall ist diese &hellip; <a href=\"http:\/\/amelix.de\/?page_id=814\" class=\"more-link\"><span class=\"screen-reader-text\">\u201eFahrradtour &#8222;Mainradweg&#8220; Juni 2014\u201c<\/span> weiterlesen<\/a><\/p>\n","protected":false},"author":2,"featured_media":0,"parent":0,"menu_order":0,"comment_status":"open","ping_status":"open","template":"","meta":[],"yoast_head":"<!-- This site is optimized with the Yoast SEO plugin v19.10 - https:\/\/yoast.com\/wordpress\/plugins\/seo\/ -->\n<title>Fahrradtour Mainradweg Streckenbeschreibung Hinweise St\u00e4dte<\/title>\n<meta name=\"description\" content=\"Fahrradtour Mainradweg Streckenbeschreibung Hinweise ,St\u00e4dte ,Wegbeschreibung ,Tourenhinweise, Besonderheiten am Wege,Athmosph\u00e4re\" \/>\n<meta name=\"robots\" content=\"index, follow, max-snippet:-1, max-image-preview:large, max-video-preview:-1\" \/>\n<link rel=\"canonical\" href=\"http:\/\/amelix.de\/?page_id=814\" \/>\n<meta property=\"og:locale\" content=\"de_DE\" \/>\n<meta property=\"og:type\" content=\"article\" \/>\n<meta property=\"og:title\" content=\"Fahrradtour Mainradweg Streckenbeschreibung Hinweise St\u00e4dte\" \/>\n<meta property=\"og:description\" content=\"Fahrradtour Mainradweg Streckenbeschreibung Hinweise ,St\u00e4dte ,Wegbeschreibung ,Tourenhinweise, Besonderheiten am Wege,Athmosph\u00e4re\" \/>\n<meta property=\"og:url\" content=\"http:\/\/amelix.de\/?page_id=814\" \/>\n<meta property=\"og:site_name\" content=\"Amelix\" \/>\n<meta property=\"article:modified_time\" content=\"2019-12-09T21:42:46+00:00\" \/>\n<meta property=\"og:image\" content=\"http:\/\/amelix.de\/wp-content\/uploads\/2014\/06\/001_7195-600x356.jpg\" \/>\n<meta name=\"twitter:label1\" content=\"Gesch\u00e4tzte Lesezeit\" \/>\n\t<meta name=\"twitter:data1\" content=\"2\u00a0Minuten\" \/>\n<script type=\"application\/ld+json\" class=\"yoast-schema-graph\">{\"@context\":\"https:\/\/schema.org\",\"@graph\":[{\"@type\":\"WebPage\",\"@id\":\"http:\/\/amelix.de\/?page_id=814\",\"url\":\"http:\/\/amelix.de\/?page_id=814\",\"name\":\"Fahrradtour Mainradweg Streckenbeschreibung Hinweise St\u00e4dte\",\"isPartOf\":{\"@id\":\"http:\/\/amelix.de\/#website\"},\"datePublished\":\"2014-06-19T08:10:11+00:00\",\"dateModified\":\"2019-12-09T21:42:46+00:00\",\"description\":\"Fahrradtour Mainradweg Streckenbeschreibung Hinweise ,St\u00e4dte ,Wegbeschreibung ,Tourenhinweise, Besonderheiten am Wege,Athmosph\u00e4re\",\"breadcrumb\":{\"@id\":\"http:\/\/amelix.de\/?page_id=814#breadcrumb\"},\"inLanguage\":\"de\",\"potentialAction\":[{\"@type\":\"ReadAction\",\"target\":[\"http:\/\/amelix.de\/?page_id=814\"]}]},{\"@type\":\"BreadcrumbList\",\"@id\":\"http:\/\/amelix.de\/?page_id=814#breadcrumb\",\"itemListElement\":[{\"@type\":\"ListItem\",\"position\":1,\"name\":\"Home\",\"item\":\"http:\/\/amelix.de\/\"},{\"@type\":\"ListItem\",\"position\":2,\"name\":\"Fahrradtour &#8222;Mainradweg&#8220; Juni 2014\"}]},{\"@type\":\"WebSite\",\"@id\":\"http:\/\/amelix.de\/#website\",\"url\":\"http:\/\/amelix.de\/\",\"name\":\"Amelix\",\"description\":\"Fahrradfahr-Blog f\u00fcr Best-Ager\",\"potentialAction\":[{\"@type\":\"SearchAction\",\"target\":{\"@type\":\"EntryPoint\",\"urlTemplate\":\"http:\/\/amelix.de\/?s={search_term_string}\"},\"query-input\":\"required name=search_term_string\"}],\"inLanguage\":\"de\"}]}<\/script>\n<!-- \/ Yoast SEO plugin. -->","yoast_head_json":{"title":"Fahrradtour Mainradweg Streckenbeschreibung Hinweise St\u00e4dte","description":"Fahrradtour Mainradweg Streckenbeschreibung Hinweise ,St\u00e4dte ,Wegbeschreibung ,Tourenhinweise, Besonderheiten am Wege,Athmosph\u00e4re","robots":{"index":"index","follow":"follow","max-snippet":"max-snippet:-1","max-image-preview":"max-image-preview:large","max-video-preview":"max-video-preview:-1"},"canonical":"http:\/\/amelix.de\/?page_id=814","og_locale":"de_DE","og_type":"article","og_title":"Fahrradtour Mainradweg Streckenbeschreibung Hinweise St\u00e4dte","og_description":"Fahrradtour Mainradweg Streckenbeschreibung Hinweise ,St\u00e4dte ,Wegbeschreibung ,Tourenhinweise, Besonderheiten am Wege,Athmosph\u00e4re","og_url":"http:\/\/amelix.de\/?page_id=814","og_site_name":"Amelix","article_modified_time":"2019-12-09T21:42:46+00:00","og_image":[{"url":"http:\/\/amelix.de\/wp-content\/uploads\/2014\/06\/001_7195-600x356.jpg"}],"twitter_misc":{"Gesch\u00e4tzte Lesezeit":"2\u00a0Minuten"},"schema":{"@context":"https:\/\/schema.org","@graph":[{"@type":"WebPage","@id":"http:\/\/amelix.de\/?page_id=814","url":"http:\/\/amelix.de\/?page_id=814","name":"Fahrradtour Mainradweg Streckenbeschreibung Hinweise St\u00e4dte","isPartOf":{"@id":"http:\/\/amelix.de\/#website"},"datePublished":"2014-06-19T08:10:11+00:00","dateModified":"2019-12-09T21:42:46+00:00","description":"Fahrradtour Mainradweg Streckenbeschreibung Hinweise ,St\u00e4dte ,Wegbeschreibung ,Tourenhinweise, Besonderheiten am Wege,Athmosph\u00e4re","breadcrumb":{"@id":"http:\/\/amelix.de\/?page_id=814#breadcrumb"},"inLanguage":"de","potentialAction":[{"@type":"ReadAction","target":["http:\/\/amelix.de\/?page_id=814"]}]},{"@type":"BreadcrumbList","@id":"http:\/\/amelix.de\/?page_id=814#breadcrumb","itemListElement":[{"@type":"ListItem","position":1,"name":"Home","item":"http:\/\/amelix.de\/"},{"@type":"ListItem","position":2,"name":"Fahrradtour &#8222;Mainradweg&#8220; Juni 2014"}]},{"@type":"WebSite","@id":"http:\/\/amelix.de\/#website","url":"http:\/\/amelix.de\/","name":"Amelix","description":"Fahrradfahr-Blog f\u00fcr Best-Ager","potentialAction":[{"@type":"SearchAction","target":{"@type":"EntryPoint","urlTemplate":"http:\/\/amelix.de\/?s={search_term_string}"},"query-input":"required name=search_term_string"}],"inLanguage":"de"}]}},"_links":{"self":[{"href":"http:\/\/amelix.de\/index.php?rest_route=\/wp\/v2\/pages\/814"}],"collection":[{"href":"http:\/\/amelix.de\/index.php?rest_route=\/wp\/v2\/pages"}],"about":[{"href":"http:\/\/amelix.de\/index.php?rest_route=\/wp\/v2\/types\/page"}],"author":[{"embeddable":true,"href":"http:\/\/amelix.de\/index.php?rest_route=\/wp\/v2\/users\/2"}],"replies":[{"embeddable":true,"href":"http:\/\/amelix.de\/index.php?rest_route=%2Fwp%2Fv2%2Fcomments&post=814"}],"version-history":[{"count":21,"href":"http:\/\/amelix.de\/index.php?rest_route=\/wp\/v2\/pages\/814\/revisions"}],"predecessor-version":[{"id":1145,"href":"http:\/\/amelix.de\/index.php?rest_route=\/wp\/v2\/pages\/814\/revisions\/1145"}],"wp:attachment":[{"href":"http:\/\/amelix.de\/index.php?rest_route=%2Fwp%2Fv2%2Fmedia&parent=814"}],"curies":[{"name":"wp","href":"https:\/\/api.w.org\/{rel}","templated":true}]}}